{"id":760,"date":"2015-08-10T05:53:36","date_gmt":"2015-08-10T05:53:36","guid":{"rendered":"http:\/\/yachtcharter-connection.com.w01e47c6.kasserver.com\/yachtcharter-sardinien\/"},"modified":"2018-04-19T20:58:52","modified_gmt":"2018-04-19T18:58:52","slug":"yachtcharter-sardinien","status":"publish","type":"page","link":"https:\/\/yachtcharter-connection.com\/de\/regionen\/mittelmeer\/yachtcharter-sardinien\/","title":{"rendered":"Sardinien"},"content":{"rendered":"<h1><strong>Yachtcharter Sardinien<\/strong><\/h1>\n<p><a href=\"https:\/\/yachtcharter-connection.com\/wp-content\/uploads\/2015\/08\/Sardinia-anchorage.jpg\"><img loading=\"lazy\" class=\"alignleft wp-image-26169\" src=\"https:\/\/yachtcharter-connection.com\/wp-content\/uploads\/2015\/08\/Sardinia-anchorage.jpg\" alt=\"Yachtcharter Sardinien\" width=\"599\" height=\"400\" srcset=\"https:\/\/yachtcharter-connection.com\/wp-content\/uploads\/2015\/08\/Sardinia-anchorage.jpg 640w, https:\/\/yachtcharter-connection.com\/wp-content\/uploads\/2015\/08\/Sardinia-anchorage-300x200.jpg 300w\" sizes=\"(max-width: 599px) 100vw, 599px\" \/><\/a>Das Yachtcharter-Revier Sardinien ist mit dem Maddalena-Archipel und der Strasse von Bonifacio im Norden ein sehr beliebtes und dabei etwas anspruchsvolleres Segelrevier f\u00fcr Yachtcharter Sardinien-Crews. Besonders durch die N\u00e4he zu Korsika mit den Iles Lavezzi bieten sich den Yachtcharter Sardinien-Crews viele M\u00f6glichkeiten. Buchten mit smaragdfarbenem Wasser und fast wei\u00dfe Traumstr\u00e4nde wechseln sich im Norden und an der Ostk\u00fcste ab, faszinierend f\u00fcr Yachtcharter Sardinien-Crews. Eine Inselumrundung ist nur bedingt zu empfehlen, weil es an der Westk\u00fcste kaum H\u00e4fen oder Buchten gibt.<\/p>\n<p>Die Sarden sehen sich nicht immer unbedingt als Italiener, sie pflegen ihren eigenen Dialekt und ihre Eigenheiten. Sardinien, oft Ziel von Eroberern und Besatzern, die auch die Urw\u00e4lder abgeholzt haben, hat noch viel von seinen Urspr\u00fcngen und seiner Nat\u00fcrlichkeit bewahrt. Wer f\u00fcr den Segelt\u00f6rn in Sardinien ein bisschen Zeit hat, sollte auch das Inselinnere erkunden. Eine Bergkette mit wilder Macchia erstreckt sich im Inland, die nicht nur sehenswert ist, sondern auch Ristorantes mit phantastischer sardischer K\u00fcche versteckt\u2026mit Wildschwein und Zicklein, einheimischem Wein, w\u00fcrzigen Kr\u00e4utern\u2026<\/p>\n<p>Touristisch ist das Segelrevier Sardinien mit einer K\u00fcstenl\u00e4nge von 1800 Kilometern in einigen Gegenden gut erschlossen,\u00a0 Yachtcharter Sardinien-Crews finden eine gute Infrastruktur vor, die Insel ist aber alles andere als \u00fcberlaufen.<\/p>\n<h3><strong>Yachtcharter Sardinien &#8211; Charterst\u00fctzpunkte und Destinationen<\/strong><\/h3>\n<p>Die wichtigsten Yachtcharter Sardinien-St\u00fctzpunkte an der Costa Smeralda sind Portisco, einer der beliebtesten Yachtcharter Sardinien-Ausgangsh\u00e4fen, Cannigione, Olbia und Porto Rotondo sowie La Maddalena direkt im Maddalena-Archipel. Crews, die ihre Segelyachten an der Costa Smeralda chartern, fliegen nach Olbia. Alghero an der n\u00f6rdlichen Westk\u00fcste verf\u00fcgt \u00fcber einen eigenen Flughafen, Carloforte und Cagliari im S\u00fcden sind \u00fcber den Airport Cagliari erreichbar.<\/p>\n<p>Das Segelrevier Costa Smeralda um das von Aga Khan geschaffene touristische Zentrum bei Porto Cervo prunkt landschaftlich mit Klippen, Inseln und smaragdgr\u00fcnem Wasser &#8211; und mit noblem Ambiente, High Society, Deisgner-Shops und Luxusyachten. Allerdings ist das Preisniveau an der Smaragdk\u00fcste sehr hoch, was Yachtcharter Sardinien-Crews einkalkulieren sollten. Arbatax an der Ostk\u00fcste ist bei den Sarden selbst als Heimathafen beliebt und auch ein sch\u00f6ner Stopp f\u00fcr Yachtcharter Sardinien-Crews. Alghero, eine Stadt mit imposanter Stadtmauer und Mittelalter-Charme, ist per Flugzeug leicht erreichbar, von hier aus empfiehlt sich ein Yachtcharter-T\u00f6rn Richtung Nordosten und zum Maddalena-Archipel. Auch die S\u00fcdk\u00fcste ab Cagliari oder ab der Yachtcharter Sardinien-Basis Carloforte mit den vorgelagerten Inseln San Pietro und San Antioco ist wundersch\u00f6n und dabei vom Yachtcharter-Tourismus absolut nicht \u00fcberlaufen. Golfo di Capo Carbonara und Capo di Pula sollten beim Chartert\u00f6rn in Sardinien im S\u00fcden auf dem T\u00f6rnplan stehen.<\/p>\n<h3><strong>Yachtcharter Sardinien: Das Maddalena Archipel<\/strong><\/h3>\n<p>Das Maddalena-Archipel ist ein Muss f\u00fcr Yachtcharter Sardinien-Segler: Ein gesch\u00fctzter Geo-Meer-Park mit einer Fl\u00e4che von ca. 18.000 Hektar und einer 180 Kilometer langen K\u00fcste. Diese reicht \u00fcber das n\u00f6rdlich gelegene Atoll La Presa, die sieben Hauptinseln Maddalena, Caprera, Santo Stefano, Spargi, Budelli, Santa Maria und Razzoli bis zu den weiter s\u00fcdlich gelegenen Inseln Soffi, le Camere und Mortorio.Die interessantesten der sieben gr\u00f6\u00dferen Inseln sind Caprera und La Maddalena, die kleineren Santa Maria, Spargi, Razzoli und Budelli ebenfalls landschaftlich sehr reizvoll.<\/p>\n<h2><strong>Charteryachten Sardinien<\/strong><\/h2>\n<p>Das Angebot an Charteryachten in Sardinien ist enorm: F\u00fcr Yachtcharter Sardinien-Crews stehteine Charterflotte von Segelyachten fast aller gro\u00dfen Hersteller zur Verf\u00fcgun Au\u00dferdemund gibt es auch Charter-Motoryachten in Sardinien und nat\u00fcrlich Luxusyachten unter Segeln und Motor. Chartern Sie die beste Yacht f\u00fcr Ihren Segelurlaub auf Sardinien online oder fragen Sie uns nach Angeboten f\u00fcr Charterflotten, die nicht in unserem Yachtfinder sind \u2013 wir beraten Sie gern!<\/p>\n<h2><strong>Luxusyacht-Charter Sardinien<\/strong><\/h2>\n<p><strong><a href=\"https:\/\/yachtcharter-connection.com\/wp-content\/uploads\/2015\/08\/Porto-CervoSardinia-Porto-Cervo-6.jpg\"><img loading=\"lazy\" class=\"alignleft size-full wp-image-26173\" src=\"https:\/\/yachtcharter-connection.com\/wp-content\/uploads\/2015\/08\/Porto-CervoSardinia-Porto-Cervo-6.jpg\" alt=\"Luxusyachtcharter Sardinien\" width=\"600\" height=\"400\" srcset=\"https:\/\/yachtcharter-connection.com\/wp-content\/uploads\/2015\/08\/Porto-CervoSardinia-Porto-Cervo-6.jpg 600w, https:\/\/yachtcharter-connection.com\/wp-content\/uploads\/2015\/08\/Porto-CervoSardinia-Porto-Cervo-6-300x200.jpg 300w\" sizes=\"(max-width: 600px) 100vw, 600px\" \/><\/a>Sardinien ist ein sehr beliebtes Ziel f\u00fcr Charterurlaub an Bord von Luxusyachten, Superyachten, Motorseglern oder Segelyachten und Katamaranen mit Crew. Hier finden Sie weitere <span style=\"color: #003366;\"><a style=\"color: #003366;\" href=\"https:\/\/yachtcharter-connection.com\/de\/luxus-charteryachten\/\" target=\"_blank\">Informationen zu Luxus-Yachtcharter.<\/a><\/span> Wir freuen uns darauf, Ihren Luxus-Yachtcharter in Sardinien zu organisieren &#8211; bitte fragen Sie nach Angeboten!<\/strong><\/p>\n<table class=\"RegionsAndSubregions\" style=\"border-collapse: collapse;\" border=\"0\" cellspacing=\"0\">\n<tbody>\n<tr>\n<td>\n<div class=\"SubregionRepeaterTitle\">\n<h2>Sardinien<\/h2>\n<\/div>\n<div class=\"SmallLinks\">\n<ul>\n<li><a class=\"SmallLinks\" title=\"\" href=\"https:\/\/yachtcharter-connection.com\/sardinien-alghero\"> Sardinien \/ Alghero <\/a><\/li>\n<li><a class=\"SmallLinks\" title=\"\" href=\"https:\/\/yachtcharter-connection.com\/sardinien-arbatax\"> Sardinien \/ Arbatax <\/a><\/li>\n<li><a class=\"SmallLinks\" title=\"\" href=\"https:\/\/yachtcharter-connection.com\/sardinien-cagliari\"> Sardinien \/ Cagliari <\/a><\/li>\n<li><a class=\"SmallLinks\" title=\"\" href=\"https:\/\/yachtcharter-connection.com\/sardinien-cala-bitta\"> Sardinien \/ Cala Bitta <\/a><\/li>\n<li><a class=\"SmallLinks\" title=\"\" href=\"https:\/\/yachtcharter-connection.com\/sardinien-cannigione\"> Sardinien \/ Cannigione <\/a><\/li>\n<li><a class=\"SmallLinks\" title=\"\" href=\"https:\/\/yachtcharter-connection.com\/sardinien-carloforte\"> Sardinien \/ Carloforte <\/a><\/li>\n<li><a class=\"SmallLinks\" title=\"\" href=\"https:\/\/yachtcharter-connection.com\/sardinien-carloforte-202\"> Sardinien \/ Carloforte <\/a><\/li>\n<li><a class=\"SmallLinks\" title=\"\" href=\"https:\/\/yachtcharter-connection.com\/sardinien-castelsardo\"> Sardinien \/ Castelsardo <\/a><\/li>\n<li><a class=\"SmallLinks\" title=\"\" href=\"https:\/\/yachtcharter-connection.com\/sardinien-la-caletta\"> Sardinien \/ La Caletta <\/a><\/li>\n<li><a class=\"SmallLinks\" title=\"\" href=\"https:\/\/yachtcharter-connection.com\/sardinien-la-maddalena\"> Sardinien \/ La Maddalena <\/a><\/li>\n<li><a class=\"SmallLinks\" title=\"\" href=\"https:\/\/yachtcharter-connection.com\/sardinien-olbia\"> Sardinien \/ Olbia <\/a><\/li>\n<li><a class=\"SmallLinks\" title=\"\" href=\"https:\/\/yachtcharter-connection.com\/sardinien-palau\"> Sardinien \/ Palau <\/a><\/li>\n<li><a class=\"SmallLinks\" title=\"\" href=\"https:\/\/yachtcharter-connection.com\/sardinien-poltu-quatu\"> Sardinien \/ Poltu Quatu <\/a><\/li>\n<li><a class=\"SmallLinks\" title=\"\" href=\"https:\/\/yachtcharter-connection.com\/sardinien-portisco\"> Sardinien \/ Portisco <\/a><\/li>\n<li><a class=\"SmallLinks\" title=\"\" href=\"https:\/\/yachtcharter-connection.com\/sardinien-porto-cervo\"> Sardinien \/ Porto Cervo <\/a><\/li>\n<li><a class=\"SmallLinks\" title=\"\" href=\"https:\/\/yachtcharter-connection.com\/sardinien-porto-rotondo\"> Sardinien \/ Porto Rotondo <\/a><\/li>\n<li><a class=\"SmallLinks\" title=\"\" href=\"https:\/\/yachtcharter-connection.com\/sardinien-porto-torres\"> Sardinien \/ Porto Torres <\/a><\/li>\n<li><a class=\"SmallLinks\" title=\"\" href=\"https:\/\/yachtcharter-connection.com\/sardinien-portoscuso\"> Sardinien \/ Portoscuso <\/a><\/li>\n<li><a class=\"SmallLinks\" title=\"\" href=\"https:\/\/yachtcharter-connection.com\/sardinien-puntaldia\"> Sardinien \/ Puntaldia <\/a><\/li>\n<li><a class=\"SmallLinks\" title=\"\" href=\"https:\/\/yachtcharter-connection.com\/sardinien-quatu\"> Sardinien \/ Quatu <\/a><\/li>\n<li><a class=\"SmallLinks\" title=\"\" href=\"https:\/\/yachtcharter-connection.com\/yachtcharter-sardinien-santa-maria-navarrese\"> Sardinien \/ Santa Maria Navarrese <\/a><\/li>\n<li><a class=\"SmallLinks\" title=\"\" href=\"https:\/\/yachtcharter-connection.com\/sardinien-santa-teresa-di-gallura\"> Sardinien \/ Santa Teresa di Gallura <\/a><\/li>\n<\/ul>\n<\/div>\n<\/td>\n<\/tr>\n<\/tbody>\n<\/table>\n","protected":false},"excerpt":{"rendered":"<p>Yachtcharter Sardinien Das Yachtcharter-Revier Sardinien ist mit dem Maddalena-Archipel und der Strasse von Bonifacio im Norden ein sehr beliebtes und dabei etwas anspruchsvolleres Segelrevier f\u00fcr Yachtcharter Sardinien-Crews. Besonders durch die N\u00e4he zu Korsika mit den Iles Lavezzi bieten sich den Yachtcharter Sardinien-Crews viele M\u00f6glichkeiten. Buchten mit smaragdfarbenem Wasser und fast<\/p>\n","protected":false},"author":11,"featured_media":0,"parent":532,"menu_order":0,"comment_status":"open","ping_status":"open","template":"","meta":[],"aioseo_notices":[],"_links":{"self":[{"href":"https:\/\/yachtcharter-connection.com\/de\/wp-json\/wp\/v2\/pages\/760"}],"collection":[{"href":"https:\/\/yachtcharter-connection.com\/de\/wp-json\/wp\/v2\/pages"}],"about":[{"href":"https:\/\/yachtcharter-connection.com\/de\/wp-json\/wp\/v2\/types\/page"}],"author":[{"embeddable":true,"href":"https:\/\/yachtcharter-connection.com\/de\/wp-json\/wp\/v2\/users\/11"}],"replies":[{"embeddable":true,"href":"https:\/\/yachtcharter-connection.com\/de\/wp-json\/wp\/v2\/comments?post=760"}],"version-history":[{"count":7,"href":"https:\/\/yachtcharter-connection.com\/de\/wp-json\/wp\/v2\/pages\/760\/revisions"}],"predecessor-version":[{"id":26227,"href":"https:\/\/yachtcharter-connection.com\/de\/wp-json\/wp\/v2\/pages\/760\/revisions\/26227"}],"up":[{"embeddable":true,"href":"https:\/\/yachtcharter-connection.com\/de\/wp-json\/wp\/v2\/pages\/532"}],"wp:attachment":[{"href":"https:\/\/yachtcharter-connection.com\/de\/wp-json\/wp\/v2\/media?parent=760"}],"curies":[{"name":"wp","href":"https:\/\/api.w.org\/{rel}","templated":true}]}}