{"id":761,"date":"2015-08-10T05:53:36","date_gmt":"2015-08-10T05:53:36","guid":{"rendered":"http:\/\/yachtcharter-connection.com.w01e47c6.kasserver.com\/yachtcharter-sizilien-%c3%a4olische-inseln-kalabrien\/"},"modified":"2018-04-19T20:52:07","modified_gmt":"2018-04-19T18:52:07","slug":"yachtcharter-sizilien-aeolische-inseln-kalabrien","status":"publish","type":"page","link":"https:\/\/yachtcharter-connection.com\/de\/regionen\/mittelmeer\/yachtcharter-sizilien-aeolische-inseln-kalabrien\/","title":{"rendered":"Sizilien &#8211; \u00c4olische Inseln &#8211; Kalabrien"},"content":{"rendered":"<h1><strong>Yachtcharter Sizilien, \u00c4olische Inseln, Kalabrien<\/strong><\/h1>\n<p><a href=\"https:\/\/yachtcharter-connection.com\/wp-content\/uploads\/2015\/08\/Sicily-view-Lipari-Islands.jpg\"><img loading=\"lazy\" class=\"alignleft size-full wp-image-26215\" src=\"https:\/\/yachtcharter-connection.com\/wp-content\/uploads\/2015\/08\/Sicily-view-Lipari-Islands.jpg\" alt=\"Yacht charter Sicily - viiew aeolian islands\" width=\"550\" height=\"214\" srcset=\"https:\/\/yachtcharter-connection.com\/wp-content\/uploads\/2015\/08\/Sicily-view-Lipari-Islands.jpg 550w, https:\/\/yachtcharter-connection.com\/wp-content\/uploads\/2015\/08\/Sicily-view-Lipari-Islands-300x117.jpg 300w\" sizes=\"(max-width: 550px) 100vw, 550px\" \/><\/a>Mit ganzj\u00e4hrig mildem Klima und einzigartiger Landschaft lockt die gr\u00f6\u00dfte Mittelmeerinsel, das Yachtcharter-Revier Sizilien, Chartersegler an. Das Charter-Revier Sizilien ist f\u00fcr ewigen Fr\u00fchling bekannt, f\u00fcr guten Wein wie den Malvasier und f\u00fcr das historische Erbe der R\u00f6mer. Alle Eilande sind vulkanischen Ursprungs, kein Wunder, ist der \u00c4tna doch mit \u00fcber 3.000 Metern H\u00f6he der h\u00f6chste Vulkan Europas, au\u00dferdem auch der aktivste. Es gibt reichlich schwarze und wei\u00dfe Str\u00e4nde, viel Gr\u00fcn, abwechslungsreiche Landschaft, t\u00fcrkisfarbenes Wasser, Buchten, D\u00f6rfchen \u2013 und seit einige Jahren auch jede Menge Yachtcharter-St\u00fctzpunkte in Sizilien: unter anderem in Trapani im Nordwesten, Palermo, Portorosa, Cefalu, Marsala an der Westk\u00fcste und Milazzo an der Nordostspitze. Allgemein loben die Yachtcharter-Crews in Sizilien den zuvorkommenden, freundlichen Service der Sizilianer, die Mafia interessiert sich offenbar nicht f\u00fcr den Nautik-Tourismus.<\/p>\n<p>Yachtcharter-Crews in Sizilien, die w\u00e4hrend des T\u00f6rns auch Kultur schnuppern wollen, finden nat\u00fcrliche Highlights wie die Basaltschlucht Gola die Alcantara, barocke Altstadt und antikes Ausgrabungsgel\u00e4nde in Syracus, das Tal der Tempel bei Agrigent an der S\u00fcdk\u00fcste und die Tempelstadt Selinunte, Salinen und Windm\u00fchlen zwischen Marsala und Trapani, Prunk und Palazzi in Palermo, einem beliebten Ausgangspunkt f\u00fcr Yachtcharter Sizilien-T\u00f6rns, mittelalterliches Flair und kleine G\u00e4sschen sowie den Normannendom auf dem Burgberg in Cefalu oder h\u00e4ngende G\u00e4rten und antikes Theater in Taormina.<\/p>\n<p><strong>Yachtcharter Sizilien-St\u00fctzpunkte gibt es unter anderem in Marsala im Westen und in Trapani im \u00e4u\u00dfersten Nordwesten, in Palermo, Portorosa, Cefalu, Milazzo und Catania. Yachtcharter Kalabrien-Crews k\u00f6nnten Segelyachten direkt ab Tropea oder Vibo Valentia chartern.<\/strong><\/p>\n<p>&nbsp;<\/p>\n<h3><strong>Yachtcharter Sizilien und die Liparischen (\u00c4olischen) und Ag\u00e4dischen Inseln<\/strong><\/h3>\n<p><img loading=\"lazy\" class=\"content-image\" src=\"https:\/\/yachtcharter-connection.com\/wp-content\/uploads\/converted_files\/19089\/19089-5624b2901420c.jpg\" alt=\"Siziilien_Stromboli\" width=\"300\" height=\"225\" \/>Viele Yachtcharter-Segler erkunden von Sizilien aus die<strong> \u00c4olischen Inseln<\/strong>, auch als Liparische Inseln bekannt. Auf Stromboli mit pechschwarzem Strand gilt der lavaspuckende Vulkan gleichen Namens als Highlight. Lipari ist die gr\u00f6\u00dfte der sieben Inseln, hier sind bereits Charteryachten stationiert. Auf Vulcano riecht es nach Schwefel \u2013 im Schwefel-Schlamm, der sich in Becken sammelt, kann man sich eine kostenlose Wellness-Behandlung angedeihen lassen. Panarea gilt als exklusives Feriendomizil, Salina ist herrlich gr\u00fcn und f\u00fcr Weinanbau bekannt, vor Filicudi und Alicudi kann man ankern und dann die Inseln zu Fu\u00df \u00fcber viele Treppenstufen erwandern. Ustica, die westlicheste der Inseln, bietet Yachtcharter-Crews einen sicheren Hafen f\u00fcr ihren Yachtcharter-T\u00f6rn ab SIzilien zu den liparischen \/ \u00e4olischen Inseln.<\/p>\n<p>Die felsig-bergigen <strong>ag\u00e4dischen Inseln<\/strong> liegen westlich von Sizilien: Einen Hafen f\u00fcr Yachtcharter Sizilien-Crews gibt es nur auf der gr\u00f6\u00dften Insel Favignana, vor Levanzo und Marettimo kann man nur in einer der Buchten den Anker fallen lassen. Die Inselbewohner in den urspr\u00fcnglichen Fischerd\u00f6rfern freuen sich \u00fcber Yachtcharter-Crews aus Sizilien, die sie besuchen.<\/p>\n<h3><strong>Yachtcharter Kalabrien<\/strong><\/h3>\n<p>Noch nicht \u00fcberlaufen ist auch das s\u00fcdliche italienische Festland: Das Yachtcharter-Revier Kalabrien ist nur durch die 17 Meilen lange Stra\u00dfe von Messina von Sizilien getrennt, die auch die Grenze zwischen Ionischem und Tyrrhenischem Meer markiert. Yachtcharter-St\u00fctzpunkte in Kalabrien gibt es in Reggio Calabria, Tropea und Vibo Valentia. Fr\u00fcher gab es in Kalabrien zahlreiche griechische Siedlungen, deren Reste noch erhalten sind. W\u00e4hrend Reggio Calabria an der Spitze des Stiefels eine gro\u00dfe gesch\u00e4ftige Hafenstadt ist, die schon zu Kreuzritterzeiten eine Rolle spielte, locken Tropea und die kalabrische Regierungshauptstadt Vibo Valentia die Yachtcharter Kalabrien-Crews mit gem\u00fctlichen italienischen G\u00e4sschen, Souvenirshops, Trattorien und allem, was typischen Italien-Urlauber gef\u00e4llt.<\/p>\n<h2><strong>Charteryachten Sizilien<\/strong><\/h2>\n<p>Es gibt einige Yachtcharter-Flotten mit Segelyachten, Katamaranen, Motorbooten und Motoryachten f\u00fcr Bareboat-Charter in Sizilien, die nicht in unserem Yachtfinder gelistet sind &#8211; bitte fragen Sie nach Angeboten. Und nat\u00fcrlich schicken wir Ihnen auch gerne Angebote f\u00fcr die sch\u00f6nsten Luxus-Charteryachten mit Crew.<\/p>\n<h2><strong>Luxusyachtcharter Sizilien<\/strong><\/h2>\n<p>Sardinien ist ein sehr beliebtes Ziel f\u00fcr Charterurlaub an Bord von Luxusyachten, Superyachten, Motorseglern oder Segelyachten und Katamaranen mit Crew. Hier finden Sie weitere <span style=\"color: #003366;\"><strong><a style=\"color: #003366;\" href=\"https:\/\/yachtcharter-connection.com\/de\/luxus-charteryachten\/\" target=\"_blank\">Informationen zu Luxus-Yachtcharter<\/a><\/strong><\/span>. Wir freuen uns darauf, Ihren Luxus-Yachtcharter in Sardinien zu organisieren &#8211; bitte fragen Sie nach Angeboten!<\/p>\n<p>&nbsp;<\/p>\n<table class=\"RegionsAndSubregions\" style=\"border-collapse: collapse;\" border=\"0\" cellspacing=\"0\">\n<tbody>\n<tr>\n<td>\n<div class=\"SubregionRepeaterTitle\">\n<h2>Sizilien &#8211; \u00c4olische Inseln &#8211; Kalabrien<\/h2>\n<\/div>\n<div class=\"SmallLinks\">\n<ul>\n<li><a class=\"SmallLinks\" title=\"\" href=\"https:\/\/yachtcharter-connection.com\/lipari-104\"> Lipari <\/a><\/li>\n<li><a class=\"SmallLinks\" title=\"\" href=\"https:\/\/yachtcharter-connection.com\/malta-803\"> Malta <\/a><\/li>\n<li><a class=\"SmallLinks\" title=\"\" href=\"https:\/\/yachtcharter-connection.com\/reggio-calabria-501\"> Reggio Calabria <\/a><\/li>\n<li><a class=\"SmallLinks\" title=\"\" href=\"https:\/\/yachtcharter-connection.com\/salina-336\"> Salina <\/a><\/li>\n<li><a class=\"SmallLinks\" title=\"\" href=\"https:\/\/yachtcharter-connection.com\/sizilien-catania\"> Sizilien \/ Catania <\/a><\/li>\n<li><a class=\"SmallLinks\" title=\"\" href=\"https:\/\/yachtcharter-connection.com\/sizilien-cefalu\"> Sizilien \/ Cefalu <\/a><\/li>\n<li><a class=\"SmallLinks\" title=\"\" href=\"https:\/\/yachtcharter-connection.com\/yachtcharter-sizilien-marina-di-ragusa\"> Sizilien \/ Marina di Ragusa <\/a><\/li>\n<li><a class=\"SmallLinks\" title=\"\" href=\"https:\/\/yachtcharter-connection.com\/sizilien-marsala\"> Sizilien \/ Marsala <\/a><\/li>\n<li><a class=\"SmallLinks\" title=\"\" href=\"https:\/\/yachtcharter-connection.com\/sizilien-milazzo\"> Sizilien \/ Milazzo <\/a><\/li>\n<li><a class=\"SmallLinks\" title=\"\" href=\"https:\/\/yachtcharter-connection.com\/sizilien-palermo\"> Sizilien \/ Palermo <\/a><\/li>\n<li><a class=\"SmallLinks\" title=\"\" href=\"https:\/\/yachtcharter-connection.com\/sizilien-portorosa\"> Sizilien \/ Portorosa <\/a><\/li>\n<li><a class=\"SmallLinks\" title=\"\" href=\"https:\/\/yachtcharter-connection.com\/sizilien-riposto\"> Sizilien \/ Riposto <\/a><\/li>\n<li><a class=\"SmallLinks\" title=\"\" href=\"https:\/\/yachtcharter-connection.com\/sizilien-santagata-di-militello\"> Sizilien \/ Santagata di Militello <\/a><\/li>\n<li><a class=\"SmallLinks\" title=\"\" href=\"https:\/\/yachtcharter-connection.com\/sizilien-syracus\"> Sizilien \/ Syracus <\/a><\/li>\n<li><a class=\"SmallLinks\" title=\"\" href=\"https:\/\/yachtcharter-connection.com\/sizilien-taormina\"> Sizilien \/ Taormina <\/a><\/li>\n<li><a class=\"SmallLinks\" title=\"\" href=\"https:\/\/yachtcharter-connection.com\/yachtcharter-sizilien-terrasini\"> Sizilien \/ Terrasini <\/a><\/li>\n<li><a class=\"SmallLinks\" title=\"\" href=\"https:\/\/yachtcharter-connection.com\/sizilien-trapani\"> Sizilien \/ Trapani <\/a><\/li>\n<li><a class=\"SmallLinks\" title=\"\" href=\"https:\/\/yachtcharter-connection.com\/tropea-453\"> Tropea <\/a><\/li>\n<li><a class=\"SmallLinks\" title=\"\" href=\"https:\/\/yachtcharter-connection.com\/vibo-valentia-536\"> Vibo Valentia <\/a><\/li>\n<\/ul>\n<\/div>\n<\/td>\n<\/tr>\n<\/tbody>\n<\/table>\n","protected":false},"excerpt":{"rendered":"<p>Yachtcharter Sizilien, \u00c4olische Inseln, Kalabrien Mit ganzj\u00e4hrig mildem Klima und einzigartiger Landschaft lockt die gr\u00f6\u00dfte Mittelmeerinsel, das Yachtcharter-Revier Sizilien, Chartersegler an. Das Charter-Revier Sizilien ist f\u00fcr ewigen Fr\u00fchling bekannt, f\u00fcr guten Wein wie den Malvasier und f\u00fcr das historische Erbe der R\u00f6mer. Alle Eilande sind vulkanischen Ursprungs, kein Wunder, ist<\/p>\n","protected":false},"author":11,"featured_media":0,"parent":532,"menu_order":0,"comment_status":"open","ping_status":"open","template":"","meta":[],"aioseo_notices":[],"_links":{"self":[{"href":"https:\/\/yachtcharter-connection.com\/de\/wp-json\/wp\/v2\/pages\/761"}],"collection":[{"href":"https:\/\/yachtcharter-connection.com\/de\/wp-json\/wp\/v2\/pages"}],"about":[{"href":"https:\/\/yachtcharter-connection.com\/de\/wp-json\/wp\/v2\/types\/page"}],"author":[{"embeddable":true,"href":"https:\/\/yachtcharter-connection.com\/de\/wp-json\/wp\/v2\/users\/11"}],"replies":[{"embeddable":true,"href":"https:\/\/yachtcharter-connection.com\/de\/wp-json\/wp\/v2\/comments?post=761"}],"version-history":[{"count":4,"href":"https:\/\/yachtcharter-connection.com\/de\/wp-json\/wp\/v2\/pages\/761\/revisions"}],"predecessor-version":[{"id":26222,"href":"https:\/\/yachtcharter-connection.com\/de\/wp-json\/wp\/v2\/pages\/761\/revisions\/26222"}],"up":[{"embeddable":true,"href":"https:\/\/yachtcharter-connection.com\/de\/wp-json\/wp\/v2\/pages\/532"}],"wp:attachment":[{"href":"https:\/\/yachtcharter-connection.com\/de\/wp-json\/wp\/v2\/media?parent=761"}],"curies":[{"name":"wp","href":"https:\/\/api.w.org\/{rel}","templated":true}]}}