{"id":762,"date":"2015-08-10T05:53:36","date_gmt":"2015-08-10T03:53:36","guid":{"rendered":"http:\/\/yachtcharter-connection.com.w01e47c6.kasserver.com\/yachtcharter-balearen-mallorca-menorca-ibiza\/"},"modified":"2025-10-10T10:11:28","modified_gmt":"2025-10-10T08:11:28","slug":"yachtcharter-balearen-mallorca-menorca-ibiza","status":"publish","type":"page","link":"https:\/\/yachtcharter-connection.com\/de\/regionen\/mittelmeer\/yachtcharter-balearen-mallorca-menorca-ibiza\/","title":{"rendered":"Balearen (Mallorca &#8211; Menorca &#8211; Ibiza)"},"content":{"rendered":"<h1><strong>Yachtcharter Balearen (Mallorca &#8211; Menorca &#8211; Ibiza)<\/strong><\/h1>\n<p style=\"text-align: center;\">\n<span style=\"color: #ff0000;\">Hinweis: Bitte etwas Geduld, die Ladezeit der Charterangebote dauern evtl. einen kleinen Moment.<\/span><br \/>\n<iframe loading=\"lazy\" width=\"100%\" height=\"1000\" frameborder=\"0\" scrolling=\"auto\" src=\"https:\/\/www.booking-manager.com\/wbm2\/page.html?companyid=662&amp;setlang=de&amp;bm_view=SearchResult&amp;filter_flexibility=in_year&amp;sortBy=11&amp;sortDirection=-1&amp;filter_region=13&amp;filter_country=ES\"><\/iframe><\/p>\n<p>&nbsp;<\/p>\n<p><a href=\"https:\/\/yachtcharter-connection.com\/wp-content\/uploads\/2015\/08\/Balearics-Mallorca-baywh-600.jpg\"><img loading=\"lazy\" class=\"alignleft size-full wp-image-24692\" src=\"https:\/\/yachtcharter-connection.com\/wp-content\/uploads\/2015\/08\/Balearics-Mallorca-baywh-600.jpg\" alt=\"Yachtcharter Balearic Islands\" width=\"600\" height=\"398\" srcset=\"https:\/\/yachtcharter-connection.com\/wp-content\/uploads\/2015\/08\/Balearics-Mallorca-baywh-600.jpg 600w, https:\/\/yachtcharter-connection.com\/wp-content\/uploads\/2015\/08\/Balearics-Mallorca-baywh-600-300x199.jpg 300w\" sizes=\"(max-width: 600px) 100vw, 600px\" \/><\/a>Die Balearen sind das beliebteste Yachtcharter-Revier Spaniens: 61 H\u00e4fen mit rund 20.000 Liegepl\u00e4tzen gibt es auf den Balearen, \u00fcber 70 Yachtcharter Balearen-St\u00fctzpunkte bieten Segel- und Motoryachten fast aller Hersteller und Gr\u00f6\u00dfen an. Die neuesten Yacht-Typen kommen oft zuerst hier auf den in den Yachtcharter Balearen-Einsatz. Die Baleareninseln<strong><a href=\"https:\/\/yachtcharter-connection.com\/de\/mallorca\/\" target=\"_blank\" rel=\"noopener\"> Mallorca<\/a>, <a href=\"https:\/\/yachtcharter-connection.com\/de\/menorca\/\"><u>Menorca<\/u><\/a>,\u00a0 <a href=\"https:\/\/yachtcharter-connection.com\/de\/ibiza-1\/\" target=\"_blank\" rel=\"noopener\">Ibiza und Formentera<\/a> <\/strong>haben sehr unterschiedliche Gesichter. Zusammen bieten die gro\u00dfen Baleareninseln fast 1000 Kilometer h\u00f6chst abwechslungsreiche K\u00fcstenlinie, dazu locken weitere Inseln wie Dragonera oder das Cabrera-Archipel als Yachtcharter Balearen-Tages- bzw. T\u00f6rnziele.<\/p>\n<p>Generell werden auf den Balearen Ankerverbote zugunsten des Schutzes der Seegraswiesen (Posidonia) ausgeweitet, daf\u00fcr aber gro\u00dfe Bojenfelder f\u00fcr den Yachtcharter-Sektor geschaffen. Das Klima ist gem\u00e4\u00dfigt subtropisch, die Segelsaison dauert fast das ganze Jahr, aber f\u00fcr Yachtcharter Balearen-Tourismus sind im wesentlichen die Monate April bis November relevant. Wer gerne Inseln umrundet: Wegen der vorherrschenden Windrichtungen wird \u201eRound Mallorca\u201c gegen den Uhrzeigersinn empfohlen, Menorca rundet sich umgekehrt leichter im Uhrzeigersinn.<\/p>\n<h4><\/h4>\n<h3><strong>Yachtcharter Balearen &#8211; Mallorca, Menorca, Ibiza &amp; Formentera<\/strong><\/h3>\n<p><strong>Yachtcharter Mallorca: <\/strong>F\u00fcr seine gute Mischung aus Buchten, wei\u00dfem Sandstrand, Marinas, abwechslungsreichen und h\u00f6chst unterschiedlichen Landschaften, kulinarische Gen\u00fcsse und Kultur ist Mallorca bekannt \u2013 und f\u00fcr seine lebhafte Yachting-Szene, die weit \u00fcber den Yachtcharter-Bereich hinausgeht und l\u00e4ngst Yacht-Eigner aus aller Welt angelockt hat. Oft ist die Bucht von Palma Schauplatz hochklassiger Regatten von Weltruf. Ausgangspunkt f\u00fcr die meisten Yachtcharter Balearen-T\u00f6rns ist die Hauptstadt <strong><a href=\"https:\/\/yachtcharter-connection.com\/de\/regionen\/mittelmeer\/yachtcharter-balearen-mallorca-menorca-ibiza\/mallorca-palma-de-mallorca-404\/\" target=\"_blank\" rel=\"noopener\">Palma mit dem gr\u00f6\u00dften Angebot an Charteryachten in Mallorca <\/a><\/strong>und zahlreichen einzelnen Marinas. Die &#8220;Ciutat&#8221;, wie die Mallorquiner Palma nennen, l\u00e4dt vor und nach dem T\u00f6rn auch zum ausgiebigen Bummeln in der Altstadt, zum Besuch der Kathedrale und weiterer Sehensw\u00fcrdigkeiten und zum Shopping und Nightlife ein.<\/p>\n<p><img class=\"content-image\" style=\"width: 300px; height: 400px;\" src=\"https:\/\/yachtcharter-connection.com\/wp-content\/uploads\/converted_files\/19092\/19092-5624b2a8aac3c.jpg\" alt=\"Yacht_charters_Mallorca-Bay_of_Palmak_(1).jpg\" \/>Weitere Yachtcharter Mallora-St\u00fctzpunkte, die \u00fcberwiegend Segelyachten anbieten, gibt es in <a href=\"https:\/\/yachtcharter-connection.com\/de\/regionen\/mittelmeer\/yachtcharter-balearen-mallorca-menorca-ibiza\/mallorca-ca-n-pastilla-2\/\">C&#8217;an Pastilla,<\/a> einem Vorort von Palma am Nordende der langen Playa de Palma, in den gro\u00dften Buchten im Norden der Insel in <a href=\"https:\/\/yachtcharter-connection.com\/de\/regionen\/mittelmeer\/yachtcharter-balearen-mallorca-menorca-ibiza\/mallorca-puerto-pollensa-455\/\" target=\"_blank\" rel=\"noopener\">Puerto de Pollensa<\/a> und <a href=\"https:\/\/yachtcharter-connection.com\/de\/regionen\/mittelmeer\/yachtcharter-balearen-mallorca-menorca-ibiza\/mallorca-puerto-de-alcudia-719\/\">Puerto de Alc\u00fadia<\/a>, im Osten in <a href=\"https:\/\/yachtcharter-connection.com\/de\/regionen\/mittelmeer\/yachtcharter-balearen-mallorca-menorca-ibiza\/mallorca-portocolom-497\/\">Portocolom<\/a>, in einer malerischen Bucht, auch Bahia Azul genannt, und in <a href=\"https:\/\/yachtcharter-connection.com\/de\/regionen\/mittelmeer\/yachtcharter-balearen-mallorca-menorca-ibiza\/mallorca-cala-d-or-155\/\">Cala d&#8217;Or<\/a>. Motoryachten und Luxusyachten mit Crew auf Mallorca sind auch im S\u00fcdwesten zu finden, im Nobelhafen <a href=\"https:\/\/yachtcharter-connection.com\/de\/regionen\/mittelmeer\/yachtcharter-balearen-mallorca-menorca-ibiza\/mallorca-puerto-portals-527\/\">Puerto Portals<\/a> oder im extra f\u00fcr Superyachten erweiterten <a href=\"https:\/\/yachtcharter-connection.com\/de\/regionen\/mittelmeer\/yachtcharter-balearen-mallorca-menorca-ibiza\/mallorca-puerto-adriano-835\/\">Port Adriano<\/a>.<\/p>\n<p>Bei Yachtcharter Mallorca-Crews beliebt f\u00fcr einen \u00dcbernachtungs-Stopp sind die H\u00e4fen Sa Rapita im S\u00fcden, Porto Petro, Porto Cristo (in der N\u00e4he locken die Drachenh\u00f6hlen Cuevas del Drach zu einem Ausflug) und Cala Ratjada (mit Partylife) an der Ostk\u00fcste sowie der malerische Port Soller im Westen und Santa Ponsa im S\u00fcdwesten &#8211; f\u00fcr Tages- bzw. Ankerstopps sind neben zahlreichen malerischen Buchten an der Ost- und S\u00fcdostk\u00fcste die Buchten von Portals Vells oder Palmanova in der Bucht von Palma und Sant Elm vor der Insel Dragonera. Highlight vieler Yachtcharter-Mallorca T\u00f6rns: eine \u00dcbernachtung im zum Nationalpark erkl\u00e4rten Cabrera-Archipel im S\u00fcden Mallorcas.<\/p>\n<p><strong>Yachtcharter Menorca:<\/strong> Yachtcharter Balearen-Crews, die Ruhe in mehr oder weniger einsamen Buchten suchen, segeln zur etwas raueren Schwesterinsel nach Menorca oder \u00fcbernehmen ihre Charteryacht auf Menorca gleich in <a href=\"https:\/\/yachtcharter-connection.com\/de\/regionen\/mittelmeer\/yachtcharter-balearen-mallorca-menorca-ibiza\/menorca-mahon-655\/\">Mao (Mah\u00f3n)<\/a>. Neben sch\u00f6nen Buchten und urspr\u00fcnglicher Landschaft sind f\u00fcr Yachtcharter Menorca-Crews vor allem die H\u00e4fen und St\u00e4dte Mah\u00f3n und Ciutadella interessant.<\/p>\n<p><strong>Yachtcharter Ibiza &amp; Formentera:<\/strong> Ibiza gilt als die Partyinsel schlechthin und zeigt mit ihrer ibizenkischen Architektur mit den wei\u00dfen H\u00e4usern auch schon die N\u00e4he zu Afrika. Die Musik spielt \u00fcberwiegend in Ibiza-Stadt. Dar\u00fcber hinaus bietet die Insel Yachtcharter Ibiza-Crew viele wundersch\u00f6ne Buchten, Str\u00e4nde und malerische kleinere Orte. Charteryachten stehen in mehreren <a href=\"https:\/\/yachtcharter-connection.com\/de\/regionen\/mittelmeer\/yachtcharter-balearen-mallorca-menorca-ibiza\/ibiza-eivissa-883\/\">Marinas in Ibiza Stadt\/ Eivissa <\/a>zur Verf\u00fcgung (Ibiza Magna, Ibiza Nueva, Marina Botafoch) sowie in <a href=\"https:\/\/yachtcharter-connection.com\/de\/regionen\/mittelmeer\/yachtcharter-balearen-mallorca-menorca-ibiza\/ibiza-san-antonio-329\/\">Port San Antonio<\/a> &#8211; mit dem besten Angebot an Segelyachten in Ibiza &#8211; sowie in <a href=\"https:\/\/yachtcharter-connection.com\/de\/regionen\/mittelmeer\/yachtcharter-balearen-mallorca-menorca-ibiza\/ibiza-st-eularia-120\/\">Santa Eulalia<\/a>.<\/p>\n<p>Die flache Insel Formentera lockt Yachtcharter Ibiza-Crews mit ihrer D\u00fcnenlandschaft &#8211; es gibt nur einen Hafen, aber auch einige traumhafte Ankerbuchten und Str\u00e4nde, die ihr den Beinamen Karibik des Mittelmeers eingebracht haben. Zwischen Ibiza und Formentera \u2013 als Inselgruppe auch Pitiusen genannt &#8211; liegt Espalmador \u2013 die gro\u00dfe Bucht Puerto de Espalmador ist beliebter Ankerplatz vieler Yachtcharter Balearen-Crews, Segler und Motoryachtfahrer. Eine kleine Charterbasis gibt es auch in der Marina von Formentera.<\/p>\n<h4><b>Yachtcharter Balearen &#8211; ausf\u00fchrliche Beschreibungen der Inseln finden Sie hier:<br \/>\n<\/b><\/h4>\n<p><strong> <a href=\"https:\/\/yachtcharter-connection.com\/de\/mallorca\/\" target=\"_blank\" rel=\"noopener\"><u>&#8211; Yachtcharter Mallorca<\/u><\/a><\/strong><br \/>\n<strong> <a href=\"https:\/\/yachtcharter-connection.com\/de\/menorca\/\" target=\"_blank\" rel=\"noopener\"><u>&#8211; Yachtcharter Menorca<\/u><\/a><\/strong><br \/>\n<strong> <a href=\"https:\/\/yachtcharter-connection.com\/de\/ibiza-1\/\" target=\"_blank\" rel=\"noopener\"><u>&#8211; Yachtcharter Ibiza und Formentera<\/u><\/a><\/strong><\/p>\n<h4><b><br \/>\n<img class=\"content-image aligncenter\" style=\"width: 300px; height: 225px;\" src=\"https:\/\/yachtcharter-connection.com\/wp-content\/uploads\/converted_files\/19092\/19092-5624b2c2c3ed0.jpg\" alt=\"Charteryachts-Mallorcak.jpg\" \/><\/b><\/h4>\n<h2><strong>Charteryachten Balearen: <\/strong><\/h2>\n<p><strong>Auf Mallorca. Ibiza und Menorca k\u00f6nnen wir Ihnen \u00fcber das Yachtcharter-Angebot im Yachtfinder hinaus weitere Segelyachten und Segelkatamarane sowie eine Reihe von <span style=\"color: #0000ff;\"><a style=\"color: #0000ff;\" href=\"https:\/\/yachtcharter-connection.com\/de\/luxusyachten-mallorca-ibiza-balearen\/\" target=\"_blank\" rel=\"noopener\">attraktiven Motoryachten und Luxusyachten mit Crew<\/a><\/span> anbieten.<\/strong><\/p>\n<p><strong>F\u00fcr <span style=\"color: #0000ff;\"><a style=\"color: #0000ff;\" href=\"https:\/\/yachtcharter-connection.com\/de\/segel-events-mallorca-ibiza\/\" target=\"_blank\" rel=\"noopener\">Segel-Events und Incentives auf Mallorca und Gruppen<\/a><\/span> stehen gr\u00f6\u00dfere Segler und Ausflugskatamarane zur Verf\u00fcgung \u2013 fragen Sie uns!<\/strong><\/p>\n<p>&nbsp;<\/p>\n<h3><strong>Yachtcharter Balearen &#8211; Routevorschl\u00e4ge:<\/strong><\/h3>\n<p>Hier finden Sie T\u00f6rnvorschl\u00e4ge f\u00fcr 5 verschiedene Routen ab Palma de Mallorca: <a href=\"https:\/\/yachtcharter-connection.com\/wp-content\/uploads\/2015\/08\/Mallorca-5-Itineraries.pdf\" target=\"_blank\" rel=\"noopener\">Mallorca-5-Routenvorschl\u00e4ge<\/a> .<br \/>\nF\u00fcr einen Start Ihrer Yachtcharter-Cruise ab anderen H\u00e4fen wie Puerto Pollensa, Portocolom, Puerto de Arenal, Menorca \/ Mah\u00f3n, Ibiza town oder Ibiza San Antonio k\u00f6nnen Sie sie leicht adaptieren. Oder fragen Sie uns nach weiteren Vorschl\u00e4gen.<\/p>\n<table class=\"RegionsAndSubregions\" style=\"border-collapse: collapse;\" border=\"0\" cellspacing=\"0\">\n<tbody>\n<tr>\n<td>\n<div class=\"SubregionRepeaterTitle\">\n<h2>Balearen (Mallorca &#8211; Menorca &#8211; Ibiza)<\/h2>\n<\/div>\n<div class=\"SmallLinks\">\n<ul>\n<li><a class=\"SmallLinks\" title=\"\" href=\"https:\/\/yachtcharter-connection.com\/de\/cala-d-or-795\"> Cala D&#8217; Or <\/a><\/li>\n<li><a class=\"SmallLinks\" title=\"\" href=\"https:\/\/yachtcharter-connection.com\/de\/ibiza-eivissa-883\"> Ibiza \/ Eivissa <\/a><\/li>\n<li><a class=\"SmallLinks\" title=\"\" href=\"https:\/\/yachtcharter-connection.com\/de\/ibiza-san-antonio-329\"> Ibiza \/ San Antonio <\/a><\/li>\n<li><a class=\"SmallLinks\" title=\"\" href=\"https:\/\/yachtcharter-connection.com\/de\/ibiza-st-eularia-120\"> Ibiza \/ St. Eularia <\/a><\/li>\n<li><a class=\"SmallLinks\" title=\"\" href=\"https:\/\/yachtcharter-connection.com\/de\/mallorca-cala-d-or-155\"> Mallorca \/ Cala d&#8217; Or <\/a><\/li>\n<li><a class=\"SmallLinks\" title=\"\" href=\"https:\/\/yachtcharter-connection.com\/de\/mallorca-ca-n-pastilla-2\"> Mallorca \/ Ca\u2019 n Pastilla <\/a><\/li>\n<li><a class=\"SmallLinks\" title=\"\" href=\"https:\/\/yachtcharter-connection.com\/de\/mallorca-el-arenal-974\"> Mallorca \/ El Arenal <\/a><\/li>\n<li><a class=\"SmallLinks\" title=\"\" href=\"https:\/\/yachtcharter-connection.com\/de\/mallorca-palma-de-mallorca-404\"> Mallorca \/ Palma de Mallorca <\/a><\/li>\n<li><a class=\"SmallLinks\" title=\"\" href=\"https:\/\/yachtcharter-connection.com\/de\/mallorca-port-d-andratx-972\"> Mallorca \/ Port d&#8217; Andratx <\/a><\/li>\n<li><a class=\"SmallLinks\" title=\"\" href=\"https:\/\/yachtcharter-connection.com\/de\/mallorca-porto-cristo-164\"> Mallorca \/ Porto Cristo <\/a><\/li>\n<li><a class=\"SmallLinks\" title=\"\" href=\"https:\/\/yachtcharter-connection.com\/de\/mallorca-porto-petro-507\"> Mallorca \/ Porto Petro <\/a><\/li>\n<li><a class=\"SmallLinks\" title=\"\" href=\"https:\/\/yachtcharter-connection.com\/de\/mallorca-portocolom-497\"> Mallorca \/ Portocolom <\/a><\/li>\n<li><a class=\"SmallLinks\" title=\"\" href=\"https:\/\/yachtcharter-connection.com\/de\/mallorca-puerto-adriano-835\"> Mallorca \/ Puerto Adriano <\/a><\/li>\n<li><a class=\"SmallLinks\" title=\"\" href=\"https:\/\/yachtcharter-connection.com\/de\/mallorca-puerto-de-alcudia-719\"> Mallorca \/ Puerto de Alc\u00fadia <\/a><\/li>\n<li><a class=\"SmallLinks\" title=\"\" href=\"https:\/\/yachtcharter-connection.com\/de\/mallorca-puerto-pollensa-455\"> Mallorca \/ Puerto Pollensa <\/a><\/li>\n<li><a class=\"SmallLinks\" title=\"\" href=\"https:\/\/yachtcharter-connection.com\/de\/mallorca-puerto-portals-527\"> Mallorca \/ Puerto Portals <\/a><\/li>\n<li><a class=\"SmallLinks\" title=\"\" href=\"https:\/\/yachtcharter-connection.com\/de\/yachtcharter-mallorca-sestanyol-de-migjorn\"> Mallorca \/ S\u2019Estanyol de Migjorn <\/a><\/li>\n<li><a class=\"SmallLinks\" title=\"\" href=\"https:\/\/yachtcharter-connection.com\/de\/yachtcharter-menorca-ciutadella\"> Menorca \/ Ciutadella <\/a><\/li>\n<li><a class=\"SmallLinks\" title=\"\" href=\"https:\/\/yachtcharter-connection.com\/de\/menorca-mahon-655\"> Menorca \/ Mah\u00f3n <\/a><\/li>\n<\/ul>\n<\/div>\n<\/td>\n<\/tr>\n<\/tbody>\n<\/table>\n","protected":false},"excerpt":{"rendered":"<p>Yachtcharter Balearen (Mallorca &#8211; Menorca &#8211; Ibiza) Hinweis: Bitte etwas Geduld, die Ladezeit der Charterangebote dauern evtl. einen kleinen Moment. &nbsp; Die Balearen sind das beliebteste Yachtcharter-Revier Spaniens: 61 H\u00e4fen mit rund 20.000 Liegepl\u00e4tzen gibt es auf den Balearen, \u00fcber 70 Yachtcharter Balearen-St\u00fctzpunkte bieten Segel- und Motoryachten fast aller Hersteller<\/p>\n","protected":false},"author":11,"featured_media":0,"parent":532,"menu_order":0,"comment_status":"open","ping_status":"closed","template":"","meta":[],"aioseo_notices":[],"_links":{"self":[{"href":"https:\/\/yachtcharter-connection.com\/de\/wp-json\/wp\/v2\/pages\/762"}],"collection":[{"href":"https:\/\/yachtcharter-connection.com\/de\/wp-json\/wp\/v2\/pages"}],"about":[{"href":"https:\/\/yachtcharter-connection.com\/de\/wp-json\/wp\/v2\/types\/page"}],"author":[{"embeddable":true,"href":"https:\/\/yachtcharter-connection.com\/de\/wp-json\/wp\/v2\/users\/11"}],"replies":[{"embeddable":true,"href":"https:\/\/yachtcharter-connection.com\/de\/wp-json\/wp\/v2\/comments?post=762"}],"version-history":[{"count":23,"href":"https:\/\/yachtcharter-connection.com\/de\/wp-json\/wp\/v2\/pages\/762\/revisions"}],"predecessor-version":[{"id":31405,"href":"https:\/\/yachtcharter-connection.com\/de\/wp-json\/wp\/v2\/pages\/762\/revisions\/31405"}],"up":[{"embeddable":true,"href":"https:\/\/yachtcharter-connection.com\/de\/wp-json\/wp\/v2\/pages\/532"}],"wp:attachment":[{"href":"https:\/\/yachtcharter-connection.com\/de\/wp-json\/wp\/v2\/media?parent=762"}],"curies":[{"name":"wp","href":"https:\/\/api.w.org\/{rel}","templated":true}]}}