{"id":763,"date":"2015-08-10T05:53:36","date_gmt":"2015-08-10T05:53:36","guid":{"rendered":"http:\/\/yachtcharter-connection.com.w01e47c6.kasserver.com\/yachtcharter-%c3%a4g%c3%a4is-dodekanes\/"},"modified":"2017-10-15T11:23:25","modified_gmt":"2017-10-15T09:23:25","slug":"yachtcharter-aegaeis-dodekanes","status":"publish","type":"page","link":"https:\/\/yachtcharter-connection.com\/de\/regionen\/mittelmeer\/yachtcharter-aegaeis-dodekanes\/","title":{"rendered":"\u00c4g\u00e4is \/ Dodekanes"},"content":{"rendered":"<h3>Yachtcharter Griechenland &ndash; Dodekanes<\/h3>\n<p>\n<img loading=\"lazy\" class=\"content-image\"  height=\"225\" width=\"300\" src=\"https:\/\/yachtcharter-connection.com\/wp-content\/uploads\/converted_files\/19095\/19095-5624b2c4d6d0d.jpg\" alt=\"Segelrevier_Griechenland_Dodekanes_Symi\" \/>Auf den zw\u00f6lf Inseln des Dodekanes, unweit der T\u00fcrkei im \u00f6stlichen Teil des griechischen Meeres, f\u00fchlen sich anspruchsvolle Segler wohl &ndash; Anf\u00e4nger sollten eher au\u00dferhalb der Starkwindsaison, die von Juli bis September dauert, chartern. Yachtcharter-St\u00fctzpunkte gibt es auf Kos in der modernen, bestens ausgestatteten Kos Island Marina, Samos im n\u00f6rdlichen und Rhodos im s\u00fcdlichen Teil des Dodekanes. <\/p>\n<p>Au\u00dfer dem Dodekanes selbst &ndash; neben Kos, Rhodos und Samos (das offiziell noch zu den s\u00fcdlichen Sporaden z\u00e4hlt) geh\u00f6ren Symi, Karpathos, Kalymnos, Patmos, Leros, Tilos, Astypalea, Nisyros, Kassos und Halkos dazu &ndash; steht den Charter-Crews auch der Weg in die T\u00fcrkei offen: Was fr\u00fcher nur mit erheblichen Schwierigkeiten m\u00f6glich war, der T\u00f6rn von Griechenland an die t\u00fcrkische K\u00fcste, etwa nach Bodrum, Marmaris oder in den G\u00f6kova-Golf, ist jetzt deutlich einfacher geworden.<\/p>\n<p>Genug zu bieten haben aber auch die griechischen Inseln im Dodekanes selbst: Symi mit seinem langgestreckten Naturhafen und der Kulisse des St\u00e4dtchens beim Einlaufen ist ein Muss, die Heimat des &bdquo;Koloss von Rhodos&ldquo; hat auch ohne dieses Weltwunder jede Menge Historie zu bieten, Kos verf\u00fcgt \u00fcber quirlige H\u00e4fen und lange Str\u00e4nde&hellip;in diesem Revier kommt jeder auf seine Kosten, egal, ob er eher Ruhe in einsamen Buchten oder turbulentes Urlaubs-Highlife sucht.<\/p>\n<table  class=\"RegionsAndSubregions\" cellspacing=\"0\" border=\"0\" style=\"border-collapse:collapse;\">\n<tbody>\n<tr>\n<td>\n<div class=\"SubregionRepeaterTitle\">\n<h2> \u00c4g\u00e4is \/ Dodekanes <\/h2>\n<\/div>\n<div class=\"SmallLinks\">\n<ul>\n<li><a class=\"SmallLinks\" href=\"https:\/\/yachtcharter-connection.com\/chios-422\" title=\"\"> Chios <\/a><\/li>\n<li><a class=\"SmallLinks\" href=\"https:\/\/yachtcharter-connection.com\/kalymnos-646\" title=\"\"> Kalymnos <\/a><\/li>\n<li><a class=\"SmallLinks\" href=\"https:\/\/yachtcharter-connection.com\/kos-867\" title=\"\"> Kos <\/a><\/li>\n<li><a class=\"SmallLinks\" href=\"https:\/\/yachtcharter-connection.com\/yachtcharter-kos-kardamaina-village\" title=\"\"> Kos \/ Kardamaina Village <\/a><\/li>\n<li><a class=\"SmallLinks\" href=\"https:\/\/yachtcharter-connection.com\/rhodos-974\" title=\"\"> Rhodos <\/a><\/li>\n<li><a class=\"SmallLinks\" href=\"https:\/\/yachtcharter-connection.com\/samos-957\" title=\"\"> Samos <\/a><\/li>\n<\/ul>\n<\/div>\n<\/td>\n<\/tr>\n<\/tbody>\n<\/table>\n","protected":false},"excerpt":{"rendered":"<p>Yachtcharter Griechenland &ndash; Dodekanes Auf den zw\u00f6lf Inseln des Dodekanes, unweit der T\u00fcrkei im \u00f6stlichen Teil des griechischen Meeres, f\u00fchlen sich anspruchsvolle Segler wohl &ndash; Anf\u00e4nger sollten eher au\u00dferhalb der Starkwindsaison, die von Juli bis September dauert, chartern. Yachtcharter-St\u00fctzpunkte gibt es auf Kos in der modernen, bestens ausgestatteten Kos Island<\/p>\n","protected":false},"author":11,"featured_media":0,"parent":532,"menu_order":0,"comment_status":"open","ping_status":"open","template":"","meta":[],"aioseo_notices":[],"_links":{"self":[{"href":"https:\/\/yachtcharter-connection.com\/de\/wp-json\/wp\/v2\/pages\/763"}],"collection":[{"href":"https:\/\/yachtcharter-connection.com\/de\/wp-json\/wp\/v2\/pages"}],"about":[{"href":"https:\/\/yachtcharter-connection.com\/de\/wp-json\/wp\/v2\/types\/page"}],"author":[{"embeddable":true,"href":"https:\/\/yachtcharter-connection.com\/de\/wp-json\/wp\/v2\/users\/11"}],"replies":[{"embeddable":true,"href":"https:\/\/yachtcharter-connection.com\/de\/wp-json\/wp\/v2\/comments?post=763"}],"version-history":[{"count":1,"href":"https:\/\/yachtcharter-connection.com\/de\/wp-json\/wp\/v2\/pages\/763\/revisions"}],"predecessor-version":[{"id":13231,"href":"https:\/\/yachtcharter-connection.com\/de\/wp-json\/wp\/v2\/pages\/763\/revisions\/13231"}],"up":[{"embeddable":true,"href":"https:\/\/yachtcharter-connection.com\/de\/wp-json\/wp\/v2\/pages\/532"}],"wp:attachment":[{"href":"https:\/\/yachtcharter-connection.com\/de\/wp-json\/wp\/v2\/media?parent=763"}],"curies":[{"name":"wp","href":"https:\/\/api.w.org\/{rel}","templated":true}]}}