{"id":765,"date":"2015-08-10T05:53:36","date_gmt":"2015-08-10T05:53:36","guid":{"rendered":"http:\/\/yachtcharter-connection.com.w01e47c6.kasserver.com\/yachtcharter-mecklenburgische-seenplatte-brandenburg\/"},"modified":"2023-11-08T10:36:28","modified_gmt":"2023-11-08T08:36:28","slug":"yachtcharter-mecklenburgische-seenplatte-brandenburg","status":"publish","type":"page","link":"https:\/\/yachtcharter-connection.com\/de\/regionen\/binnenreviere\/yachtcharter-mecklenburgische-seenplatte-brandenburg\/","title":{"rendered":"Mecklenburgische Seenplatte \/ Brandenburg"},"content":{"rendered":"<p><center><\/p>\n<h1>Yachtcharter Mecklenburgische Seenplatte<\/h1>\n<p><\/center><br \/>\n<br \/>\n<wls-search query=\"region_id=1\"><\/wls-search><br \/>\n<br \/>\n<img loading=\"lazy\" class=\"content-image\"  height=\"225\" width=\"300\" src=\"https:\/\/yachtcharter-connection.com\/wp-content\/uploads\/converted_files\/19101\/19101-5624b2c984c1b.jpg\" alt=\"Segelrevier Mecklenburgische Seenplatte - M\u00fcritz\" \/><\/center><\/p>\n<table  class=\"RegionsAndSubregions\" cellspacing=\"0\" border=\"0\" style=\"border-collapse:collapse;\">\n<tbody>\n<tr>\n<td>\n<div class=\"SubregionRepeaterTitle\">\n<h2> Mecklenburgische Seenplatte \/ Brandenburg <\/h2>\n<\/div>\n<div class=\"SmallLinks\">\n<ul>\n<li><a class=\"SmallLinks\" href=\"https:\/\/yachtcharter-connection.com\/f%c3%bcrstenberg-an-der-havel-174\" title=\"\"> F\u00fcrstenberg an der Havel <\/a><\/li>\n<li><a class=\"SmallLinks\" href=\"https:\/\/yachtcharter-connection.com\/yachtcharter-lenzer-hafen\" title=\"\"> Lenzer Hafen <\/a><\/li>\n<li><a class=\"SmallLinks\" href=\"https:\/\/yachtcharter-connection.com\/l%c3%bcbz-431\" title=\"\"> L\u00fcbz <\/a><\/li>\n<li><a class=\"SmallLinks\" href=\"https:\/\/yachtcharter-connection.com\/m%c3%bcritz-malchow-223\" title=\"\"> Malchow <\/a><\/li>\n<li><a class=\"SmallLinks\" href=\"https:\/\/yachtcharter-connection.com\/marina-wolfsbruch-917\" title=\"\"> Marina Wolfsbruch <\/a><\/li>\n<li><a class=\"SmallLinks\" href=\"https:\/\/yachtcharter-connection.com\/yachtcharter-m%c3%bcritz-buchholz\" title=\"\"> M\u00fcritz \/ Buchholz <\/a><\/li>\n<li><a class=\"SmallLinks\" href=\"https:\/\/yachtcharter-connection.com\/m%c3%bcritz-hafendorf-m%c3%bcritz-453\" title=\"\"> M\u00fcritz \/ Hafendorf M\u00fcritz <\/a><\/li>\n<li><a class=\"SmallLinks\" href=\"https:\/\/yachtcharter-connection.com\/m%c3%bcritz-jabel-945\" title=\"\"> M\u00fcritz \/ Jabel <\/a><\/li>\n<li><a class=\"SmallLinks\" href=\"https:\/\/yachtcharter-connection.com\/m%c3%bcritz-marina-claassee-858\" title=\"\"> M\u00fcritz \/ Marina Claassee <\/a><\/li>\n<li><a class=\"SmallLinks\" href=\"https:\/\/yachtcharter-connection.com\/m%c3%bcritz-waren-994\" title=\"\"> M\u00fcritz \/ Waren <\/a><\/li>\n<li><a class=\"SmallLinks\" href=\"https:\/\/yachtcharter-connection.com\/rheinsberg-276\" title=\"\"> Rheinsberg <\/a><\/li>\n<li><a class=\"SmallLinks\" href=\"https:\/\/yachtcharter-connection.com\/yachtcharter-zehdenick\" title=\"\"> Zehdenick <\/a><\/li>\n<\/ul>\n<\/div>\n<\/td>\n<\/tr>\n<\/tbody>\n<\/table>\n","protected":false},"excerpt":{"rendered":"<p>Yachtcharter Mecklenburgische Seenplatte Mecklenburgische Seenplatte \/ Brandenburg F\u00fcrstenberg an der Havel Lenzer Hafen L\u00fcbz Malchow Marina Wolfsbruch M\u00fcritz \/ Buchholz M\u00fcritz \/ Hafendorf M\u00fcritz M\u00fcritz \/ Jabel M\u00fcritz \/ Marina Claassee M\u00fcritz \/ Waren Rheinsberg Zehdenick<\/p>\n","protected":false},"author":11,"featured_media":0,"parent":539,"menu_order":0,"comment_status":"open","ping_status":"open","template":"","meta":[],"aioseo_notices":[],"_links":{"self":[{"href":"https:\/\/yachtcharter-connection.com\/de\/wp-json\/wp\/v2\/pages\/765"}],"collection":[{"href":"https:\/\/yachtcharter-connection.com\/de\/wp-json\/wp\/v2\/pages"}],"about":[{"href":"https:\/\/yachtcharter-connection.com\/de\/wp-json\/wp\/v2\/types\/page"}],"author":[{"embeddable":true,"href":"https:\/\/yachtcharter-connection.com\/de\/wp-json\/wp\/v2\/users\/11"}],"replies":[{"embeddable":true,"href":"https:\/\/yachtcharter-connection.com\/de\/wp-json\/wp\/v2\/comments?post=765"}],"version-history":[{"count":4,"href":"https:\/\/yachtcharter-connection.com\/de\/wp-json\/wp\/v2\/pages\/765\/revisions"}],"predecessor-version":[{"id":30862,"href":"https:\/\/yachtcharter-connection.com\/de\/wp-json\/wp\/v2\/pages\/765\/revisions\/30862"}],"up":[{"embeddable":true,"href":"https:\/\/yachtcharter-connection.com\/de\/wp-json\/wp\/v2\/pages\/539"}],"wp:attachment":[{"href":"https:\/\/yachtcharter-connection.com\/de\/wp-json\/wp\/v2\/media?parent=765"}],"curies":[{"name":"wp","href":"https:\/\/api.w.org\/{rel}","templated":true}]}}