{"id":768,"date":"2014-05-04T11:52:15","date_gmt":"2014-05-04T11:52:15","guid":{"rendered":"http:\/\/yachtcharter-connection.com.w01e47c6.kasserver.com\/yachtcharter-italienische-adriak%c3%bcste\/"},"modified":"2016-10-29T18:03:30","modified_gmt":"2016-10-29T16:03:30","slug":"yachtcharter-italienische-adriak%c3%bcste","status":"publish","type":"page","link":"https:\/\/yachtcharter-connection.com\/de\/regionen\/mittelmeer\/yachtcharter-italienische-adriak%c3%bcste\/","title":{"rendered":"Italienische Adriak\u00fcste"},"content":{"rendered":"<h3>Yachtcharter Italienische Adria<\/h3>\n<p>\n<img loading=\"lazy\" class=\"content-image\"  width=\"300\" height=\"225\" src=\"https:\/\/yachtcharter-connection.com\/wp-content\/uploads\/converted_files\/19110\/19110-5624b2cd7798c.jpg\" alt=\"Italien_Adria_Gargano\" \/>Charterh\u00e4fen an der oberen italienischen Adria sind im wesentlichen Porto San Rocco, Triest und Lignano. Im malerischen Triest treffen sich einmal j\u00e4hrlich im Oktober Regattafans zur wohl gr\u00f6\u00dften Regatta der Welt, der Barcolana mit  2.000 Booten und 25.000 Seglern.  Wer Lagunen liebt, kann die Gegend um Grado erkunden &ndash; und nat\u00fcrlich die Lagune von Venedig mit ihren vorgelagerten Inseln Murano, Burano, Torcello oder Lido. Ein Bellini in Harry&rsquo;s New York Bar vorbeischauen, eine Stippvisite im Im Cafe Florian am Markusplatz, schon ist das Venedig-Feeling perfekt. Yachtcharter-Crews finden alle Services in der Marina del Cavallino mit 350 Liegepl\u00e4tzen im S\u00fc\u00dfwasser. <\/p>\n<p>Weiter s\u00fcdlich bietet die italienische Adriak\u00fcste viel Sand, einige urspr\u00fcngliche Fischerh\u00e4fen, zunehmend hervorragend ausgestattete Marinas wie in Lignano, Marina 4 bei Porto San Margherita in der N\u00e4he von Caorle, Aprilia Marittima, in Rimini oder in Ravenna&hellip;die Liste der Yachth\u00e4fen ist endlos, die K\u00fcste allerdings nicht so spannend wie an der gegen\u00fcberliegenden kroatischen K\u00fcste, weil die vorgelagerten Inseln fehlen. Landschaftlich viel interessanter ist dann schon wieder der S\u00fcden in Apulien: mit dem Gargano, dem Tremiti-Archipel davor, wei\u00dfen Felsklippen an der K\u00fcste, Naturparks und W\u00e4lder im Landesinneren.<br \/>\n<\/p>\n<table  class=\"RegionsAndSubregions\" cellspacing=\"0\" border=\"0\" style=\"border-collapse:collapse;\">\n<tbody>\n<tr>\n<td>\n<div class=\"SubregionRepeaterTitle\">\n<h2> Italienische Adriak\u00fcste <\/h2>\n<\/div>\n<div class=\"SmallLinks\">\n<ul>\n<li><a class=\"SmallLinks\" href=\"https:\/\/yachtcharter-connection.com\/marina-di-ravenna-891\" title=\"\"> Marina di Ravenna <\/a><\/li>\n<li><a class=\"SmallLinks\" href=\"https:\/\/yachtcharter-connection.com\/pescara-388\" title=\"\"> Pescara <\/a><\/li>\n<\/ul>\n<\/div>\n<\/td>\n<\/tr>\n<\/tbody>\n<\/table>\n","protected":false},"excerpt":{"rendered":"<p>Yachtcharter Italienische Adria Charterh\u00e4fen an der oberen italienischen Adria sind im wesentlichen Porto San Rocco, Triest und Lignano. Im malerischen Triest treffen sich einmal j\u00e4hrlich im Oktober Regattafans zur wohl gr\u00f6\u00dften Regatta der Welt, der Barcolana mit 2.000 Booten und 25.000 Seglern. Wer Lagunen liebt, kann die Gegend um Grado<\/p>\n","protected":false},"author":11,"featured_media":0,"parent":532,"menu_order":0,"comment_status":"open","ping_status":"open","template":"","meta":[],"aioseo_notices":[],"_links":{"self":[{"href":"https:\/\/yachtcharter-connection.com\/de\/wp-json\/wp\/v2\/pages\/768"}],"collection":[{"href":"https:\/\/yachtcharter-connection.com\/de\/wp-json\/wp\/v2\/pages"}],"about":[{"href":"https:\/\/yachtcharter-connection.com\/de\/wp-json\/wp\/v2\/types\/page"}],"author":[{"embeddable":true,"href":"https:\/\/yachtcharter-connection.com\/de\/wp-json\/wp\/v2\/users\/11"}],"replies":[{"embeddable":true,"href":"https:\/\/yachtcharter-connection.com\/de\/wp-json\/wp\/v2\/comments?post=768"}],"version-history":[{"count":1,"href":"https:\/\/yachtcharter-connection.com\/de\/wp-json\/wp\/v2\/pages\/768\/revisions"}],"predecessor-version":[{"id":12937,"href":"https:\/\/yachtcharter-connection.com\/de\/wp-json\/wp\/v2\/pages\/768\/revisions\/12937"}],"up":[{"embeddable":true,"href":"https:\/\/yachtcharter-connection.com\/de\/wp-json\/wp\/v2\/pages\/532"}],"wp:attachment":[{"href":"https:\/\/yachtcharter-connection.com\/de\/wp-json\/wp\/v2\/media?parent=768"}],"curies":[{"name":"wp","href":"https:\/\/api.w.org\/{rel}","templated":true}]}}