{"id":771,"date":"2015-08-10T05:53:36","date_gmt":"2015-08-10T05:53:36","guid":{"rendered":"http:\/\/yachtcharter-connection.com.w01e47c6.kasserver.com\/yachtcharter-kuba-cayo-largo\/"},"modified":"2017-10-29T20:00:20","modified_gmt":"2017-10-29T18:00:20","slug":"yachtcharter-kuba-cayo-largo","status":"publish","type":"page","link":"https:\/\/yachtcharter-connection.com\/de\/regionen\/karibik\/yachtcharter-kuba-cayo-largo\/","title":{"rendered":"Kuba &#8211; Cayo Largo"},"content":{"rendered":"<h1><strong>Yachtcharter Kuba &#8211; Cayo Largo, Isla de Juventud und mehr<\/strong><\/h1>\n<p>Kuba ist eine wundersch\u00f6ne Insel mit grossartigen Segelrevieren, perfekt f\u00fcr Segelbootcharter und Katamarancharter &#8211; die meisten Yachtcharter-St\u00fctzpunkte befinden sich im S\u00fcden der Insel, ideal um die sch\u00f6nsten Segelregionen in und um Cayo Largo, Isla de Juventud, Jardines de la Reina usw. zu erkunden. Luxus-Charteryachten sind mittlerweile evenfalls verf\u00fcgbar, um die sch\u00f6ne K\u00fcste von Kuba zu entdecken und sogar die Insel zu umrunden. Hier finden Sie mehr <a href=\"https:\/\/yachtcharter-connection.com\/de\/land\/yachtcharter-kuba\/\" target=\"_blank\">Informationen \u00fcber Yachtcharter in Kuba<\/a>.<\/p>\n<table class=\"RegionsAndSubregions\" style=\"border-collapse: collapse;\" border=\"0\" cellspacing=\"0\">\n<tbody>\n<tr>\n<td>\n<div class=\"SubregionRepeaterTitle\">\n<h2>Kuba &#8211; Cayo Largo<\/h2>\n<\/div>\n<div class=\"SmallLinks\">\n<ul>\n<li><a class=\"SmallLinks\" title=\"\" href=\"https:\/\/yachtcharter-connection.com\/cayo-largo-668\"> Cayo Largo <\/a><\/li>\n<li><a class=\"SmallLinks\" title=\"\" href=\"https:\/\/yachtcharter-connection.com\/cienfuegos-951\"> Cienfuegos <\/a><\/li>\n<li><a class=\"SmallLinks\" title=\"\" href=\"https:\/\/yachtcharter-connection.com\/isla-juventud-898\"> Isla Juventud <\/a><\/li>\n<\/ul>\n<\/div>\n<\/td>\n<\/tr>\n<\/tbody>\n<\/table>\n","protected":false},"excerpt":{"rendered":"<p>Yachtcharter Kuba &#8211; Cayo Largo, Isla de Juventud und mehr Kuba ist eine wundersch\u00f6ne Insel mit grossartigen Segelrevieren, perfekt f\u00fcr Segelbootcharter und Katamarancharter &#8211; die meisten Yachtcharter-St\u00fctzpunkte befinden sich im S\u00fcden der Insel, ideal um die sch\u00f6nsten Segelregionen in und um Cayo Largo, Isla de Juventud, Jardines de la Reina<\/p>\n","protected":false},"author":11,"featured_media":0,"parent":531,"menu_order":0,"comment_status":"open","ping_status":"open","template":"","meta":[],"aioseo_notices":[],"_links":{"self":[{"href":"https:\/\/yachtcharter-connection.com\/de\/wp-json\/wp\/v2\/pages\/771"}],"collection":[{"href":"https:\/\/yachtcharter-connection.com\/de\/wp-json\/wp\/v2\/pages"}],"about":[{"href":"https:\/\/yachtcharter-connection.com\/de\/wp-json\/wp\/v2\/types\/page"}],"author":[{"embeddable":true,"href":"https:\/\/yachtcharter-connection.com\/de\/wp-json\/wp\/v2\/users\/11"}],"replies":[{"embeddable":true,"href":"https:\/\/yachtcharter-connection.com\/de\/wp-json\/wp\/v2\/comments?post=771"}],"version-history":[{"count":3,"href":"https:\/\/yachtcharter-connection.com\/de\/wp-json\/wp\/v2\/pages\/771\/revisions"}],"predecessor-version":[{"id":25516,"href":"https:\/\/yachtcharter-connection.com\/de\/wp-json\/wp\/v2\/pages\/771\/revisions\/25516"}],"up":[{"embeddable":true,"href":"https:\/\/yachtcharter-connection.com\/de\/wp-json\/wp\/v2\/pages\/531"}],"wp:attachment":[{"href":"https:\/\/yachtcharter-connection.com\/de\/wp-json\/wp\/v2\/media?parent=771"}],"curies":[{"name":"wp","href":"https:\/\/api.w.org\/{rel}","templated":true}]}}