{"id":779,"date":"2015-08-10T05:53:36","date_gmt":"2015-08-10T05:53:36","guid":{"rendered":"http:\/\/yachtcharter-connection.com.w01e47c6.kasserver.com\/yachtcharter-kapverdische-inseln\/"},"modified":"2017-10-01T19:44:43","modified_gmt":"2017-10-01T17:44:43","slug":"yachtcharter-kapverdische-inseln","status":"publish","type":"page","link":"https:\/\/yachtcharter-connection.com\/de\/regionen\/atlantik-westafrika\/yachtcharter-kapverdische-inseln\/","title":{"rendered":"Kapverdische Inseln"},"content":{"rendered":"<h3>Yachtcharter Kapverdische Inseln<\/h3>\n<p><a href=\"https:\/\/yachtcharter-connection.com\/wp-content\/uploads\/2015\/08\/Cape-Verde-Islands-Sailing-catamarans800.jpg\"><img loading=\"lazy\" class=\"alignleft size-full wp-image-25009\" src=\"https:\/\/yachtcharter-connection.com\/wp-content\/uploads\/2015\/08\/Cape-Verde-Islands-Sailing-catamarans800.jpg\" alt=\"Cape-Verde Islands-Sailing\" width=\"600\" height=\"348\" srcset=\"https:\/\/yachtcharter-connection.com\/wp-content\/uploads\/2015\/08\/Cape-Verde-Islands-Sailing-catamarans800.jpg 600w, https:\/\/yachtcharter-connection.com\/wp-content\/uploads\/2015\/08\/Cape-Verde-Islands-Sailing-catamarans800-300x174.jpg 300w\" sizes=\"(max-width: 600px) 100vw, 600px\" \/><\/a>Der Yachtcharter-Tourismus auf den Kapverden &#8211; mitten im Atlantik, 300 bis 400 Meilen westlich von Afrika &#8211; entwickelt sich nur langsam. Es gibt noch nicht viele Marina, die gut f\u00fcr Yachtcharter ausger\u00fcstet sind, au\u00dfer in Mindelo auf Sao Vicente, Sitz der Yachtcharter-Basis. An den sch\u00f6nen Str\u00e4nden, an denen manchmal auch h\u00f6here Wellen brechen, vermisst man bisweilen das Dinghy-Dock &#8211; aber wer gern ein bisschen improvisiert, kann hier auf den Kapverden ein Yachtcharter-Revier genie\u00dfen, dass atemberaubende Natur und ganzj\u00e4hrig warmes Klima bietet.<\/p>\n<p>Die Temperaturen im Winter liegen bei mindestens 20 Grad Celsius, im Sommer bei etwa 27 Grad &#8211; die Wassertemperaturen fallen nie unter 21 Grad. Es regnet nur selten, und St\u00fcrme gibt es auch nicht oft. Lesen Sie hier mehr \u00fcber Yachtcharter und Segeln auf den<a href=\"~\/Yachtcharter_kapverden.html\"> Kapverden<\/a>.<\/p>\n<p><a href=\"https:\/\/yachtcharter-connection.com\/wp-content\/uploads\/2015\/08\/Cape-Verde-Islands-fishing-boats800.jpg\"><img loading=\"lazy\" class=\"alignleft size-full wp-image-25010\" src=\"https:\/\/yachtcharter-connection.com\/wp-content\/uploads\/2015\/08\/Cape-Verde-Islands-fishing-boats800.jpg\" alt=\"Cape-Verde-Islands-fishing boats800\" width=\"600\" height=\"444\" srcset=\"https:\/\/yachtcharter-connection.com\/wp-content\/uploads\/2015\/08\/Cape-Verde-Islands-fishing-boats800.jpg 600w, https:\/\/yachtcharter-connection.com\/wp-content\/uploads\/2015\/08\/Cape-Verde-Islands-fishing-boats800-300x222.jpg 300w\" sizes=\"(max-width: 600px) 100vw, 600px\" \/><\/a><\/p>\n<table class=\"RegionsAndSubregions\" style=\"border-collapse: collapse;\" border=\"0\" cellspacing=\"0\">\n<tbody>\n<tr>\n<td>\n<div class=\"SubregionRepeaterTitle\">\n<h2>Kapverdische Inseln<\/h2>\n<\/div>\n<div class=\"SmallLinks\">\n<ul>\n<li><a class=\"SmallLinks\" title=\"\" href=\"https:\/\/yachtcharter-connection.com\/yachtcharter-sal-palmeira\"> Sal \/ Palmeira <\/a><\/li>\n<li><a class=\"SmallLinks\" title=\"\" href=\"https:\/\/yachtcharter-connection.com\/sao-vincente-229\"> Sao Vincente <\/a><\/li>\n<\/ul>\n<\/div>\n<\/td>\n<\/tr>\n<\/tbody>\n<\/table>\n","protected":false},"excerpt":{"rendered":"<p>Yachtcharter Kapverdische Inseln Der Yachtcharter-Tourismus auf den Kapverden &#8211; mitten im Atlantik, 300 bis 400 Meilen westlich von Afrika &#8211; entwickelt sich nur langsam. Es gibt noch nicht viele Marina, die gut f\u00fcr Yachtcharter ausger\u00fcstet sind, au\u00dfer in Mindelo auf Sao Vicente, Sitz der Yachtcharter-Basis. An den sch\u00f6nen Str\u00e4nden, an<\/p>\n","protected":false},"author":11,"featured_media":0,"parent":533,"menu_order":0,"comment_status":"open","ping_status":"open","template":"","meta":[],"aioseo_notices":[],"_links":{"self":[{"href":"https:\/\/yachtcharter-connection.com\/de\/wp-json\/wp\/v2\/pages\/779"}],"collection":[{"href":"https:\/\/yachtcharter-connection.com\/de\/wp-json\/wp\/v2\/pages"}],"about":[{"href":"https:\/\/yachtcharter-connection.com\/de\/wp-json\/wp\/v2\/types\/page"}],"author":[{"embeddable":true,"href":"https:\/\/yachtcharter-connection.com\/de\/wp-json\/wp\/v2\/users\/11"}],"replies":[{"embeddable":true,"href":"https:\/\/yachtcharter-connection.com\/de\/wp-json\/wp\/v2\/comments?post=779"}],"version-history":[{"count":3,"href":"https:\/\/yachtcharter-connection.com\/de\/wp-json\/wp\/v2\/pages\/779\/revisions"}],"predecessor-version":[{"id":25014,"href":"https:\/\/yachtcharter-connection.com\/de\/wp-json\/wp\/v2\/pages\/779\/revisions\/25014"}],"up":[{"embeddable":true,"href":"https:\/\/yachtcharter-connection.com\/de\/wp-json\/wp\/v2\/pages\/533"}],"wp:attachment":[{"href":"https:\/\/yachtcharter-connection.com\/de\/wp-json\/wp\/v2\/media?parent=779"}],"curies":[{"name":"wp","href":"https:\/\/api.w.org\/{rel}","templated":true}]}}