{"id":789,"date":"2015-08-10T05:53:36","date_gmt":"2015-08-10T05:53:36","guid":{"rendered":"http:\/\/yachtcharter-connection.com.w01e47c6.kasserver.com\/yachtcharter-bretagne\/"},"modified":"2016-10-29T18:55:17","modified_gmt":"2016-10-29T16:55:17","slug":"yachtcharter-bretagne","status":"publish","type":"page","link":"https:\/\/yachtcharter-connection.com\/de\/regionen\/atlantik-westeuropa\/yachtcharter-bretagne\/","title":{"rendered":"Bretagne"},"content":{"rendered":"<h3>Yachtcharter Bretagne<\/h3>\n<p><img loading=\"lazy\" class=\"content-image\"  width=\"300\" height=\"203\" border=\"0\" src=\"https:\/\/yachtcharter-connection.com\/wp-content\/uploads\/converted_files\/19173\/19173-5624b2e21d739.jpg\" alt=\"\" \/><\/p>\n<p>Die S\u00fcdk\u00fcste der Bretagne ist milder als der Norden &#8211; die Gezeiten m\u00fcssen aber auch hier immer schon bei der Planung des T\u00f6rns ber\u00fccksichtigt werden. Lorient ist Charterst\u00fctzpunkt, Port Le Crouesty am Eingang des Golfes von Morbihan ist auch Ausgangspunkt renommierter franz\u00f6sischer Regatten.  Der Golf de Morbihan ist relativ flach, aber landschaftlich \u00e4u\u00dferst reizvoll, ein Revier, in dem man allein schon eine Woche verbringen kann &#8211; zu beachten ist hier allerdings wie in der gesamten Region starker Strom. Die K\u00fcste mit der Halbinsel Quiberon und den vorgelagerten Inseln Belle-Ile, Ile de Houat, Hoedic und der Ile de Croix gilt als  eher ruhiges Revier. Rauer wird es in der n\u00f6rdlichen Bretagne in der Region um Brest und St. Malo.<\/p>\n<p>\nLandschaftlich ist die ganze Gegend, in der oft noch Reste vergangener normannisch-bretonischer Kulturen zu besichtigen sind, wundersch\u00f6n. Wer sich etwas Gutes tun will, kann die hier vielfach angebotene Thalasso-B\u00e4der genie\u00dfen. F\u00fchrend bei s\u00e4mtlichen Anwendungen ist das Hote Miramar in Port Le Crouesty, das auch wegen seiner Architektur in Form eines Schiffes ausgesprochen sehenswert ist. Und generell gilt: Die bretonische K\u00fcche mit vielen Meeresfr\u00fcchten ist hervorragend, die Austernb\u00e4nke laden zur Besichtigung ein &ndash; und der Cidre darf wirklich nicht fehlen.<\/p>\n<p>\nEin spannendes Revier liegt auch weiter s\u00fcdlich: Der Port Les Minimes in La Rochelle ist der zweitgr\u00f6\u00dfte Yachthafen Europas (nach Port Camargues). Das Klima ist hier, dem Golfstrom sei Dank, relativ mild. In dieser Region, der Charente-Maritime, sind fast alle gro\u00dfen franz\u00f6sischen Bootswerften zuhause. Die \u00fcber 1000 Jahre alte Stadt lebte und lebt von der Seefahrt &ndash; entsprechend maritim ist die gesamte Kultur, das Stadtbild, die Dekoration in Bars und Restaurant. Die Zeit f\u00fcr eine ausgiebige Besichtigung der historischen Altstadt sollten Charterer unbedingt einplanen &ndash; dazu kann man auch direkt im Vieux Port im Zentraum anlegen. Das Revier ist gut gesch\u00fctzt durch die vorgelagerten Inseln Ile d&rsquo;Ol\u00e9ron und Ile de Re. Etappenziele, die sich ungedingt lohnen, sind der malerische Ort St. Martin auf der Ile de Re mit zahlreichen Restaurants am Hafen, Saint  Denis d&rsquo;Ol\u00e9ron, das autofreie Inselchen Ile d&rsquo;Aix mit gro\u00dfer Ankerbucht  &#8211; und wer die Charente flussaufw\u00e4rts f\u00e4hrt, kann in Rochefort eine traditionsreiche Stadt mit historischem Flair entdecken.\n <\/p>\n<p><\/p>\n<table  class=\"RegionsAndSubregions\" cellspacing=\"0\" border=\"0\" style=\"border-collapse:collapse;\">\n<tbody>\n<tr>\n<td>\n<div class=\"SubregionRepeaterTitle\">\n<h2> Bretagne <\/h2>\n<\/div>\n<div class=\"SmallLinks\">\n<ul>\n<li><a class=\"SmallLinks\" href=\"https:\/\/yachtcharter-connection.com\/brest-742\" title=\"\"> Brest <\/a><\/li>\n<li><a class=\"SmallLinks\" href=\"https:\/\/yachtcharter-connection.com\/crouesty-183\" title=\"\"> Crouesty <\/a><\/li>\n<li><a class=\"SmallLinks\" href=\"https:\/\/yachtcharter-connection.com\/douarenez-658\" title=\"\"> Douarenez <\/a><\/li>\n<li><a class=\"SmallLinks\" href=\"https:\/\/yachtcharter-connection.com\/gigny-sur-saone-459\" title=\"\"> Gigny sur Saone <\/a><\/li>\n<li><a class=\"SmallLinks\" href=\"https:\/\/yachtcharter-connection.com\/glenac-425\" title=\"\"> Gl\u00e9nac <\/a><\/li>\n<li><a class=\"SmallLinks\" href=\"https:\/\/yachtcharter-connection.com\/la-rochelle-517\" title=\"\"> La Rochelle <\/a><\/li>\n<li><a class=\"SmallLinks\" href=\"https:\/\/yachtcharter-connection.com\/la-trinite-mer-707\" title=\"\"> La Trinit\u00e9 \/ Mer <\/a><\/li>\n<li><a class=\"SmallLinks\" href=\"https:\/\/yachtcharter-connection.com\/loctudy-395\" title=\"\"> Loctudy <\/a><\/li>\n<li><a class=\"SmallLinks\" href=\"https:\/\/yachtcharter-connection.com\/loiretal-briare-511\" title=\"\"> Loiretal \/ Briare <\/a><\/li>\n<li><a class=\"SmallLinks\" href=\"https:\/\/yachtcharter-connection.com\/loiretal-chateau-gontier-659\" title=\"\"> Loiretal \/ Chateau Gontier <\/a><\/li>\n<li><a class=\"SmallLinks\" href=\"https:\/\/yachtcharter-connection.com\/loiretal-chateauneuf-417\" title=\"\"> Loiretal \/ Chateauneuf <\/a><\/li>\n<li><a class=\"SmallLinks\" href=\"https:\/\/yachtcharter-connection.com\/loiretal-chattillon-sur-loire-636\" title=\"\"> Loiretal \/ Chattillon-sur-Loire <\/a><\/li>\n<li><a class=\"SmallLinks\" href=\"https:\/\/yachtcharter-connection.com\/loiretal-chenille-change-233\" title=\"\"> Loiretal \/ Chenill\u00e9 Chang\u00e9 <\/a><\/li>\n<li><a class=\"SmallLinks\" href=\"https:\/\/yachtcharter-connection.com\/loiretal-daon-733\" title=\"\"> Loiretal \/ Daon <\/a><\/li>\n<li><a class=\"SmallLinks\" href=\"https:\/\/yachtcharter-connection.com\/loiretal-grez-neuville-553\" title=\"\"> Loiretal \/ Grez Neuville <\/a><\/li>\n<li><a class=\"SmallLinks\" href=\"https:\/\/yachtcharter-connection.com\/loiretal-la-suze-842\" title=\"\"> Loiretal \/ La Suze <\/a><\/li>\n<li><a class=\"SmallLinks\" href=\"https:\/\/yachtcharter-connection.com\/loiretal-sable-sur-sarthe-562\" title=\"\"> Loiretal \/ Sable sur Sarthe <\/a><\/li>\n<li><a class=\"SmallLinks\" href=\"https:\/\/yachtcharter-connection.com\/lorient-400\" title=\"\"> Lorient <\/a><\/li>\n<li><a class=\"SmallLinks\" href=\"https:\/\/yachtcharter-connection.com\/louhans-717\" title=\"\"> Louhans <\/a><\/li>\n<li><a class=\"SmallLinks\" href=\"https:\/\/yachtcharter-connection.com\/lyvet-919\" title=\"\"> Lyvet <\/a><\/li>\n<li><a class=\"SmallLinks\" href=\"https:\/\/yachtcharter-connection.com\/messac-185\" title=\"\"> Messac <\/a><\/li>\n<li><a class=\"SmallLinks\" href=\"https:\/\/yachtcharter-connection.com\/nort-sur-erdre-498\" title=\"\"> Nort-Sur-Erdre <\/a><\/li>\n<li><a class=\"SmallLinks\" href=\"https:\/\/yachtcharter-connection.com\/redon-439\" title=\"\"> Redon <\/a><\/li>\n<li><a class=\"SmallLinks\" href=\"https:\/\/yachtcharter-connection.com\/rogny-423\" title=\"\"> Rogny <\/a><\/li>\n<li><a class=\"SmallLinks\" href=\"https:\/\/yachtcharter-connection.com\/st-gilles-796\" title=\"\"> St. Gilles <\/a><\/li>\n<li><a class=\"SmallLinks\" href=\"https:\/\/yachtcharter-connection.com\/suce-sur-erdre-598\" title=\"\"> Suc\u00e9-Sur-Erdre <\/a><\/li>\n<\/ul>\n<\/div>\n<\/td>\n<\/tr>\n<\/tbody>\n<\/table>\n","protected":false},"excerpt":{"rendered":"<p>Yachtcharter Bretagne Die S\u00fcdk\u00fcste der Bretagne ist milder als der Norden &#8211; die Gezeiten m\u00fcssen aber auch hier immer schon bei der Planung des T\u00f6rns ber\u00fccksichtigt werden. Lorient ist Charterst\u00fctzpunkt, Port Le Crouesty am Eingang des Golfes von Morbihan ist auch Ausgangspunkt renommierter franz\u00f6sischer Regatten. Der Golf de Morbihan ist<\/p>\n","protected":false},"author":11,"featured_media":0,"parent":545,"menu_order":0,"comment_status":"open","ping_status":"open","template":"","meta":[],"aioseo_notices":[],"_links":{"self":[{"href":"https:\/\/yachtcharter-connection.com\/de\/wp-json\/wp\/v2\/pages\/789"}],"collection":[{"href":"https:\/\/yachtcharter-connection.com\/de\/wp-json\/wp\/v2\/pages"}],"about":[{"href":"https:\/\/yachtcharter-connection.com\/de\/wp-json\/wp\/v2\/types\/page"}],"author":[{"embeddable":true,"href":"https:\/\/yachtcharter-connection.com\/de\/wp-json\/wp\/v2\/users\/11"}],"replies":[{"embeddable":true,"href":"https:\/\/yachtcharter-connection.com\/de\/wp-json\/wp\/v2\/comments?post=789"}],"version-history":[{"count":1,"href":"https:\/\/yachtcharter-connection.com\/de\/wp-json\/wp\/v2\/pages\/789\/revisions"}],"predecessor-version":[{"id":13581,"href":"https:\/\/yachtcharter-connection.com\/de\/wp-json\/wp\/v2\/pages\/789\/revisions\/13581"}],"up":[{"embeddable":true,"href":"https:\/\/yachtcharter-connection.com\/de\/wp-json\/wp\/v2\/pages\/545"}],"wp:attachment":[{"href":"https:\/\/yachtcharter-connection.com\/de\/wp-json\/wp\/v2\/media?parent=789"}],"curies":[{"name":"wp","href":"https:\/\/api.w.org\/{rel}","templated":true}]}}