{"id":801,"date":"2011-03-14T05:08:48","date_gmt":"2011-03-14T05:08:48","guid":{"rendered":"http:\/\/yachtcharter-connection.com.w01e47c6.kasserver.com\/yachtcharter-maryland-chesapeake-bucht\/"},"modified":"2016-10-29T17:56:57","modified_gmt":"2016-10-29T15:56:57","slug":"yachtcharter-maryland-chesapeake-bucht","status":"publish","type":"page","link":"https:\/\/yachtcharter-connection.com\/de\/regionen\/usa-nordost\/yachtcharter-maryland-chesapeake-bucht\/","title":{"rendered":"Maryland \/ Chesapeake Bucht"},"content":{"rendered":"<h3>Yachtcharter Chesapeake Bay &#8211; Maryland<\/h3>\n<p>\n<img loading=\"lazy\" class=\"content-image\"  width=\"300\" height=\"223\" src=\"https:\/\/yachtcharter-connection.com\/wp-content\/uploads\/converted_files\/19209\/19209-5624b2e91730a.jpg\" alt=\"Yachtcharter Chesapeake Bay - Solomons Island\" \/>Die Chesapeake Bay ist die gr\u00f6\u00dftes Bucht der USA &ndash; eigentlich eine Flussm\u00fcndung, in der 150 Fl\u00fcsse und B\u00e4che in den Atlantik m\u00fcnden. 1781 fand hier die Schlacht von Chesapeake statt: Die franz\u00f6sische Flotte schlug die britische Royal Navy &ndash; Meilenstein auf dem Weg in die amerikanische Unabh\u00e4ngigkeit. Allein die Wasseroberfl\u00e4che des einzigartigen Yachtcharter-Reviers Chesapeake Bay umfasst 12.000 Quadratkilometer, von der M\u00fcndung des Susquehanna Rivers im Norden bis zur M\u00fcndung in den Atlantik ist die Chesapeake Bay \u00fcber 300 Kilometer lang. Die Bundesstaaten Maryland und Virginia grenzen direkt an die Bay.  In der N\u00e4he der M\u00fcndung in den Atlantik verbindet der Chesapeake Bay-Tunnel beide Ufer. Die engste Stelle bei Annapolis ist \u00fcber sechs Kilometer breit &ndash; hier sorgt die Bay Bridge f\u00fcr die Verkehrsverbindung zwischen den Ufern.  Auf der Delmarva-Halbinsel, die unter Naturschutz steht, gibt es S\u00fcmpfe, die bei Flut oft unter Wasser stehen.  <\/p>\n<p>\n<img loading=\"lazy\" class=\"content-image\"  width=\"300\" height=\"199\" src=\"https:\/\/yachtcharter-connection.com\/wp-content\/uploads\/converted_files\/19209\/19209-5624b2eae5337.jpg\" alt=\"Segelrevier Chesapeake-Bay-Baltimore Inner Harbour\" \/>Als Segelrevier und Yachtcharter-Destination ist die Chesapeake Bay ideal, f\u00fcr die einheimischen Segler ist fast das ganze Jahr Saison. Ein gesch\u00fctztes Revier mit gro\u00dfartigen Ankerpl\u00e4tzen, viele kleine Inseln und Halbinseln, einzigartige Natur, Creeks, ein Wildpark, interessante St\u00e4dte und pittoreske D\u00f6rfer erwarten die Yachtcharter-Crews. <\/p>\n<p>Am Ostufer der Chesapeake Bay finden Yachtcharter-Crews zahlreiche Marinas sowie malerische St\u00e4dtchen und Fischerd\u00f6rfer. Am westlichen Ufer &ndash; bzw. in der N\u00e4he &ndash; sind die gr\u00f6\u00dferen St\u00e4dte zu finden, wie Baltimore, Washington DC, die Hampton Roads sowie <a href=\"~\/Yachtcharter_usa_vereinigte_staaten\/annapolis.html\" target=\"_blank\">Annapolis<\/a>, Sitz einer recht gro\u00dfen Yachtcharter-Basis.<\/p>\n<table  class=\"RegionsAndSubregions\" cellspacing=\"0\" border=\"0\" style=\"border-collapse:collapse;\">\n<tbody>\n<tr>\n<td>\n<div class=\"SubregionRepeaterTitle\">\n<h2> Maryland \/ Chesapeake Bucht <\/h2>\n<\/div>\n<div class=\"SmallLinks\">\n<ul>\n<li><a class=\"SmallLinks\" href=\"https:\/\/yachtcharter-connection.com\/annapolis-255\" title=\"\"> Annapolis <\/a><\/li>\n<\/ul>\n<\/div>\n<\/td>\n<\/tr>\n<\/tbody>\n<\/table>\n","protected":false},"excerpt":{"rendered":"<p>Yachtcharter Chesapeake Bay &#8211; Maryland Die Chesapeake Bay ist die gr\u00f6\u00dftes Bucht der USA &ndash; eigentlich eine Flussm\u00fcndung, in der 150 Fl\u00fcsse und B\u00e4che in den Atlantik m\u00fcnden. 1781 fand hier die Schlacht von Chesapeake statt: Die franz\u00f6sische Flotte schlug die britische Royal Navy &ndash; Meilenstein auf dem Weg in<\/p>\n","protected":false},"author":11,"featured_media":0,"parent":543,"menu_order":0,"comment_status":"open","ping_status":"open","template":"","meta":[],"aioseo_notices":[],"_links":{"self":[{"href":"https:\/\/yachtcharter-connection.com\/de\/wp-json\/wp\/v2\/pages\/801"}],"collection":[{"href":"https:\/\/yachtcharter-connection.com\/de\/wp-json\/wp\/v2\/pages"}],"about":[{"href":"https:\/\/yachtcharter-connection.com\/de\/wp-json\/wp\/v2\/types\/page"}],"author":[{"embeddable":true,"href":"https:\/\/yachtcharter-connection.com\/de\/wp-json\/wp\/v2\/users\/11"}],"replies":[{"embeddable":true,"href":"https:\/\/yachtcharter-connection.com\/de\/wp-json\/wp\/v2\/comments?post=801"}],"version-history":[{"count":1,"href":"https:\/\/yachtcharter-connection.com\/de\/wp-json\/wp\/v2\/pages\/801\/revisions"}],"predecessor-version":[{"id":12886,"href":"https:\/\/yachtcharter-connection.com\/de\/wp-json\/wp\/v2\/pages\/801\/revisions\/12886"}],"up":[{"embeddable":true,"href":"https:\/\/yachtcharter-connection.com\/de\/wp-json\/wp\/v2\/pages\/543"}],"wp:attachment":[{"href":"https:\/\/yachtcharter-connection.com\/de\/wp-json\/wp\/v2\/media?parent=801"}],"curies":[{"name":"wp","href":"https:\/\/api.w.org\/{rel}","templated":true}]}}