{"id":802,"date":"2015-08-10T05:53:36","date_gmt":"2015-08-10T05:53:36","guid":{"rendered":"http:\/\/yachtcharter-connection.com.w01e47c6.kasserver.com\/yachtcharter-norwegen-atlantikk%c3%bcste\/"},"modified":"2016-10-29T18:30:32","modified_gmt":"2016-10-29T16:30:32","slug":"yachtcharter-norwegen-atlantikk%c3%bcste","status":"publish","type":"page","link":"https:\/\/yachtcharter-connection.com\/de\/regionen\/europaeisches-nordmeer\/yachtcharter-norwegen-atlantikk%c3%bcste\/","title":{"rendered":"Norwegen \/ Atlantikk\u00fcste"},"content":{"rendered":"<h3>Yachtcharter Norwegen &#8211; Atlantik-K\u00fcste<\/h3>\n<p>\n<img loading=\"lazy\" class=\"content-image\"  width=\"300\" height=\"225\" src=\"https:\/\/yachtcharter-connection.com\/wp-content\/uploads\/converted_files\/19212\/19212-5624b2eeaed84.jpg\" alt=\"\" \/>Papageientaucher, Fischzuchtanlagen, ein Gletscher, ein toter Wal, ein bisschen Angeln &#8211; Yachtcharter-Crews, denen das genug Abwechslung ist, k\u00f6nnen in diesem Yachtcharter-Revier an der norwegischen Atlantikk\u00fcste  wirklich ausspannen und mal die Alltagsprobleme hinter sich lassen. Die traumhafte Landschaft am Norwegischen Meer und die Freundlichkeit der Leute entsch\u00e4digt f\u00fcr den Verzicht auf Mittelmeer-Temperaturen und Badefreuden. <\/p>\n<p>\nDie beste Segelzeit f\u00fcr einen Yachtcharter-T\u00f6rn liegt in den Sommermonaten &#8211; im  Juni, Juli und August. Davor und danach wird es st\u00fcrmischer, es gibt mehr Nebel &#8211; und auch komplette Wetterwechsel kommen h\u00e4ufiger vor. Auch im Sommer liegen die Lufttemperaturen oft um einen H\u00f6chstwert von 15 Grad, au\u00dferhalb der Fjorde weht der Wind oft mit sechs bis sieben Beaufort aus Nordnordost. <\/p>\n<p>Yachtcharter-Skipper sollten in Norwegen t\u00e4glich mindestens zwei verschiedene Wetterberichte pro Tag checken und vergleichen.  An der norwegischen K\u00fcste funktioniert der Handy-Empfang problemlos &#8211; mit norwegischer Datenkarte ist es daher leicht, wetterm\u00e4\u00dfig via Internet immer auf dem neuesten Stand zu sein. In fast jedem Fischerhafen gibt es Wireless-Lan, entweder offen &#8211; oder die Fischer geben den Yachtcharter-Crews auch gern den Zugangscode. <\/p>\n<p>  <img loading=\"lazy\" class=\"content-image\"  width=\"300\" height=\"196\" src=\"https:\/\/yachtcharter-connection.com\/wp-content\/uploads\/converted_files\/19212\/19212-5624b2f097b2b.jpg\" alt=\"\" \/><\/p>\n<p><\/p>\n<table  class=\"RegionsAndSubregions\" cellspacing=\"0\" border=\"0\" style=\"border-collapse:collapse;\">\n<tbody>\n<tr>\n<td>\n<div class=\"SubregionRepeaterTitle\">\n<h2> Norwegen \/ Atlantikk\u00fcste <\/h2>\n<\/div>\n<div class=\"SmallLinks\">\n<ul>\n<li><a class=\"SmallLinks\" href=\"https:\/\/yachtcharter-connection.com\/yachtcharter-bergen\" title=\"\"> Bergen <\/a><\/li>\n<li><a class=\"SmallLinks\" href=\"https:\/\/yachtcharter-connection.com\/bergen-hjellsted-marina-752\" title=\"\"> Bergen \/ Hjellsted Marina <\/a><\/li>\n<li><a class=\"SmallLinks\" href=\"https:\/\/yachtcharter-connection.com\/bodoe-168\" title=\"\"> Bodoe <\/a><\/li>\n<li><a class=\"SmallLinks\" href=\"https:\/\/yachtcharter-connection.com\/kristiansand-119\" title=\"\"> Kristiansand <\/a><\/li>\n<li><a class=\"SmallLinks\" href=\"https:\/\/yachtcharter-connection.com\/lofoten-760\" title=\"\"> Lofoten <\/a><\/li>\n<li><a class=\"SmallLinks\" href=\"https:\/\/yachtcharter-connection.com\/senja-stonglandseidet-800\" title=\"\"> Senja \/ Stonglandseidet <\/a><\/li>\n<li><a class=\"SmallLinks\" href=\"https:\/\/yachtcharter-connection.com\/tromso-837\" title=\"\"> Tromso <\/a><\/li>\n<\/ul>\n<\/div>\n<\/td>\n<\/tr>\n<\/tbody>\n<\/table>\n","protected":false},"excerpt":{"rendered":"<p>Yachtcharter Norwegen &#8211; Atlantik-K\u00fcste Papageientaucher, Fischzuchtanlagen, ein Gletscher, ein toter Wal, ein bisschen Angeln &#8211; Yachtcharter-Crews, denen das genug Abwechslung ist, k\u00f6nnen in diesem Yachtcharter-Revier an der norwegischen Atlantikk\u00fcste wirklich ausspannen und mal die Alltagsprobleme hinter sich lassen. Die traumhafte Landschaft am Norwegischen Meer und die Freundlichkeit der Leute entsch\u00e4digt<\/p>\n","protected":false},"author":11,"featured_media":0,"parent":540,"menu_order":0,"comment_status":"open","ping_status":"open","template":"","meta":[],"aioseo_notices":[],"_links":{"self":[{"href":"https:\/\/yachtcharter-connection.com\/de\/wp-json\/wp\/v2\/pages\/802"}],"collection":[{"href":"https:\/\/yachtcharter-connection.com\/de\/wp-json\/wp\/v2\/pages"}],"about":[{"href":"https:\/\/yachtcharter-connection.com\/de\/wp-json\/wp\/v2\/types\/page"}],"author":[{"embeddable":true,"href":"https:\/\/yachtcharter-connection.com\/de\/wp-json\/wp\/v2\/users\/11"}],"replies":[{"embeddable":true,"href":"https:\/\/yachtcharter-connection.com\/de\/wp-json\/wp\/v2\/comments?post=802"}],"version-history":[{"count":1,"href":"https:\/\/yachtcharter-connection.com\/de\/wp-json\/wp\/v2\/pages\/802\/revisions"}],"predecessor-version":[{"id":13503,"href":"https:\/\/yachtcharter-connection.com\/de\/wp-json\/wp\/v2\/pages\/802\/revisions\/13503"}],"up":[{"embeddable":true,"href":"https:\/\/yachtcharter-connection.com\/de\/wp-json\/wp\/v2\/pages\/540"}],"wp:attachment":[{"href":"https:\/\/yachtcharter-connection.com\/de\/wp-json\/wp\/v2\/media?parent=802"}],"curies":[{"name":"wp","href":"https:\/\/api.w.org\/{rel}","templated":true}]}}