{"id":808,"date":"2011-03-14T05:08:38","date_gmt":"2011-03-14T05:08:38","guid":{"rendered":"http:\/\/yachtcharter-connection.com.w01e47c6.kasserver.com\/yachtcharter-malediven-archipel\/"},"modified":"2016-10-29T18:13:28","modified_gmt":"2016-10-29T16:13:28","slug":"yachtcharter-malediven-archipel","status":"publish","type":"page","link":"https:\/\/yachtcharter-connection.com\/de\/regionen\/indischer-ozean\/yachtcharter-malediven-archipel\/","title":{"rendered":"Malediven Archipel"},"content":{"rendered":"<h3>Yachtcharter Malediven Archipel<\/h3>\n<p><img loading=\"lazy\" class=\"content-image\"  height=\"200\" width=\"300\" src=\"https:\/\/yachtcharter-connection.com\/wp-content\/uploads\/converted_files\/19230\/19230-5624b2f240611.jpg\" alt=\"Segelrevier_Malediven\" \/>Die Malediven sind der ideale Ort f\u00fcr luxuri\u00f6sen Urlaub auf Inseln und an Bord, auf dem Wasser und unter Wasser: beim Schnorcheln und tauchen. Lesen Sie mehr \u00fcber Yachtcharter auf den <a href=\"~\/Yachtcharter_malediven.html\" target=\"_blank\">Malediven<\/a>.<\/p>\n<p><\/p>\n<table  class=\"RegionsAndSubregions\" cellspacing=\"0\" border=\"0\" style=\"border-collapse:collapse;\">\n<tbody>\n<tr>\n<td>\n<div class=\"SubregionRepeaterTitle\">\n<h2> Malediven Archipel <\/h2>\n<\/div>\n<div class=\"SmallLinks\">\n<ul>\n<li><a class=\"SmallLinks\" href=\"https:\/\/yachtcharter-connection.com\/male-836\" title=\"\"> Male <\/a><\/li>\n<\/ul>\n<\/div>\n<\/td>\n<\/tr>\n<\/tbody>\n<\/table>\n","protected":false},"excerpt":{"rendered":"<p>Yachtcharter Malediven Archipel Die Malediven sind der ideale Ort f\u00fcr luxuri\u00f6sen Urlaub auf Inseln und an Bord, auf dem Wasser und unter Wasser: beim Schnorcheln und tauchen. Lesen Sie mehr \u00fcber Yachtcharter auf den Malediven. Malediven Archipel Male<\/p>\n","protected":false},"author":11,"featured_media":0,"parent":534,"menu_order":0,"comment_status":"open","ping_status":"open","template":"","meta":[],"aioseo_notices":[],"_links":{"self":[{"href":"https:\/\/yachtcharter-connection.com\/de\/wp-json\/wp\/v2\/pages\/808"}],"collection":[{"href":"https:\/\/yachtcharter-connection.com\/de\/wp-json\/wp\/v2\/pages"}],"about":[{"href":"https:\/\/yachtcharter-connection.com\/de\/wp-json\/wp\/v2\/types\/page"}],"author":[{"embeddable":true,"href":"https:\/\/yachtcharter-connection.com\/de\/wp-json\/wp\/v2\/users\/11"}],"replies":[{"embeddable":true,"href":"https:\/\/yachtcharter-connection.com\/de\/wp-json\/wp\/v2\/comments?post=808"}],"version-history":[{"count":1,"href":"https:\/\/yachtcharter-connection.com\/de\/wp-json\/wp\/v2\/pages\/808\/revisions"}],"predecessor-version":[{"id":13123,"href":"https:\/\/yachtcharter-connection.com\/de\/wp-json\/wp\/v2\/pages\/808\/revisions\/13123"}],"up":[{"embeddable":true,"href":"https:\/\/yachtcharter-connection.com\/de\/wp-json\/wp\/v2\/pages\/534"}],"wp:attachment":[{"href":"https:\/\/yachtcharter-connection.com\/de\/wp-json\/wp\/v2\/media?parent=808"}],"curies":[{"name":"wp","href":"https:\/\/api.w.org\/{rel}","templated":true}]}}