{"id":813,"date":"2014-05-04T19:13:53","date_gmt":"2014-05-04T19:13:53","guid":{"rendered":"http:\/\/yachtcharter-connection.com.w01e47c6.kasserver.com\/yachtcharter-zentralamerika\/"},"modified":"2017-10-29T19:35:11","modified_gmt":"2017-10-29T17:35:11","slug":"yachtcharter-zentralamerika","status":"publish","type":"page","link":"https:\/\/yachtcharter-connection.com\/de\/regionen\/karibik\/yachtcharter-zentralamerika\/","title":{"rendered":"Zentralamerika"},"content":{"rendered":"<h1><strong>Yachtcharter Zentralamerika<\/strong><\/h1>\n<p>Belize und Panama \/ San Blas sind landschaftlich wundersch\u00f6ne karibische Reviere, in denen der Yachtcharter-Tourismus noch in seinen Anf\u00e4ngen steckt &#8211; reizvoll f\u00fcr Urlauber, die schon fast alle anderen Destinationen kennen&#8230;&#8230; Wir bieten Ihnen gerne Luxuskatamarane mit Crew f\u00fcr Ihren Yachtcharter-Urlaub an in Belize oder auf den San Blas Inseln, der sch\u00f6nsten Segelregion in Panama. Fragen Sie uns auch nach Angeboten Luxusyacht-Charter in Zentralamerika!<\/p>\n<table class=\"RegionsAndSubregions\" style=\"border-collapse: collapse;\" border=\"0\" cellspacing=\"0\">\n<tbody>\n<tr>\n<td>\n<div class=\"SubregionRepeaterTitle\">\n<h2>Zentralamerika<\/h2>\n<\/div>\n<div class=\"SmallLinks\">\n<ul>\n<li><a class=\"SmallLinks\" title=\"\" href=\"https:\/\/yachtcharter-connection.com\/belize-moho-caye-736\"> Belize \/ Moho Caye <\/a><\/li>\n<li><a class=\"SmallLinks\" title=\"\" href=\"https:\/\/yachtcharter-connection.com\/belize-placencia-454\"> Belize \/ Placencia <\/a><\/li>\n<li><a class=\"SmallLinks\" title=\"\" href=\"https:\/\/yachtcharter-connection.com\/belize-puerto-cortes-167\"> Belize \/ Puerto Cortes <\/a><\/li>\n<li><a class=\"SmallLinks\" title=\"\" href=\"https:\/\/yachtcharter-connection.com\/san-blas-el-porvenir-478\"> San Blas \/ El Porvenir <\/a><\/li>\n<\/ul>\n<\/div>\n<\/td>\n<\/tr>\n<\/tbody>\n<\/table>\n","protected":false},"excerpt":{"rendered":"<p>Yachtcharter Zentralamerika Belize und Panama \/ San Blas sind landschaftlich wundersch\u00f6ne karibische Reviere, in denen der Yachtcharter-Tourismus noch in seinen Anf\u00e4ngen steckt &#8211; reizvoll f\u00fcr Urlauber, die schon fast alle anderen Destinationen kennen&#8230;&#8230; Wir bieten Ihnen gerne Luxuskatamarane mit Crew f\u00fcr Ihren Yachtcharter-Urlaub an in Belize oder auf den San<\/p>\n","protected":false},"author":11,"featured_media":0,"parent":531,"menu_order":0,"comment_status":"open","ping_status":"open","template":"","meta":[],"aioseo_notices":[],"_links":{"self":[{"href":"https:\/\/yachtcharter-connection.com\/de\/wp-json\/wp\/v2\/pages\/813"}],"collection":[{"href":"https:\/\/yachtcharter-connection.com\/de\/wp-json\/wp\/v2\/pages"}],"about":[{"href":"https:\/\/yachtcharter-connection.com\/de\/wp-json\/wp\/v2\/types\/page"}],"author":[{"embeddable":true,"href":"https:\/\/yachtcharter-connection.com\/de\/wp-json\/wp\/v2\/users\/11"}],"replies":[{"embeddable":true,"href":"https:\/\/yachtcharter-connection.com\/de\/wp-json\/wp\/v2\/comments?post=813"}],"version-history":[{"count":3,"href":"https:\/\/yachtcharter-connection.com\/de\/wp-json\/wp\/v2\/pages\/813\/revisions"}],"predecessor-version":[{"id":25509,"href":"https:\/\/yachtcharter-connection.com\/de\/wp-json\/wp\/v2\/pages\/813\/revisions\/25509"}],"up":[{"embeddable":true,"href":"https:\/\/yachtcharter-connection.com\/de\/wp-json\/wp\/v2\/pages\/531"}],"wp:attachment":[{"href":"https:\/\/yachtcharter-connection.com\/de\/wp-json\/wp\/v2\/media?parent=813"}],"curies":[{"name":"wp","href":"https:\/\/api.w.org\/{rel}","templated":true}]}}