{"id":817,"date":"2015-08-10T05:53:36","date_gmt":"2015-08-10T05:53:36","guid":{"rendered":"http:\/\/yachtcharter-connection.com.w01e47c6.kasserver.com\/yachtcharter-bahamas-archipel\/"},"modified":"2016-10-29T17:57:01","modified_gmt":"2016-10-29T15:57:01","slug":"yachtcharter-bahamas-archipel","status":"publish","type":"page","link":"https:\/\/yachtcharter-connection.com\/de\/regionen\/usa-s%c3%bcdost-florida-bahamas\/yachtcharter-bahamas-archipel\/","title":{"rendered":"Bahamas Archipel"},"content":{"rendered":"<h3>Yachtcharter Bahamas Archipel<\/h3>\n<p>\n<img loading=\"lazy\" class=\"content-image\"  width=\"300\" height=\"199\" alt=\"Bahamas_Nassau_Leuchtturm\" src=\"https:\/\/yachtcharter-connection.com\/wp-content\/uploads\/converted_files\/19257\/19257-5624b300cda3b.jpg\" \/>\u00dcber 700 Inseln (davon etwa 30 bewohnt), etwa 2.500 Cays (Korallenriffe), glasklares Wasser, malerische D\u00f6rfer, angenehme Temperaturen &#8211; und ein fantastisches Segelgebiet: Lesen Sie hier mehr \u00fcber <a href=\"~\/Yachtcharter_bahamas.html\">Yachtcharter in den Bahamas, <\/a>das Archipel der Abacos und <a href=\"~\/Yachtcharter_bahamas\/great_abaco_marsh_harbour.html\">Marsh Harbour,<\/a> den Ausgangspunkt f\u00fcr Yachtcharter-T\u00f6rns mit Segelyachten, Segelkatamaranen und Motorkatamarenen auf Great Abaco.<\/p>\n<p><\/p>\n<table  class=\"RegionsAndSubregions\" cellspacing=\"0\" border=\"0\" style=\"border-collapse:collapse;\">\n<tbody>\n<tr>\n<td>\n<div class=\"SubregionRepeaterTitle\">\n<h2> Bahamas Archipel <\/h2>\n<\/div>\n<div class=\"SmallLinks\">\n<ul>\n<li><a class=\"SmallLinks\" href=\"https:\/\/yachtcharter-connection.com\/great-abaco-marsh-harbour-521\" title=\"\"> Great Abaco \/ Marsh Harbour <\/a><\/li>\n<\/ul>\n<\/div>\n<\/td>\n<\/tr>\n<\/tbody>\n<\/table>\n","protected":false},"excerpt":{"rendered":"<p>Yachtcharter Bahamas Archipel \u00dcber 700 Inseln (davon etwa 30 bewohnt), etwa 2.500 Cays (Korallenriffe), glasklares Wasser, malerische D\u00f6rfer, angenehme Temperaturen &#8211; und ein fantastisches Segelgebiet: Lesen Sie hier mehr \u00fcber Yachtcharter in den Bahamas, das Archipel der Abacos und Marsh Harbour, den Ausgangspunkt f\u00fcr Yachtcharter-T\u00f6rns mit Segelyachten, Segelkatamaranen und Motorkatamarenen<\/p>\n","protected":false},"author":11,"featured_media":0,"parent":544,"menu_order":0,"comment_status":"open","ping_status":"open","template":"","meta":[],"aioseo_notices":[],"_links":{"self":[{"href":"https:\/\/yachtcharter-connection.com\/de\/wp-json\/wp\/v2\/pages\/817"}],"collection":[{"href":"https:\/\/yachtcharter-connection.com\/de\/wp-json\/wp\/v2\/pages"}],"about":[{"href":"https:\/\/yachtcharter-connection.com\/de\/wp-json\/wp\/v2\/types\/page"}],"author":[{"embeddable":true,"href":"https:\/\/yachtcharter-connection.com\/de\/wp-json\/wp\/v2\/users\/11"}],"replies":[{"embeddable":true,"href":"https:\/\/yachtcharter-connection.com\/de\/wp-json\/wp\/v2\/comments?post=817"}],"version-history":[{"count":1,"href":"https:\/\/yachtcharter-connection.com\/de\/wp-json\/wp\/v2\/pages\/817\/revisions"}],"predecessor-version":[{"id":12895,"href":"https:\/\/yachtcharter-connection.com\/de\/wp-json\/wp\/v2\/pages\/817\/revisions\/12895"}],"up":[{"embeddable":true,"href":"https:\/\/yachtcharter-connection.com\/de\/wp-json\/wp\/v2\/pages\/544"}],"wp:attachment":[{"href":"https:\/\/yachtcharter-connection.com\/de\/wp-json\/wp\/v2\/media?parent=817"}],"curies":[{"name":"wp","href":"https:\/\/api.w.org\/{rel}","templated":true}]}}