{"id":818,"date":"2015-08-10T05:53:36","date_gmt":"2015-08-10T05:53:36","guid":{"rendered":"http:\/\/yachtcharter-connection.com.w01e47c6.kasserver.com\/yachtcharter-andalusien-costa-del-sol\/"},"modified":"2016-10-29T18:14:46","modified_gmt":"2016-10-29T16:14:46","slug":"yachtcharter-andalusien-costa-del-sol","status":"publish","type":"page","link":"https:\/\/yachtcharter-connection.com\/de\/regionen\/mittelmeer\/yachtcharter-andalusien-costa-del-sol\/","title":{"rendered":"Andalusien \/ Costa del Sol"},"content":{"rendered":"<h3>Yachtcharter Andalusien \/ Costa del Sol<\/h3>\n<p>\n<img loading=\"lazy\" class=\"content-image\"  width=\"300\" height=\"201\" alt=\"Spanien_Andalusien_Costa_del_Sol\" src=\"https:\/\/yachtcharter-connection.com\/wp-content\/uploads\/converted_files\/19260\/19260-5624b304aaa28.jpg\" \/>An der s\u00fcdlichen spanischen Mittelmeerk\u00fcste, der Costa del Sol, ist das Netz der Marinas mit allen Service-Angeboten f\u00fcr Yachtcharter-Tourismus dicht, schon weil die Spanier selbst gern ihre Yachten hier liegen haben, die K\u00fcste wird allerdings flach, Sandstr\u00e4nde dominieren, die Natur bietet wenig Spektakul\u00e4res. Yachtcharter-St\u00fctzpunkte gibt es unter anderem in Estepona, Malaga oder Port Matar\u00f3.<\/p>\n<p>Die Highlights im S\u00fcden der spanischen Mittelmeerk\u00fcste sind f\u00fcr viele Yachtcharter-Crews Sundowner und Party-Life in Touristenorten, nobles Ambiente in Marbella oder Malaga, Ausfl\u00fcge ins Hinterland wie zur L\u00f6wenburg nach Granada oder von der Costa del Sol aus auch der Yachtcharter-T\u00f6rn zum Affenfelsen nach Gibraltar oder weiter nach Afrika.<\/p>\n<p><\/p>\n<table  class=\"RegionsAndSubregions\" cellspacing=\"0\" border=\"0\" style=\"border-collapse:collapse;\">\n<tbody>\n<tr>\n<td>\n<div class=\"SubregionRepeaterTitle\">\n<h2> Andalusien \/ Costa del Sol <\/h2>\n<\/div>\n<div class=\"SmallLinks\">\n<ul>\n<li><a class=\"SmallLinks\" href=\"https:\/\/yachtcharter-connection.com\/estepona-136\" title=\"\"> Estepona <\/a><\/li>\n<li><a class=\"SmallLinks\" href=\"https:\/\/yachtcharter-connection.com\/malaga-878\" title=\"\"> Malaga <\/a><\/li>\n<li><a class=\"SmallLinks\" href=\"https:\/\/yachtcharter-connection.com\/yachtcharter-marbella\" title=\"\"> Marbella <\/a><\/li>\n<\/ul>\n<\/div>\n<\/td>\n<\/tr>\n<\/tbody>\n<\/table>\n","protected":false},"excerpt":{"rendered":"<p>Yachtcharter Andalusien \/ Costa del Sol An der s\u00fcdlichen spanischen Mittelmeerk\u00fcste, der Costa del Sol, ist das Netz der Marinas mit allen Service-Angeboten f\u00fcr Yachtcharter-Tourismus dicht, schon weil die Spanier selbst gern ihre Yachten hier liegen haben, die K\u00fcste wird allerdings flach, Sandstr\u00e4nde dominieren, die Natur bietet wenig Spektakul\u00e4res. Yachtcharter-St\u00fctzpunkte<\/p>\n","protected":false},"author":11,"featured_media":0,"parent":532,"menu_order":0,"comment_status":"open","ping_status":"open","template":"","meta":[],"aioseo_notices":[],"_links":{"self":[{"href":"https:\/\/yachtcharter-connection.com\/de\/wp-json\/wp\/v2\/pages\/818"}],"collection":[{"href":"https:\/\/yachtcharter-connection.com\/de\/wp-json\/wp\/v2\/pages"}],"about":[{"href":"https:\/\/yachtcharter-connection.com\/de\/wp-json\/wp\/v2\/types\/page"}],"author":[{"embeddable":true,"href":"https:\/\/yachtcharter-connection.com\/de\/wp-json\/wp\/v2\/users\/11"}],"replies":[{"embeddable":true,"href":"https:\/\/yachtcharter-connection.com\/de\/wp-json\/wp\/v2\/comments?post=818"}],"version-history":[{"count":1,"href":"https:\/\/yachtcharter-connection.com\/de\/wp-json\/wp\/v2\/pages\/818\/revisions"}],"predecessor-version":[{"id":13266,"href":"https:\/\/yachtcharter-connection.com\/de\/wp-json\/wp\/v2\/pages\/818\/revisions\/13266"}],"up":[{"embeddable":true,"href":"https:\/\/yachtcharter-connection.com\/de\/wp-json\/wp\/v2\/pages\/532"}],"wp:attachment":[{"href":"https:\/\/yachtcharter-connection.com\/de\/wp-json\/wp\/v2\/media?parent=818"}],"curies":[{"name":"wp","href":"https:\/\/api.w.org\/{rel}","templated":true}]}}