{"id":823,"date":"2015-08-10T05:53:37","date_gmt":"2015-08-10T05:53:37","guid":{"rendered":"http:\/\/yachtcharter-connection.com.w01e47c6.kasserver.com\/yachtcharter-azoren\/"},"modified":"2016-10-29T18:55:15","modified_gmt":"2016-10-29T16:55:15","slug":"yachtcharter-azoren","status":"publish","type":"page","link":"https:\/\/yachtcharter-connection.com\/de\/regionen\/atlantik-westeuropa\/yachtcharter-azoren\/","title":{"rendered":"Azoren"},"content":{"rendered":"<h3>Yachtcharter Azoren<\/h3>\n<p>\n<img class=\"content-image\"  style=\"width: 300px; height: 225px;\" alt=\"Azoren-Horta-Hafen-Pico-yachtcharter-Horta.jpg\" src=\"https:\/\/yachtcharter-connection.com\/wp-content\/uploads\/converted_files\/29760\/29760-5624b3061ad3e.jpg\" \/>Mitten im Atlantik, rund 760 Seemeilen westlich von Europa und \u00fcber 2100 Seemeilen \u00f6stlich von Nordamerika, liegt die Inselgruppe der Azoren &#8211; als autonome Region <a href=\"~\/Yachtcharter_portugal.html\">Portugals<\/a> westlicher Au\u00dfenposten der Europ\u00e4ischen Union. Die meisten Segler kennen die &quot;Habichtsinseln&quot; (Ilhas dos Acores) vor allem aus dem Wetterbericht, wenn wieder einmal ein stabiles Azoren-Hoch f\u00fcr sch\u00f6nes Wetter in Mitteleuropa sorgt. Langfahrer legen bei einer Atlantik-\u00dcberquerung auf den Azoren bisweilen einen Zwischenstopp ein, bevorzugt in Horta auf der Insel Faial. F\u00fcr Yachtcharter auf den Azoren steht eine kleine Charterflotte von Segelyachten zur Verf\u00fcgung. <\/p>\n<p>Die neun gro\u00dfen Inseln der Gruppe sind aufgeteilt auf die &ldquo;Grupo Ocidental&rdquo; im Nordwesten  mit Flores und Corvo,  die &ldquo;Grupo Oriental&rdquo; im S\u00fcdosten und die &bdquo;Grupo Central&ldquo; dazwischen. In der s\u00fcd\u00f6stlichen Gruppe  liegt die gr\u00f6\u00dfte Azoren-Insel Sao Miguel, Hauptinsel und auch Sitz der Hauptstadt Ponta Delgada,  Santa Maria sowie die unbewohnte Inselgruppe der Formigas. Zur  zentralen Gruppe, die f\u00fcr Segler besonders interessant ist, liegt die Insel Faial mit dem Hauptort Horta, Pico, Sao Jorge, Graciosa und Terceira. Zwischen Corvo im Nordwesten und Santa Maria im S\u00fcdosten liegen rund 340 Seemeilen. In der Hauptstadt Ponta Delgada wohnen rund 20 Prozent der etwa 250.000 Einwohner.<\/p>\n<p>Die Azoren wurden bereits Mitte des 15. Jahrhunderts von den Portugiesen besiedelt . W\u00e4hrend fr\u00fcher Landwirtschaft mit dem Anbau von Zuckerrohr, Orangen und Ananas sowie Tabak und Tee die Haupteinnahmequelle war, sp\u00e4ter verst\u00e4rkt Handel und Walfang, wird heute neben Viehzucht der Tourismus und insbesondere auch der \u00d6k\u00f6tourismus immer wichtiger. Touristen k\u00f6nnen hier auch nach \u00fcber drei\u00dfig Arten von Walen und Delphinen Ausschau halten.<\/p>\n<p>Durch den Golfstrom herrscht auf den Azoren ganzj\u00e4hrig ein relativ mildes Klima mit durchschnittlich 13 Grad Celsius im Winter und 23 Grad im Sommer, bei Wassertemperaturen, die nur von 18 bis 24 Grad schwanken.  \u00dcppige Vegetation wechselt sich mit kargeren Vulkanformationen ab &ndash; Erdbeben und Vulkanausbr\u00fcche waren auf den Azoren auch in j\u00fcngster Geschichte keine Seltenheit.<\/p>\n<p>Yachtcharter Azoren-Crews erreichen die Azoren \u00fcber den internationalen Flughafen von Ponte Delgada Joao Paulo II (PDL) und die regionalen Flugh\u00e4fen auf den anderen 8 Inseln, die alle auch mit F\u00e4hren verbunden werden. <\/p>\n<p>Segelyachten f\u00fcr Bareboat-Yachtcharter auf den Azoren gibt es erst seit 2011. Chartersegler k\u00f6nnen die Yachten auf drei Inseln der &bdquo;Grupo Central&ldquo;  an den Charterst\u00fctzpunkten in der <a href=\"~\/Yachtcharter_portugal\/azoren_faial_horta.html\">Marina Horta auf Faial<\/a>, in <a href=\"https:\/\/yachtcharter-connection.com\/wp-content\/uploads\/converted_files\/29760\/29760-5624b30a2f06d.jpg\">Velas auf Sao Jorge<\/a> und in der <a href=\"~\/Yachtcharter_portugal\/azoren_ilha_do_pico.html\">Marina Lajes do Pico<\/a> \u00fcbernehmen. <\/p>\n<p><\/p>\n<table  class=\"RegionsAndSubregions\" cellspacing=\"0\" border=\"0\" style=\"border-collapse:collapse;\">\n<tbody>\n<tr>\n<td>\n<div class=\"SubregionRepeaterTitle\">\n<h2> Azoren <\/h2>\n<\/div>\n<div class=\"SmallLinks\">\n<ul>\n<li><a class=\"SmallLinks\" href=\"https:\/\/yachtcharter-connection.com\/azoren-faial-horta\" title=\"\"> Azoren \/ Faial \/ Horta <\/a><\/li>\n<li><a class=\"SmallLinks\" href=\"https:\/\/yachtcharter-connection.com\/yachtcharter-azoren-santa-maria-vila-do-porto\" title=\"\"> Azoren \/ Santa Maria \/ Vila do Porto <\/a><\/li>\n<li><a class=\"SmallLinks\" href=\"https:\/\/yachtcharter-connection.com\/azoren-s%c3%a3o-jorge-velas\" title=\"\"> Azoren \/ S\u00e3o Jorge \/ Velas <\/a><\/li>\n<li><a class=\"SmallLinks\" href=\"https:\/\/yachtcharter-connection.com\/yachtcharter-azoren-s%c3%a3o-miguel-ponta-delgada\" title=\"\"> Azoren \/ S\u00e3o Miguel \/ Ponta Delgada <\/a><\/li>\n<\/ul>\n<\/div>\n<\/td>\n<\/tr>\n<\/tbody>\n<\/table>\n","protected":false},"excerpt":{"rendered":"<p>Yachtcharter Azoren Mitten im Atlantik, rund 760 Seemeilen westlich von Europa und \u00fcber 2100 Seemeilen \u00f6stlich von Nordamerika, liegt die Inselgruppe der Azoren &#8211; als autonome Region Portugals westlicher Au\u00dfenposten der Europ\u00e4ischen Union. Die meisten Segler kennen die &quot;Habichtsinseln&quot; (Ilhas dos Acores) vor allem aus dem Wetterbericht, wenn wieder einmal<\/p>\n","protected":false},"author":11,"featured_media":0,"parent":545,"menu_order":0,"comment_status":"open","ping_status":"open","template":"","meta":[],"aioseo_notices":[],"_links":{"self":[{"href":"https:\/\/yachtcharter-connection.com\/de\/wp-json\/wp\/v2\/pages\/823"}],"collection":[{"href":"https:\/\/yachtcharter-connection.com\/de\/wp-json\/wp\/v2\/pages"}],"about":[{"href":"https:\/\/yachtcharter-connection.com\/de\/wp-json\/wp\/v2\/types\/page"}],"author":[{"embeddable":true,"href":"https:\/\/yachtcharter-connection.com\/de\/wp-json\/wp\/v2\/users\/11"}],"replies":[{"embeddable":true,"href":"https:\/\/yachtcharter-connection.com\/de\/wp-json\/wp\/v2\/comments?post=823"}],"version-history":[{"count":1,"href":"https:\/\/yachtcharter-connection.com\/de\/wp-json\/wp\/v2\/pages\/823\/revisions"}],"predecessor-version":[{"id":13576,"href":"https:\/\/yachtcharter-connection.com\/de\/wp-json\/wp\/v2\/pages\/823\/revisions\/13576"}],"up":[{"embeddable":true,"href":"https:\/\/yachtcharter-connection.com\/de\/wp-json\/wp\/v2\/pages\/545"}],"wp:attachment":[{"href":"https:\/\/yachtcharter-connection.com\/de\/wp-json\/wp\/v2\/media?parent=823"}],"curies":[{"name":"wp","href":"https:\/\/api.w.org\/{rel}","templated":true}]}}