{"id":83,"date":"2014-09-16T12:34:54","date_gmt":"2014-09-16T12:34:54","guid":{"rendered":"http:\/\/yachtcharter-connection.com.w01e47c6.kasserver.com\/charter-kategorien\/"},"modified":"2016-10-29T17:57:18","modified_gmt":"2016-10-29T15:57:18","slug":"charter-kategorien","status":"publish","type":"page","link":"https:\/\/yachtcharter-connection.com\/de\/charter-kategorien\/","title":{"rendered":"Yachtcharter"},"content":{"rendered":"<table border=\"0\" width=\"100%\" cellspacing=\"0\" cellpadding=\"0\" align=\"left\">\n<tbody>\n<tr>\n<td>\n<h2><a title=\"Bareboat Charters\" href=\"~\/Bareboat_Charteryachten.html\" type=\"Bareboat Charters\">Bareboat Charter<\/a><\/h2>\n<\/td>\n<td>\n<h2><a title=\"Luxury &amp; Crewed Charters\" href=\"~\/Luxus_Charteryachten.html\" type=\"Luxury &amp; Crewed Charters\">Luxusyachten mit Crew<\/a><\/h2>\n<\/td>\n<td>\n<h2><a title=\"Events &amp; Incentives\" href=\"~\/Events_Veranstaltungen.html\" type=\"Events &amp; Incentives\">Events &amp; Incentives<\/a><\/h2>\n<\/td>\n<\/tr>\n<tr>\n<td><a href=\"~\/Yachts\/Bareboat_Yachts.html\"><img loading=\"lazy\" class=\"content-image\" title=\"Bareboat Yacht Charters\" src=\"https:\/\/yachtcharter-connection.com\/wp-content\/uploads\/converted_files\/28\/28-5656b8293eac0.jpg\" alt=\"Bareboat Charters\" width=\"165\" height=\"110\" border=\"0\" \/><\/a><\/td>\n<td><a href=\"~\/Luxury_Yachts.html\"><img loading=\"lazy\" class=\"content-image\" title=\"Luxury Charters\" src=\"https:\/\/yachtcharter-connection.com\/wp-content\/uploads\/converted_files\/28\/28-5656b82bc7f89.jpg\" alt=\"Luxury Charters\" width=\"165\" height=\"110\" border=\"0\" \/><\/a><\/td>\n<td><a href=\"~\/Categories\/Specials_Incentives.html\"><img loading=\"lazy\" class=\"content-image\" title=\"Events &amp; Incentives\" src=\"https:\/\/yachtcharter-connection.com\/wp-content\/uploads\/converted_files\/28\/28-5656b82d5036b.jpg\" alt=\"Events &amp; Incentives\" width=\"165\" height=\"110\" border=\"0\" \/><\/a><\/td>\n<\/tr>\n<tr>\n<td>Die beste Charteryacht f\u00fcr<br \/>\nIhren Urlaub an Bord:<br \/>\nSegelyachten, Motoryachten und Katamarane.<br \/>\nNat\u00fcrlich k\u00f6nnen Sie alle Bareboat-Yachten auch<br \/>\nmit Skipper buchen.<\/p>\n<p>&nbsp;<\/td>\n<td>Luxusyachten mit Kapit\u00e4n<br \/>\nund Crew: Den T\u00f6rnplan bestimmen Sie gemeinsam<br \/>\nmit dem Skipper, den Speiseplan mit dem<br \/>\nKoch \u2013 Sie selbst m\u00fcssen<br \/>\nden Urlaub auf dem<br \/>\nMeer nur noch genie\u00dfen.<\/p>\n<p>&nbsp;<\/td>\n<td>Events &amp; Incentives auf dem<br \/>\nWasser \u2013 unvergessliches Erlebnis f\u00fcr Teams<br \/>\noder Unternehmen, ein besonderes Ereignis f\u00fcr<br \/>\nFamily &amp; Friends.<\/p>\n<p>&nbsp;<\/td>\n<\/tr>\n<\/tbody>\n<\/table>\n","protected":false},"excerpt":{"rendered":"<p>Bareboat Charter Luxusyachten mit Crew Events &amp; Incentives Die beste Charteryacht f\u00fcr Ihren Urlaub an Bord: Segelyachten, Motoryachten und Katamarane. Nat\u00fcrlich k\u00f6nnen Sie alle Bareboat-Yachten auch mit Skipper buchen. &nbsp; Luxusyachten mit Kapit\u00e4n und Crew: Den T\u00f6rnplan bestimmen Sie gemeinsam mit dem Skipper, den Speiseplan mit dem Koch \u2013 Sie<\/p>\n","protected":false},"author":11,"featured_media":0,"parent":0,"menu_order":0,"comment_status":"open","ping_status":"open","template":"","meta":[],"aioseo_notices":[],"_links":{"self":[{"href":"https:\/\/yachtcharter-connection.com\/de\/wp-json\/wp\/v2\/pages\/83"}],"collection":[{"href":"https:\/\/yachtcharter-connection.com\/de\/wp-json\/wp\/v2\/pages"}],"about":[{"href":"https:\/\/yachtcharter-connection.com\/de\/wp-json\/wp\/v2\/types\/page"}],"author":[{"embeddable":true,"href":"https:\/\/yachtcharter-connection.com\/de\/wp-json\/wp\/v2\/users\/11"}],"replies":[{"embeddable":true,"href":"https:\/\/yachtcharter-connection.com\/de\/wp-json\/wp\/v2\/comments?post=83"}],"version-history":[{"count":1,"href":"https:\/\/yachtcharter-connection.com\/de\/wp-json\/wp\/v2\/pages\/83\/revisions"}],"predecessor-version":[{"id":7641,"href":"https:\/\/yachtcharter-connection.com\/de\/wp-json\/wp\/v2\/pages\/83\/revisions\/7641"}],"wp:attachment":[{"href":"https:\/\/yachtcharter-connection.com\/de\/wp-json\/wp\/v2\/media?parent=83"}],"curies":[{"name":"wp","href":"https:\/\/api.w.org\/{rel}","templated":true}]}}