{"id":85,"date":"2014-09-12T13:26:47","date_gmt":"2014-09-12T13:26:47","guid":{"rendered":"http:\/\/yachtcharter-connection.com.w01e47c6.kasserver.com\/yachten\/"},"modified":"2017-10-20T19:24:15","modified_gmt":"2017-10-20T17:24:15","slug":"yachten","status":"publish","type":"page","link":"https:\/\/yachtcharter-connection.com\/de\/yachten\/","title":{"rendered":"Yachten"},"content":{"rendered":"<table class=\" aligncenter\" style=\"height: 91px;\" width=\"839\">\n<tbody>\n<tr>\n<td>\n<h2 style=\"text-align: center;\"><a href=\"\/de\/bareboat-charteryachten\/\">Bareboat-Charteryachten<\/a><\/h2>\n<\/td>\n<\/tr>\n<tr>\n<td>\n<p style=\"text-align: center;\"><img loading=\"lazy\" class=\"size-full wp-image-7469 aligncenter\" src=\"\/wp-content\/uploads\/2014\/04\/bareboat_yachtcharter1.jpg\" alt=\"bareboat_yachtcharter\" width=\"560\" height=\"180\" srcset=\"https:\/\/yachtcharter-connection.com\/wp-content\/uploads\/2014\/04\/bareboat_yachtcharter1.jpg 560w, https:\/\/yachtcharter-connection.com\/wp-content\/uploads\/2014\/04\/bareboat_yachtcharter1-300x96.jpg 300w\" sizes=\"(max-width: 560px) 100vw, 560px\" \/><\/p>\n<\/td>\n<\/tr>\n<tr>\n<td>\n<p style=\"text-align: center;\">Die beste Charteryacht f\u00fcr Ihren Urlaub an Bord: Segelyachten, Motorboote und Katamarane. Und nat\u00fcrlich k\u00f6nnen Sie alle Bareboat-Yachten auch mit Skipper oder kompletter Crew buchen!<\/p>\n<\/td>\n<\/tr>\n<tr>\n<td><\/td>\n<\/tr>\n<tr>\n<td>\n<h2 style=\"text-align: center;\"><a href=\"\/de\/yacht-list\/luxus-charteryachten-weltweit\/\">Luxus-Charteryachten<\/a><\/h2>\n<\/td>\n<\/tr>\n<tr>\n<td>\n<p style=\"text-align: center;\"><img loading=\"lazy\" class=\"size-full wp-image-7470 aligncenter\" src=\"\/wp-content\/uploads\/2014\/04\/luxury_yachtcharter1.jpg\" alt=\"luxury_yachtcharter\" width=\"560\" height=\"180\" srcset=\"https:\/\/yachtcharter-connection.com\/wp-content\/uploads\/2014\/04\/luxury_yachtcharter1.jpg 560w, https:\/\/yachtcharter-connection.com\/wp-content\/uploads\/2014\/04\/luxury_yachtcharter1-300x96.jpg 300w\" sizes=\"(max-width: 560px) 100vw, 560px\" \/><\/p>\n<\/td>\n<\/tr>\n<tr>\n<td>\n<p style=\"text-align: center;\">Luxuri\u00f6se Yachten mit Skipper und Crew: Den T\u00f6rnplan bestimmen Sie gemeinsam mit dem Skipper, den Speiseplan mit dem Koch \u2013 Sie selbst m\u00fcssen den Urlaub auf dem Meer nur noch genie\u00dfen.<\/p>\n<\/td>\n<\/tr>\n<\/tbody>\n<\/table>\n","protected":false},"excerpt":{"rendered":"<p>Bareboat-Charteryachten Die beste Charteryacht f\u00fcr Ihren Urlaub an Bord: Segelyachten, Motorboote und Katamarane. Und nat\u00fcrlich k\u00f6nnen Sie alle Bareboat-Yachten auch mit Skipper oder kompletter Crew buchen! Luxus-Charteryachten Luxuri\u00f6se Yachten mit Skipper und Crew: Den T\u00f6rnplan bestimmen Sie gemeinsam mit dem Skipper, den Speiseplan mit dem Koch \u2013 Sie selbst m\u00fcssen<\/p>\n","protected":false},"author":11,"featured_media":0,"parent":0,"menu_order":0,"comment_status":"open","ping_status":"open","template":"","meta":[],"aioseo_notices":[],"_links":{"self":[{"href":"https:\/\/yachtcharter-connection.com\/de\/wp-json\/wp\/v2\/pages\/85"}],"collection":[{"href":"https:\/\/yachtcharter-connection.com\/de\/wp-json\/wp\/v2\/pages"}],"about":[{"href":"https:\/\/yachtcharter-connection.com\/de\/wp-json\/wp\/v2\/types\/page"}],"author":[{"embeddable":true,"href":"https:\/\/yachtcharter-connection.com\/de\/wp-json\/wp\/v2\/users\/11"}],"replies":[{"embeddable":true,"href":"https:\/\/yachtcharter-connection.com\/de\/wp-json\/wp\/v2\/comments?post=85"}],"version-history":[{"count":6,"href":"https:\/\/yachtcharter-connection.com\/de\/wp-json\/wp\/v2\/pages\/85\/revisions"}],"predecessor-version":[{"id":22140,"href":"https:\/\/yachtcharter-connection.com\/de\/wp-json\/wp\/v2\/pages\/85\/revisions\/22140"}],"wp:attachment":[{"href":"https:\/\/yachtcharter-connection.com\/de\/wp-json\/wp\/v2\/media?parent=85"}],"curies":[{"name":"wp","href":"https:\/\/api.w.org\/{rel}","templated":true}]}}