{"id":90,"date":"2014-04-18T11:15:09","date_gmt":"2014-04-18T11:15:09","guid":{"rendered":"http:\/\/yachtcharter-connection.com.w01e47c6.kasserver.com\/bareboat-charteryachten\/"},"modified":"2025-02-25T19:46:15","modified_gmt":"2025-02-25T17:46:15","slug":"bareboat-charteryachten","status":"publish","type":"page","link":"https:\/\/yachtcharter-connection.com\/de\/bareboat-charteryachten\/","title":{"rendered":"Yachtdetails"},"content":{"rendered":"<div class=\"col-md-6 h300\">\n<h2><a href=\"..\/segelyachten\">Segelyachten<\/a><\/h2>\n<p><img class=\"img-responsive\" src=\"\/wp-content\/uploads\/2008\/09\/sailboat_yachtcharter.jpg\" alt=\"sailboat_yachtcharter\" \/><br \/>\nSegelyachten fast aller Hersteller, Einrumpfyachten fast aller Gr\u00f6\u00dfen, gem\u00fctliche Cruising-Yachten oder performance-orientierte Cruiser-Racer \u2013 hier finden Sie die passende Yacht f\u00fcr Ihren n\u00e4chsten T\u00f6rn.\n<\/div>\n<div class=\"col-md-6 h300\">\n<h2><a href=\"..\/motorboote\">Motorboote<\/a><\/h2>\n<p><img class=\"img-responsive\" src=\"\/wp-content\/uploads\/2008\/09\/powerboat_yachtcharter.jpg\" alt=\"powerboat_yachtcharter\" \/><br \/>\nMit der Motoryacht schnell von einer Bucht zum n\u00e4chsten Hafen oder gleich zur n\u00e4chsten Insel cruisen, in kurzer Zeit m\u00f6glichst viel vom Revier sehen und genie\u00dfen \u2013 hier finden Sie das richtige Powerboot f\u00fcr Ihren n\u00e4chsten Urlaub.<\/p>\n<\/div>\n<div class=\"col-md-6 h300\">\n<h2><a href=\"..\/katamarane\">Katamarane<\/a><\/h2>\n<p><img class=\"img-responsive\" src=\"\/wp-content\/uploads\/2008\/09\/catamaran_charters.jpg\" alt=\"catamaran_charters\" \/><br \/>\nViel Lebensraum an Deck, nahtloser \u00dcbergang vom Cockpit in den Salon, wenig Tiefgang: Katamarane werden insbesondere bei Familien, im sonnigen S\u00fcden und in Revieren mit vielen Lagunen immer beliebter.<\/p>\n<\/div>\n<div class=\"col-md-6 h300\">\n<h2><a href=\"..\/hausboote\">Hausboote<\/a><\/h2>\n<p><img class=\"img-responsive\" src=\"\/wp-content\/uploads\/2008\/09\/houseboat_rental.jpg\" alt=\"houseboat_rental\" \/><br \/>\nEntspanntes Reisen auf Fl\u00fcssen und Seen und dabei Land und Leute entdecken \u2013 Hausboote f\u00fcr erholsame Ferien gibt es in vielen Revieren auch ohne F\u00fchrerschein.<\/p>\n<\/div>\n","protected":false},"excerpt":{"rendered":"<p>Segelyachten Segelyachten fast aller Hersteller, Einrumpfyachten fast aller Gr\u00f6\u00dfen, gem\u00fctliche Cruising-Yachten oder performance-orientierte Cruiser-Racer \u2013 hier finden Sie die passende Yacht f\u00fcr Ihren n\u00e4chsten T\u00f6rn. Motorboote Mit der Motoryacht schnell von einer Bucht zum n\u00e4chsten Hafen oder gleich zur n\u00e4chsten Insel cruisen, in kurzer Zeit m\u00f6glichst viel vom Revier sehen<\/p>\n","protected":false},"author":11,"featured_media":0,"parent":0,"menu_order":0,"comment_status":"open","ping_status":"open","template":"","meta":[],"aioseo_notices":[],"_links":{"self":[{"href":"https:\/\/yachtcharter-connection.com\/de\/wp-json\/wp\/v2\/pages\/90"}],"collection":[{"href":"https:\/\/yachtcharter-connection.com\/de\/wp-json\/wp\/v2\/pages"}],"about":[{"href":"https:\/\/yachtcharter-connection.com\/de\/wp-json\/wp\/v2\/types\/page"}],"author":[{"embeddable":true,"href":"https:\/\/yachtcharter-connection.com\/de\/wp-json\/wp\/v2\/users\/11"}],"replies":[{"embeddable":true,"href":"https:\/\/yachtcharter-connection.com\/de\/wp-json\/wp\/v2\/comments?post=90"}],"version-history":[{"count":9,"href":"https:\/\/yachtcharter-connection.com\/de\/wp-json\/wp\/v2\/pages\/90\/revisions"}],"predecessor-version":[{"id":31193,"href":"https:\/\/yachtcharter-connection.com\/de\/wp-json\/wp\/v2\/pages\/90\/revisions\/31193"}],"wp:attachment":[{"href":"https:\/\/yachtcharter-connection.com\/de\/wp-json\/wp\/v2\/media?parent=90"}],"curies":[{"name":"wp","href":"https:\/\/api.w.org\/{rel}","templated":true}]}}