{"id":91,"date":"2014-06-06T19:41:23","date_gmt":"2014-06-06T19:41:23","guid":{"rendered":"http:\/\/yachtcharter-connection.com.w01e47c6.kasserver.com\/luxus-charteryachten\/"},"modified":"2023-09-06T12:22:15","modified_gmt":"2023-09-06T10:22:15","slug":"luxus-charteryachten","status":"publish","type":"page","link":"https:\/\/yachtcharter-connection.com\/de\/luxus-charteryachten\/","title":{"rendered":"Luxusyacht-Charter weltweit"},"content":{"rendered":"<h1><strong>Yachtcharter Luxusyachten mit Crew<\/strong><\/h1>\n<p><strong>Luxuri\u00f6se Yachten mit Skipper und Crew \u2013 genie\u00dfen Sie einen entspannten Urlaub auf See, bequemes Cruisen unter Segeln oder Motor mit allem Komfort. Den T\u00f6rnplan bestimmen Sie gemeinsam mit dem Skipper, den Speiseplan mit dem Koch. Sie selbst m\u00fcssen den Yachtcharter-Urlaub auf dem Meer dann nur noch genie\u00dfen. Entspannung pur in den sch\u00f6nsten Destinationen der Welt! Wir stellen Ihnen hier eine Reihe von luxuri\u00f6sen Charteryachten online vor \u2013 sehr viele weitere bieten wir auf Anfrage gern an! Das Yachtcharter-Angebot an Luxusyachten ist insbesondere im Sommer im Mittelmeer und im Winter in der Karibik gro\u00df. Superyachten cruisen auch im Indischen Ozean, im Pazifik, auf den Bahamas oder in Neuengland.<\/strong><\/p>\n<p><a href=\"https:\/\/yachtcharter-connection.com\/wp-content\/uploads\/2014\/07\/Luxury-yacht-charters-Megayachts600.jpg\"><img loading=\"lazy\" class=\"alignleft size-full wp-image-25237\" src=\"https:\/\/yachtcharter-connection.com\/wp-content\/uploads\/2014\/07\/Luxury-yacht-charters-Megayachts600.jpg\" alt=\"Meayacht charter\" width=\"600\" height=\"382\" srcset=\"https:\/\/yachtcharter-connection.com\/wp-content\/uploads\/2014\/07\/Luxury-yacht-charters-Megayachts600.jpg 600w, https:\/\/yachtcharter-connection.com\/wp-content\/uploads\/2014\/07\/Luxury-yacht-charters-Megayachts600-300x191.jpg 300w\" sizes=\"(max-width: 600px) 100vw, 600px\" \/><\/a><\/p>\n<p><a href=\"https:\/\/yachtcharter-connection.com\/wp-content\/uploads\/2014\/07\/Luxury-yacht-charters-sailing-yachts-catamarans600.jpg\"><img loading=\"lazy\" class=\"alignleft size-full wp-image-25238\" src=\"https:\/\/yachtcharter-connection.com\/wp-content\/uploads\/2014\/07\/Luxury-yacht-charters-sailing-yachts-catamarans600.jpg\" alt=\"Luxusyachtcharter-Segelyachten-Katamarane\" width=\"600\" height=\"309\" srcset=\"https:\/\/yachtcharter-connection.com\/wp-content\/uploads\/2014\/07\/Luxury-yacht-charters-sailing-yachts-catamarans600.jpg 600w, https:\/\/yachtcharter-connection.com\/wp-content\/uploads\/2014\/07\/Luxury-yacht-charters-sailing-yachts-catamarans600-300x155.jpg 300w\" sizes=\"(max-width: 600px) 100vw, 600px\" \/><\/a><br \/>\nWir vermitteln luxuri\u00f6se Motoryachten, elegante Segelyachten, Luxuskatamarane, Motorsegler,\u00a0 Mega- und Superyachten &#8211;<a href=\"https:\/\/yachtcharter-connection.com\/de\/luxusyachten\/\" target=\"_blank\" rel=\"noopener noreferrer\"> Luxusyachten mit Crew aller Typen und Gr\u00f6ssen<\/a>. Die Crews sind hochqualifiziert und sorgen als Ihre Gastgeber f\u00fcr Ihr Wohl. Die Schiffe sind hervorragend f\u00fcr Yachtcharter mit allem Komfort ausgestattet: meist mit Klimaanlage, WLAN, teils Satellitenfernsehen und Flachbildschirme, jeglicher Technik in der Bordk\u00fcche, allem Komfort in Salon und Schlafr\u00e4umen. Ein Beiboot ist immer, diverse Wassersportger\u00e4te fast immer an Bord.<\/p>\n<p>Gern \u00fcberpr\u00fcfen wir f\u00fcr Sie die Verf\u00fcgbarkeit der Schiffe und informieren Sie \u00fcber die speziellen Bedingungen bei der Yachtcharter von Luxusyachten. \u00dcbrigens: Wo die Luxusyacht aufh\u00f6rt und die Super- oder Megayacht anf\u00e4ngt, wei\u00df niemand so genau. Traumyachten sind sie alle.<\/p>\n<p><strong>Sie k\u00f6nnen in verschiedenen Bereichen unserer Website nach Ihrer Traumyacht f\u00fcr den n\u00e4chsten Charterurlaub suchen &#8211; nach Motoryachten, Segelboote, Katamarane,Motorsegoer \/ Gulets, Superyachten und\u00a0 Megayachten. Wenn die Yacht Ihrer Tr\u00e4ume nicht online ist, z\u00f6gern Sie nicht uns zu kontaktieren. Gern stellen wir Ihnen viele weitere\u00a0 Luxusyachten an &#8211; wir finden, was Sie suchen. Bitte fragen Sie uns nach Verf\u00fcgbarket, konkreten Angeboten und Routenvorschl\u00e4gen.<\/strong><\/p>\n<h3><strong>Luxus-Charteryachten &#8211; Unsere Selection<\/strong><\/h3>\n<p>Schauen Sie sich unsere Selection von <a href=\"\/de\/yacht-list\/luxus-charteryachten-weltweit\/\"><strong>Luxus-Charteryachten<\/strong><\/a> an: eine Auswahl von ausgesuchten Yachten, die wir empfehlen k\u00f6nnen: Motoryachten, Segelyachten, Katamarane und Motorsegler \/ Gulets. Sie sind im Mittelmeer, in der Karibik und vielen anderen Cruising-Regionen weltweit verf\u00fcgbar. Konkrete Angebote f\u00fcr diese und weitere Yachten schicken wir Ihnen auf Anfrage gern zu.<\/p>\n<h3><strong>Luxusyachten im \u00dcberblick<br \/>\n<\/strong><\/h3>\n<p>Eine sehr grosse Auswahl an exklusiven Luxuscharter-Yachten finden Sie hier im <strong><a href=\"\/de\/luxusyachten-%c3%bcberblick\/\">Luxusyachten-\u00dcberblick<\/a><\/strong>. Hier k\u00f6nnen Sie sich die Yachten ansehen &#8211; vielleicht ist Ihre Traumyacht f\u00fcr den n\u00e4chsten Urlaub dabei.<\/p>\n<h3><strong>Luxusyacht-Suche<\/strong><\/h3>\n<p>Mit unserer <strong><a href=\"\/de\/luxusyacht-suche\/\">Luxusyacht-Suchmaschine<\/a><\/strong> k\u00f6nnen Sie gezielt nach Ihrer Urlaubsyacht in Ihrem Wunschrevier suchen.<\/p>\n<h3><strong>Luxusyachten Mallorca &amp; Ibiza<br \/>\n<\/strong><\/h3>\n<p>Cruisen Sie an Bord Ihrer Luxus-Charteryacht mit perfektem Service in den Balearen und erkunden Sie traumhafte Buchten, Haute Cuisine und das wundersch\u00f6ne Palma auf Mallorca, das Partyleben in Ibiza, das t\u00fcrkisfarbene Wasser und die Strandclubs in Formentera. Hier finden Sie eine Auswahl von <strong><a href=\"https:\/\/yachtcharter-connection.com\/de\/luxusyachten-mallorca-ibiza-balearen\/\">Luxuyachten auf Mallorca &amp; Ibiza<\/a><\/strong> . Weitere elegante Segelyachten, Katamarane mit Crew, Motoryachten, Superyachten und Megayachten auf den Balearen bieten wir Ihnen jederzeit gern an.<\/p>\n<h3><strong><b>Luxuri\u00f6se Motoryachten Franz\u00f6sische Riviera \/ Sardinien<br \/>\n<\/b><\/strong><\/h3>\n<p>Genie\u00dfen Sie Ihre Cruise mit Stil an Bord Ihrer Luxus-Charteryacht an der franz\u00f6sischen Riviera, in Korsika, Sardinien oder oder an der K\u00fcste Liguriens. Wenn Sie das Jetset-Leben zwischen St. Tropez und Montecarlo, in Portofino oder Porto Cervo genie\u00dfen m\u00f6chten, oder malerische H\u00e4fen und Buchten entlang der K\u00fcste oder auf den Inseln erkunden, ist ein Luxusyacht-Charterurlaub die perfecte Wahl &#8211; eine Auswahl an Yachten finden Sie hier, mehr jederzeit gern auf Anfrage:<strong> <a href=\"https:\/\/yachtcharter-connection.com\/de\/luxurioese-motoryachten-italien-und-frankreich\/\">Motoryachten Italien und Frankreich<\/a><\/strong><\/p>\n<h3><strong><b>Luxus-Yachtcharter Italien \u2013 Neapel \/ Sizilien<br \/>\n<\/b><\/strong><\/h3>\n<p>La Dolce Vita in Bella Italia &#8211; Am besten genie\u00dfen Sie das s\u00fcsse Lebenan Bord Ihrer Luxus-Charteryacht mit Crew: Der Golf von Neapel mit den Inseln Ischia und Capri, die Pontinischen Inseln Ponza und Ventotene, die wundersch\u00f6ne Amalfik\u00fcste erwarten Sie. Oder Sizilien mit historischen St\u00e4dten und den \u00c4olischen \/ Liparischen Inseln: <a href=\"https:\/\/yachtcharter-connection.com\/de\/luxus-yachtcharter-italien-neapel-sizilien\/\"><strong>Luxus-Yachtcharter Italien<\/strong><\/a><\/p>\n<h3><strong>Luxus-Motoryachten Kroatien<\/strong><\/h3>\n<p>Mittelalterliche St\u00e4dte voller Geschichte an der K\u00fcste wie Split, Trogir oder Dubrovnik, wundersch\u00f6nen Inseln wie Hvar, Brac, Vis, Korcula und viele mehr, unber\u00fchrte Natur auf den Kornaten &#8211; es gibt keinen besseren Weg, Kroatien zu bereisen als an Bord einer gecharterten Luxusyacht mit Crew:<strong> <a href=\"https:\/\/yachtcharter-connection.com\/de\/luxus-motoryachten-kroatien\/\">Luxus-Motoryachten Kroatien<\/a><\/strong><\/p>\n<h3><strong>Luxus-Motoryachten Griechenland<\/strong><\/h3>\n<p>Die elegantesten Luxus-Motoryachten, Superyachten und Megayachten zum Chartern bringen Sie zu den sch\u00f6nsten griechischen Inseln &#8211; wie \u00c4gina, Poros oder Hydra im Saronischen Golf in der N\u00e4he von Athen, oder zu den Kykladen wie Mykonos, Santorini und mehr &#8211; machen Sie Ihren Traum vom Luxus-Charterurlaub wahr:<strong> <a href=\"https:\/\/yachtcharter-connection.com\/de\/luxus-motoryachten-griechenland\/\">Luxus-Motoryachten Griechenland<\/a><\/strong><\/p>\n<h3><strong>Katamarane mit Crew in Griechenland<\/strong><\/h3>\n<p>Luxus-Katamarane mit Crew sind eine sehr beliebte Art, um in der griechischen Inselwelt, vor allem im Saronischen Golf und in den Kykladen, aber auch im Ionischen Meer oder in den Sporaden. Geniessen Sie viel Lebensraum und fantastische griechische Gastfreundschaft an Bord: <a href=\"https:\/\/yachtcharter-connection.com\/crewed-catamarans-greece\/\" target=\"_blank\" rel=\"noopener noreferrer\"><span style=\"color: #003366;\"><strong>Charter-Katamarane mit Crew Griechenland<\/strong><\/span><\/a><\/p>\n<h3><strong>Motorsegler \/ Gulets Griechenland<\/strong><\/h3>\n<p>Einige Motosegler cruisen direkt ab Athen oder auf den Sporaden, sehr viele Gulets mit t\u00fcrkischer Flagge segeln durch die Inselwelt des Dodekanes mit Kos, Symi, Rhodos und vielen weiteren Inseln &#8211; bei diesen Gulets startet und endet die Reise in der T\u00fcrkei:<strong> <a href=\"https:\/\/yachtcharter-connection.com\/de\/motorsegler-gulets-griechenland\/\">Motorsegler \/ Gulets Griechenland<\/a><\/strong><\/p>\n<h3><strong>Motorsegler \/ Gulets Kroatien<\/strong><\/h3>\n<p>Motorsegler \/ Gulets sind die traditionelle Art, die kroatische K\u00fcste und die Inseln zu erkunden. Sie bieten komfortables Cruisen unnd hervorragenden Service:<strong> <a href=\"https:\/\/yachtcharter-connection.com\/de\/motorsegler-gulets-kroatien\/\">Motorsegler \/ Gulets Kroatien<\/a><\/strong><\/p>\n<h3><strong><b>Motorsegler \/ Gulets T\u00fcrkei<\/b><\/strong><\/h3>\n<p>Starten Sie in Bodrum, Marmaris, G\u00f6cek oder Fethiye zu Ihrer privaten \u201eBlauen Reise\u201c entlang der t\u00fcrkischen K\u00fcste mit viel Komfort und vollem Service &#8211; oder zu den griechischen Inseln des Dodekanes wie Kos, Rhodos, Symi und mehr:<strong> <a href=\"https:\/\/yachtcharter-connection.com\/de\/motorsegler-gulets-tuerkei\/\">Motorsegler \/ Gulets T\u00fcrkei<\/a><\/strong><\/p>\n<h3><strong>Yachtcharter Luxusyachten T\u00fcrkei<\/strong><\/h3>\n<p>Wenn Sie sich f\u00fcr das Chartern einer Luxusyacht oder eines luxuri\u00f6sen Gulets in der T\u00fcrkei interessierten, finden Sie mehr Informationen unter <strong><a href=\"\/de\/turkish-gulets-1\/\" target=\"_blank\" rel=\"noopener noreferrer\">Yachtcharter Luxusyachten in der T\u00fcrkei.<\/a><br \/>\n<\/strong><\/p>\n<h3><strong>Luxuri\u00f6se Motoryachten T\u00fcrkei<\/strong><\/h3>\n<p>Schnell und komfortabel &#8211; chartern Sie eine Luxus-Motoryacht in der T\u00fcrkei und entdecken Sie die sch\u00f6nsten Pl\u00e4tze an der t\u00fcrkischen Riviera, lebhafte St\u00e4dte wie Bodrum mit seinen ber\u00fchmten Clubs und kleine malerische D\u00f6rfer:<strong> <a href=\"https:\/\/yachtcharter-connection.com\/de\/luxurioese-motoryachten-tuerkei\/\">Luxus-Motoryachten T\u00fcrkei<\/a><\/strong><\/p>\n<h3><strong>Luxus-Katamarane mit Crew Karibik<\/strong><\/h3>\n<p>Ein Segelt\u00f6rn in der Karibik an Bord eines gecharterten Luxus-Katamrans mit Crew ist eine der beliebtesten und entspanntesten M\u00f6glichkeiten, die Inselwelt der Virgin Islands, Leeward- und Windward-Islands, und der Grenadinen zu erkunden:<br \/>\n: <strong><a href=\"https:\/\/yachtcharter-connection.com\/de\/luxus-katamarane-mit-crew-karibik\/\">Luxus-Katamarane Karibik<\/a><\/strong><\/p>\n<h3><strong>Luxuri\u00f6se Motoryachten in der Karibik<\/strong><\/h3>\n<p>Cruisen Sie schnell und mit Stil durch die Karibik &#8211; entdecken Sie wei\u00dfe Str\u00e4nde und gr\u00fcne Inseln, probieren Sie alle Arten von Wassersport, sp\u00fcren Sie Caribbean Feeling an Bord Ihrer privaten Charteryacht und an Land:<strong> <a href=\"https:\/\/yachtcharter-connection.com\/de\/luxurioese-motoryachten-in-der-karibik\/\">Luxuri\u00f6se Motoryachten Karibik<\/a><\/strong><\/p>\n<h3><strong><b>Vermietung von Luxusyachten Kuba<\/b><\/strong><\/h3>\n<p>Bis vor kurzem kam Kuba auf den \u00fcblichen Reiserouten von Luxus-Charteryacht noch gar nicht vor. Jetzt ist es m\u00f6glich, die K\u00fcste Kubas und die vorgelagerten Cayos mit einer Luxuscharteryacht zu erkunden. Teilweise k\u00f6nnen Sie schon in Florida an Bord gehen. :<strong> <a href=\"https:\/\/yachtcharter-connection.com\/de\/vermietung-von-luxusyachten-kuba\/\">Luxusyachten Kuba<\/a><\/strong><\/p>\n<h3><strong>Luxus-Charter-Motoryachten Florida<\/strong><\/h3>\n<p>Cruising Florida &#8211; die Atlantikk\u00fcste Floridas, High Life in Miami, die Florida Keys und Dry Tortugas, die goldenen Str\u00e4nde der Golfk\u00fcste und der Bahamas warten auf Sie:<strong> <a href=\"https:\/\/yachtcharter-connection.com\/de\/luxus-motoryachten-florida\/\">Luxus-Motoryachten Florida<\/a><\/strong><\/p>\n<h3><strong>Luxuri\u00f6se Segelyachten und Katamarane Bahamas<\/strong><\/h3>\n<p>Segeln auf den Bahamas &#8211; Freuen Sie sich auf die rosafarbenen Str\u00e4nde und die sch\u00f6nsten Spots der Exumas oder der Abacos sowie weitere Inselgruppen der Bahamas und entspannen Sie an Bord Ihres Luxus-Katamarans oder der Segelyacht mit Crew::<strong> <a href=\"https:\/\/yachtcharter-connection.com\/de\/luxurioese-segelyachten-und-katamarane-bahamas\/\">Luxuri\u00f6se Segelyachten &amp; Katamarane Bahamas<\/a><\/strong><\/p>\n<h3><strong>Luxusyachten Indischer Ozean &amp; Ost-Asien<br \/>\n<\/strong><\/h3>\n<p>Exotische D\u00f6rfer, herrliche Natur,\u00a0 die Str\u00e4nde der thail\u00e4ndischen K\u00fcste und der Inseln der Andamanensee, die verborgenen Geheimnisse Myanmars und des Mergui Archilego erwarten Sie w\u00e4hrend Ihres Luxusyacht-Charterurlaubs im Indischen Ozean &#8211; oder die fantastischen Inselwelt der Seychellen oder die Atolle der Malediven:<strong> <a href=\"https:\/\/yachtcharter-connection.com\/de\/luxusyachten-indischer-ozean\/\">Luxusyachten Indischer Ozean<\/a><\/strong><\/p>\n<h3><strong>Luxus-Yachtcharter Franz\u00f6sisch-Polynesien<br \/>\n<\/strong><\/h3>\n<p>Tahiti, Moorea, Fidschi und viele weitere Inseln &#8211; Verwirklichen Sie Ihre Tr\u00e4ume von einer Yachtcharter-Cruise durch die S\u00fcdsee an Bord Ihrer Luxus-Charteryacht:<strong> <a href=\"https:\/\/yachtcharter-connection.com\/de\/luxus-yachtcharter-franzoesisch-polynesien\/\">Luxus-Yachtcharter Franz\u00f6sisch-Polynesien<\/a><\/strong><\/p>\n<h3><strong>Yachtcharter Luxusyachten Galapagos<\/strong><\/h3>\n<p>Wenn Sie das einzigartige \u00d6kosystem der Galapagos-Inseln and Bord einer Yacht mit Crew erkunden wollen, finden SIe hier weitere Informationen. Fragen Sie uns nach verf\u00fcgbaren Luxusyachten: <strong><a href=\"https:\/\/yachtcharter-connection.com\/de\/yachtcharter-galapagos\/\" target=\"_blank\" rel=\"noopener noreferrer\">Luxusyacht-Charter Galapagos.<\/a><\/strong><\/p>\n","protected":false},"excerpt":{"rendered":"<p>Yachtcharter Luxusyachten mit Crew Luxuri\u00f6se Yachten mit Skipper und Crew \u2013 genie\u00dfen Sie einen entspannten Urlaub auf See, bequemes Cruisen unter Segeln oder Motor mit allem Komfort. Den T\u00f6rnplan bestimmen Sie gemeinsam mit dem Skipper, den Speiseplan mit dem Koch. Sie selbst m\u00fcssen den Yachtcharter-Urlaub auf dem Meer dann nur<\/p>\n","protected":false},"author":11,"featured_media":0,"parent":0,"menu_order":0,"comment_status":"open","ping_status":"open","template":"","meta":[],"aioseo_notices":[],"_links":{"self":[{"href":"https:\/\/yachtcharter-connection.com\/de\/wp-json\/wp\/v2\/pages\/91"}],"collection":[{"href":"https:\/\/yachtcharter-connection.com\/de\/wp-json\/wp\/v2\/pages"}],"about":[{"href":"https:\/\/yachtcharter-connection.com\/de\/wp-json\/wp\/v2\/types\/page"}],"author":[{"embeddable":true,"href":"https:\/\/yachtcharter-connection.com\/de\/wp-json\/wp\/v2\/users\/11"}],"replies":[{"embeddable":true,"href":"https:\/\/yachtcharter-connection.com\/de\/wp-json\/wp\/v2\/comments?post=91"}],"version-history":[{"count":36,"href":"https:\/\/yachtcharter-connection.com\/de\/wp-json\/wp\/v2\/pages\/91\/revisions"}],"predecessor-version":[{"id":30425,"href":"https:\/\/yachtcharter-connection.com\/de\/wp-json\/wp\/v2\/pages\/91\/revisions\/30425"}],"wp:attachment":[{"href":"https:\/\/yachtcharter-connection.com\/de\/wp-json\/wp\/v2\/media?parent=91"}],"curies":[{"name":"wp","href":"https:\/\/api.w.org\/{rel}","templated":true}]}}