{"id":93,"date":"2014-04-25T12:28:18","date_gmt":"2014-04-25T12:28:18","guid":{"rendered":"http:\/\/yachtcharter-connection.com.w01e47c6.kasserver.com\/luxusyachten\/"},"modified":"2017-10-31T16:53:18","modified_gmt":"2017-10-31T14:53:18","slug":"luxusyachten","status":"publish","type":"page","link":"https:\/\/yachtcharter-connection.com\/de\/luxusyachten\/","title":{"rendered":"Luxusyachten mit Crew"},"content":{"rendered":"<h1><strong>Luxusyachten mit Crew f\u00fcr Ihren Charterurlaub<br \/>\n<\/strong><\/h1>\n<p><strong>Das ultimative Urlaubserlebnis: Ferien an Bord einer luxuri\u00f6schen Charteryacht mit eienr Crew, die sich um das Schiff und Sie k\u00fcmmert und Ihnen einen perfekten Service a Bord bietet. Wo auch immer Sie cruisen m\u00f6chten. In allen wundersch\u00f6nen Charterdestinationen weltweit. Wir bieten alle Luxus-Charteryachten an:<br \/>\n<\/strong><\/p>\n<ul>\n<li>alle Yacht-Typen: Motoryachten, Segelyachten, Katamarane, Gulets, Motorsegler<\/li>\n<li>alle Gr\u00f6ssen von Luxusyachten und Yachten mit Crew: von Luxusyachten \u00fcber Superyachten bis zu Megayachten<\/li>\n<li>alle Charter-Destinationen &#8211; Mittelmeer, Karibik, Indischer Ozean, S\u00fcdsee, Atlantik &amp; Pazifik &#8211; wo auch immer Sie cruisen m\u00f6chten<\/li>\n<\/ul>\n<h2><strong>Alle Typen von Luxusyachten: Motoryachten, Segelyachten, Katamarane, Gulets &#8211; alle Gr\u00f6ssen bis zu Superyachten und Megayachten<\/strong><\/h2>\n<p><a href=\"https:\/\/yachtcharter-connection.com\/wp-content\/uploads\/2014\/04\/Luxury-superyachts-Western-Med.jpg\"><img loading=\"lazy\" class=\"alignleft wp-image-25541 size-full\" src=\"https:\/\/yachtcharter-connection.com\/wp-content\/uploads\/2014\/04\/Luxury-superyachts-Western-Med.jpg\" alt=\"Luxus- und Superyachten zum Chartern\" width=\"600\" height=\"399\" srcset=\"https:\/\/yachtcharter-connection.com\/wp-content\/uploads\/2014\/04\/Luxury-superyachts-Western-Med.jpg 600w, https:\/\/yachtcharter-connection.com\/wp-content\/uploads\/2014\/04\/Luxury-superyachts-Western-Med-300x200.jpg 300w\" sizes=\"(max-width: 600px) 100vw, 600px\" \/><\/a><\/p>\n<p><a href=\"https:\/\/yachtcharter-connection.com\/wp-content\/uploads\/2014\/04\/Luxury-catamarans-for-charter-Med-and-Caribbean.jpg\"><img loading=\"lazy\" class=\"alignleft wp-image-25543 size-full\" src=\"https:\/\/yachtcharter-connection.com\/wp-content\/uploads\/2014\/04\/Luxury-catamarans-for-charter-Med-and-Caribbean.jpg\" alt=\"Luxusyacht-Charter - Katamaran mit Crew\" width=\"600\" height=\"352\" srcset=\"https:\/\/yachtcharter-connection.com\/wp-content\/uploads\/2014\/04\/Luxury-catamarans-for-charter-Med-and-Caribbean.jpg 600w, https:\/\/yachtcharter-connection.com\/wp-content\/uploads\/2014\/04\/Luxury-catamarans-for-charter-Med-and-Caribbean-300x176.jpg 300w\" sizes=\"(max-width: 600px) 100vw, 600px\" \/><\/a><\/p>\n<p><a href=\"https:\/\/yachtcharter-connection.com\/wp-content\/uploads\/2014\/04\/Luxury-gulets-motorsailer-charters.jpg\"><img loading=\"lazy\" class=\"alignleft wp-image-25544 size-full\" src=\"https:\/\/yachtcharter-connection.com\/wp-content\/uploads\/2014\/04\/Luxury-gulets-motorsailer-charters.jpg\" alt=\"Luxusyacht-Charter - Gulets- Motorsegler\" width=\"600\" height=\"420\" srcset=\"https:\/\/yachtcharter-connection.com\/wp-content\/uploads\/2014\/04\/Luxury-gulets-motorsailer-charters.jpg 600w, https:\/\/yachtcharter-connection.com\/wp-content\/uploads\/2014\/04\/Luxury-gulets-motorsailer-charters-300x210.jpg 300w\" sizes=\"(max-width: 600px) 100vw, 600px\" \/><\/a><\/p>\n<p><a href=\"https:\/\/yachtcharter-connection.com\/wp-content\/uploads\/2014\/04\/Luxury-megayachts-for-charter.jpg\"><img loading=\"lazy\" class=\"alignleft wp-image-25545 size-full\" src=\"https:\/\/yachtcharter-connection.com\/wp-content\/uploads\/2014\/04\/Luxury-megayachts-for-charter.jpg\" alt=\"Luxusyacht-Charter - Super- und Megayachten\" width=\"600\" height=\"300\" srcset=\"https:\/\/yachtcharter-connection.com\/wp-content\/uploads\/2014\/04\/Luxury-megayachts-for-charter.jpg 600w, https:\/\/yachtcharter-connection.com\/wp-content\/uploads\/2014\/04\/Luxury-megayachts-for-charter-300x150.jpg 300w\" sizes=\"(max-width: 600px) 100vw, 600px\" \/><\/a><\/p>\n<p><a href=\"https:\/\/yachtcharter-connection.com\/wp-content\/uploads\/2014\/04\/Luxury-sailing-yachts-1.jpg\"><img loading=\"lazy\" class=\"alignleft wp-image-25547 size-full\" src=\"https:\/\/yachtcharter-connection.com\/wp-content\/uploads\/2014\/04\/Luxury-sailing-yachts-1.jpg\" alt=\"Luxusyacht-Charter - Segelyachten\" width=\"600\" height=\"353\" srcset=\"https:\/\/yachtcharter-connection.com\/wp-content\/uploads\/2014\/04\/Luxury-sailing-yachts-1.jpg 600w, https:\/\/yachtcharter-connection.com\/wp-content\/uploads\/2014\/04\/Luxury-sailing-yachts-1-300x177.jpg 300w\" sizes=\"(max-width: 600px) 100vw, 600px\" \/><\/a><\/p>\n<p><a href=\"https:\/\/yachtcharter-connection.com\/wp-content\/uploads\/2014\/04\/Luxury-Yacht-charters-Megayachts.jpg\"><img loading=\"lazy\" class=\"alignleft wp-image-25548 size-full\" src=\"https:\/\/yachtcharter-connection.com\/wp-content\/uploads\/2014\/04\/Luxury-Yacht-charters-Megayachts.jpg\" alt=\"Luxusyacht-Charter - Megayachten\" width=\"600\" height=\"377\" srcset=\"https:\/\/yachtcharter-connection.com\/wp-content\/uploads\/2014\/04\/Luxury-Yacht-charters-Megayachts.jpg 600w, https:\/\/yachtcharter-connection.com\/wp-content\/uploads\/2014\/04\/Luxury-Yacht-charters-Megayachts-300x189.jpg 300w\" sizes=\"(max-width: 600px) 100vw, 600px\" \/><\/a><\/p>\n<p><a href=\"https:\/\/yachtcharter-connection.com\/wp-content\/uploads\/2014\/04\/Luxury-sailing-yachts-for-charter.jpg\"><img loading=\"lazy\" class=\"alignleft wp-image-25549 size-full\" src=\"https:\/\/yachtcharter-connection.com\/wp-content\/uploads\/2014\/04\/Luxury-sailing-yachts-for-charter.jpg\" alt=\"Luxus-Segelyacht-Charter\" width=\"600\" height=\"421\" srcset=\"https:\/\/yachtcharter-connection.com\/wp-content\/uploads\/2014\/04\/Luxury-sailing-yachts-for-charter.jpg 600w, https:\/\/yachtcharter-connection.com\/wp-content\/uploads\/2014\/04\/Luxury-sailing-yachts-for-charter-300x211.jpg 300w\" sizes=\"(max-width: 600px) 100vw, 600px\" \/><\/a><\/p>\n<p>&nbsp;<\/p>\n","protected":false},"excerpt":{"rendered":"<p>Luxusyachten mit Crew f\u00fcr Ihren Charterurlaub Das ultimative Urlaubserlebnis: Ferien an Bord einer luxuri\u00f6schen Charteryacht mit eienr Crew, die sich um das Schiff und Sie k\u00fcmmert und Ihnen einen perfekten Service a Bord bietet. Wo auch immer Sie cruisen m\u00f6chten. In allen wundersch\u00f6nen Charterdestinationen weltweit. Wir bieten alle Luxus-Charteryachten an:<\/p>\n","protected":false},"author":11,"featured_media":0,"parent":0,"menu_order":0,"comment_status":"open","ping_status":"open","template":"","meta":[],"aioseo_notices":[],"_links":{"self":[{"href":"https:\/\/yachtcharter-connection.com\/de\/wp-json\/wp\/v2\/pages\/93"}],"collection":[{"href":"https:\/\/yachtcharter-connection.com\/de\/wp-json\/wp\/v2\/pages"}],"about":[{"href":"https:\/\/yachtcharter-connection.com\/de\/wp-json\/wp\/v2\/types\/page"}],"author":[{"embeddable":true,"href":"https:\/\/yachtcharter-connection.com\/de\/wp-json\/wp\/v2\/users\/11"}],"replies":[{"embeddable":true,"href":"https:\/\/yachtcharter-connection.com\/de\/wp-json\/wp\/v2\/comments?post=93"}],"version-history":[{"count":6,"href":"https:\/\/yachtcharter-connection.com\/de\/wp-json\/wp\/v2\/pages\/93\/revisions"}],"predecessor-version":[{"id":25565,"href":"https:\/\/yachtcharter-connection.com\/de\/wp-json\/wp\/v2\/pages\/93\/revisions\/25565"}],"wp:attachment":[{"href":"https:\/\/yachtcharter-connection.com\/de\/wp-json\/wp\/v2\/media?parent=93"}],"curies":[{"name":"wp","href":"https:\/\/api.w.org\/{rel}","templated":true}]}}