{"id":94,"date":"2014-05-19T22:19:23","date_gmt":"2014-05-19T22:19:23","guid":{"rendered":"http:\/\/yachtcharter-connection.com.w01e47c6.kasserver.com\/events-veranstaltungen\/"},"modified":"2019-08-28T13:54:00","modified_gmt":"2019-08-28T11:54:00","slug":"events-veranstaltungen","status":"publish","type":"page","link":"https:\/\/yachtcharter-connection.com\/de\/events-veranstaltungen\/","title":{"rendered":"Events &#038; Incentives"},"content":{"rendered":"<h1><strong>Yachtcharter Specials, Events &amp; Incentives<\/strong><\/h1>\n<p>&nbsp;<\/p>\n<p><img loading=\"lazy\" class=\"content-image\" src=\"https:\/\/yachtcharter-connection.com\/wp-content\/uploads\/converted_files\/149\/149-5656b863c41b8.jpg\" alt=\"\" width=\"300\" height=\"199\" \/><strong>Events &amp; Incentives auf dem Wasser \u2013 unvergessliches Erlebnis f\u00fcr Teams, Unternehmen oder f\u00fcr deren Kunden, besonderes Ereignis f\u00fcr Family &amp; Friends.<\/strong><\/p>\n<p>Ob Sie einen entspannten Yachtcharter Tagest\u00f6rn mit leckerem Essen, Musik und einem Badestopp auf einem Katamaran oder einem anderen Schiff erleben, bei einem sportlichen Yachtcharter-T\u00f6rn den Team-Spirit f\u00f6rdern, im Freundeskreis Geburtstag oder einen anderen besonderen Tag feiern,\u00a0 Ihren Kunden etwas Einzigartiges bieten oder das besondere Erlebnis eines Yachtcharter-T\u00f6rns auf einer klassischen Yacht genie\u00dfen m\u00f6chten: Wir unterst\u00fctzen Sie gern bei Planung und Realisierung \u2013 auch, wenn es um die Organisation einer eigenen Yachtcharter-Flottille mit mehreren Charteryachten geht.<\/p>\n<p><strong>Ein ideales Revier f\u00fcr Events sind die Balearen:<\/strong> Speziell Mallorca eignet sich wegen der leichten Erreichbarkeit, hervorragender Yachtcharter-Infrastruktur, der Kombination aus traumhaftem Naturerlebnis, mediterranem Ambiente und st\u00e4dtischem Flair der Stadt Palma de Mallorca besonders gut f\u00fcr Veranstaltungen aller Art.<\/p>\n<p><strong>Nat\u00fcrlich stehen Ihnen f\u00fcr Ihren Event auch weitere traumhafte Reviere offen &#8211; von Ostsee bis Karibik.<\/strong> Den passenden Rahmen f\u00fcr Events bieten auch zahlreiche internationale maritime Veranstaltungen: von Bord einer Yacht aus am Mittelmeer eine der Wettfahrten der klassischen Segelyachten oder Superyachten beobachten, maritimes Flair auf der Hansesail genie\u00dfen, den Start zum Volvo Ocean Race live erleben\u2026 viele Highlights der Yachting-Szene liefern das Rahmenprogramm f\u00fcr Ihren Event gleich mit.<\/p>\n<h3><a href=\"https:\/\/yachtcharter-connection.com\/de\/segel-events-mallorca-ibiza\/\" target=\"_blank\" rel=\"noopener noreferrer\"><strong>Segelevents Mallorca &amp; Ibiza<\/strong><\/a><\/h3>\n<p>Auf Mallorca organisieren wir Ihnen gern Ihren privaten oder gesch\u00e4ftlichen Event auf dem Wasser &#8211; mehr Informationen finden Sie unter Sailing Events Mallorca &amp; Ibiza<\/p>\n<p><b>F\u00fcr den privaten Yachtcharter-Urlaub bieten wir eine Reihe Interessanter aktueller Yachtcharter-Specials:<\/b><\/p>\n<h3><a href=\"~\/Yachtcharter\/Aktuelle_Oneway-Angebote.html\"><strong>Aktuelle<\/strong> Oneway-Specials<\/a><\/h3>\n<p>Ausgesuchte Oneway-Yachtcharter-Angebote f\u00fcr verschiedene Segelreviere und einige<br \/>\nSuper-Last-Minute-Angebote<\/p>\n<h3><a href=\"~\/Charter-Kategorien\/Events___Incentives\/Segelyachten-Kabinencharter.html\">Segelyachtreisen &#8211; Kabinen-Charter auf exklusiven Segelyachten<\/a><\/h3>\n<p>Mit der Segelyacht <a href=\"~\/Yachts\/LuxuryYachts\/Luxury_Yachts\/Kairos.html\">Kairos<\/a>, einem Zweimaster im Stil klassischer Yachten, oder auf dem Schwesterschiff gr\u00f6sseren Chronos k\u00f6nnen Sie besondere Segelreisen in der Karibik und im Mittelmeer genie\u00dfen &#8211; mit maximal 18 bzw. 26 G\u00e4sten\u00a0 an Bord.<\/p>\n<h3><a href=\"https:\/\/yachtcharter-connection.com\/de\/yachtcharter-galapagos\/\" target=\"_blank\" rel=\"noopener noreferrer\"><strong>Yachtcharter Galapagos &#8211; Yachten mit Crew<\/strong><\/a><\/h3>\n<p>Wer die Galapagos-Inseln per Schiff erkunden will, kann eine Yacht mit Crew chartern &#8211; Bareboat-Charter ist dort aus Umweltschutzgr\u00fcnden nicht erlaubt.<\/p>\n<h3><a href=\"~\/Charter-Kategorien\/Events___Incentives\/Tauch-Safari_Malediven.html\" target=\"_blank\" rel=\"noopener noreferrer\"><strong>Tauch-Safaria auf den Malediven<\/strong><\/a><\/h3>\n<p>mit einer perfekt f\u00fcr Taucher ausgestatten Motoryacht<\/p>\n<h3><a href=\"~\/Charter-Kategorien\/Events___Incentives\/Sailing_Mauritius.html\" target=\"_blank\" rel=\"noopener noreferrer\">Sailing round Mauritius<\/a><\/h3>\n<p>mit einem Katamaran mit Crew und optionalem Anschlussaufenthalt an Land<\/p>\n<h3><a href=\"~\/Charter-Kategorien\/Events___Incentives\/Flottillen.html\" target=\"_blank\" rel=\"noopener noreferrer\"><b><u>Yachtcharter Segelflottillen <\/u><\/b><\/a><\/h3>\n<p>im Mittelmeer und in der Karibik<\/p>\n<p>&nbsp;<\/p>\n","protected":false},"excerpt":{"rendered":"<p>Yachtcharter Specials, Events &amp; Incentives &nbsp; Events &amp; Incentives auf dem Wasser \u2013 unvergessliches Erlebnis f\u00fcr Teams, Unternehmen oder f\u00fcr deren Kunden, besonderes Ereignis f\u00fcr Family &amp; Friends. Ob Sie einen entspannten Yachtcharter Tagest\u00f6rn mit leckerem Essen, Musik und einem Badestopp auf einem Katamaran oder einem anderen Schiff erleben, bei<\/p>\n","protected":false},"author":11,"featured_media":0,"parent":0,"menu_order":0,"comment_status":"open","ping_status":"open","template":"","meta":[],"aioseo_notices":[],"_links":{"self":[{"href":"https:\/\/yachtcharter-connection.com\/de\/wp-json\/wp\/v2\/pages\/94"}],"collection":[{"href":"https:\/\/yachtcharter-connection.com\/de\/wp-json\/wp\/v2\/pages"}],"about":[{"href":"https:\/\/yachtcharter-connection.com\/de\/wp-json\/wp\/v2\/types\/page"}],"author":[{"embeddable":true,"href":"https:\/\/yachtcharter-connection.com\/de\/wp-json\/wp\/v2\/users\/11"}],"replies":[{"embeddable":true,"href":"https:\/\/yachtcharter-connection.com\/de\/wp-json\/wp\/v2\/comments?post=94"}],"version-history":[{"count":4,"href":"https:\/\/yachtcharter-connection.com\/de\/wp-json\/wp\/v2\/pages\/94\/revisions"}],"predecessor-version":[{"id":28798,"href":"https:\/\/yachtcharter-connection.com\/de\/wp-json\/wp\/v2\/pages\/94\/revisions\/28798"}],"wp:attachment":[{"href":"https:\/\/yachtcharter-connection.com\/de\/wp-json\/wp\/v2\/media?parent=94"}],"curies":[{"name":"wp","href":"https:\/\/api.w.org\/{rel}","templated":true}]}}