{"id":97,"date":"2014-04-25T12:31:42","date_gmt":"2014-04-25T12:31:42","guid":{"rendered":"http:\/\/yachtcharter-connection.com.w01e47c6.kasserver.com\/charter-versicherung\/"},"modified":"2026-01-18T11:12:04","modified_gmt":"2026-01-18T09:12:04","slug":"charter-versicherung","status":"publish","type":"page","link":"https:\/\/yachtcharter-connection.com\/de\/charter-versicherung\/","title":{"rendered":"Charter-Versicherungen"},"content":{"rendered":"<h1><strong>Yachtcharter Versicherungen<\/strong><\/h1>\n<p><img loading=\"lazy\" class=\"content-image\" src=\"https:\/\/yachtcharter-connection.com\/wp-content\/uploads\/converted_files\/157\/157-5656b8392258c.jpg\" alt=\"\" width=\"226\" height=\"301\" \/>Beim Chartern einer Yacht muss von den Yachtcharter-Crews grunds\u00e4tzlich eine Kaution hinterlegt werden. Diese deckt bei Kaskosch\u00e4den die Eigenbeteiligung ab. Wir empfehlen grunds\u00e4tzlich den Abschluss einer Charter-Kautionsversicherung. Weitere Informationen zu Yachtcharter-Versicherungen \u2013 von Skipperhaftpflicht \u00fcber Reiser\u00fccktrittskostenversicherung bis zur Charterfolgeschadenversicherung senden wir Ihnen gern zu.<\/p>\n<p><strong>Erkl\u00e4rung Kautionsversicherung:<\/strong><\/p>\n<p>Grunds\u00e4tzlich schliessen die Charterst\u00fctzpunkte f\u00fcr die Yachten Ihrer Flotten sowohl eine Haftpflichtversicherung als auch eine Kaskoversicherung ab. Vereinfacht gesagt, deckt die Haftpflichtversicherung Sch\u00e4den an fremden Yachten, Hafeneinrichtungen oder fremden Personen ab. Die Kaskoversicherung deckt Sch\u00e4den am gecharterten Schiff ab &#8211; dabei gibt es immer einen Selbstbehalt. F\u00fcr diesen Selbstbehalt, der nicht von der Kaskoversicherung gedeckt ist, hinterlegt der Charterkunde eine Kaution.<\/p>\n<p>Wir empfehlen grunds\u00e4tzlich, diese Kaution mit einer Kautionsversicherung abzusichern. In einigen F\u00e4llen bieten die Chartergesellschaften diese selbst an &#8211; in Form eines &#8220;Damage Waivers&#8221;: Wer diesen kauft, muss weniger Kaution hinterlegen. In den meisten F\u00e4llen empfiehlt sich der Abschluss einer externen Kautionsversicherung.<\/p>\n<p>Weitere empfehlenswerte Versicherungen:<\/p>\n<p>&#8211; Skipperhaftpflichtversicherung<\/p>\n<p>&#8211; Charter-Reiser\u00fccktrittsversicherung &#8211; f\u00fcr den Fall, dass Skipper oder Crewmitglieder krank werden<\/p>\n<p>&#8211; Auslandsreisekrankenversicherung, evtl. auch Reiseunfallversicherung<\/p>\n<p><strong>Reiser\u00fccktrittsversicherung und Auslandsreise-Krankenversicherung sind nat\u00fcrlich auch f\u00fcr G\u00e4ste, die eine Luxusyacht mit Crew chartern, unbedingt empfehlenswert!<\/strong><\/p>\n<p>Versicherungsantr\u00e4ge hier online abschlie\u00dfen. Bei R\u00fcckfragen zu den einzelnen Versicherungen, bitte den Anbieter direkt kontaktieren:<strong><br \/>\n<\/strong><\/p>\n<p>&nbsp;<\/p>\n<p>&nbsp;<\/p>\n<p><img loading=\"lazy\" class=\"aligncenter\" src=\"https:\/\/yachtcharter-connection.com\/images\/versicherungen\/fairwinds.png\" alt=\"FAIRWINDS.blue Maritime Versicherung\" width=\"85\" height=\"100\" \/> \u00a0 \u00a0 \u00a0 \u00a0 \u00a0 \u00a0 \u00a0 \u00a0 \u00a0 \u00a0 \u00a0 \u00a0 \u00a0\u00a0 <a href=\"https:\/\/fairwinds.blue\/antrag-fuer-charter-versicherungen\/?set=233&amp;amp;nom=Achterspring-Yachtcharter&amp;amp;num=23006\"><strong>FAIRWINDS.blue ist die Charter-Versicherung von Skippern f\u00fcr Skipper!<\/strong><\/a><\/p>\n<p>&nbsp;<\/p>\n<p>&nbsp;<\/p>\n<p><img loading=\"lazy\" src=\"https:\/\/yachtcharter-connection.com\/images\/versicherungen\/hamburger_yachtversicherung.png\" alt=\"Hamburger Yachtversicherungen Schomacker\" width=\"187\" height=\"81\" \/> \u00a0<a href=\"https:\/\/www.schomacker.de\/charterversicherungen.html?pid=a0870\" target=\"_blank\" rel=\"noopener\"><strong>Die Crew der Hamburger Yachtversicherung macht Ihren Chartert\u00f6rn wasserdicht!<\/strong><\/a><\/p>\n<p>&nbsp;<\/p>\n<p>&nbsp;<\/p>\n<p><img loading=\"lazy\" src=\"https:\/\/yachtcharter-connection.com\/images\/versicherungen\/pantaenius.png\" alt=\"Pantaenius Yachtversicherungen\" width=\"190\" height=\"67\" \/> <a href=\"https:\/\/www.pantaenius.com\/de-de\/versicherungen\/charter\/?adid=1159\" target=\"_blank\" rel=\"noopener\"><strong>\u00a0Pantaenius hat einen umfassenden Versicherungsschutz f\u00fcr Ihren Chartert\u00f6rn entwickelt.<\/strong><\/a><\/p>\n<p>&nbsp;<\/p>\n<p>&nbsp;<\/p>\n<p><img loading=\"lazy\" src=\"https:\/\/yachtcharter-connection.com\/images\/versicherungen\/sealogy.png\" alt=\"Sealogy Yachtversicherungen\" width=\"100\" height=\"109\" \/> <a href=\"https:\/\/www.sealogy.com\/de\/yacht-versicherung\/antrag\/?partner=03.828\" target=\"_blank\" rel=\"noopener\"><strong>Entspannt und sorglos den Yachtcharter T\u00f6rn geniessen.<\/strong><\/a><\/p>\n","protected":false},"excerpt":{"rendered":"<p>Yachtcharter Versicherungen Beim Chartern einer Yacht muss von den Yachtcharter-Crews grunds\u00e4tzlich eine Kaution hinterlegt werden. Diese deckt bei Kaskosch\u00e4den die Eigenbeteiligung ab. Wir empfehlen grunds\u00e4tzlich den Abschluss einer Charter-Kautionsversicherung. Weitere Informationen zu Yachtcharter-Versicherungen \u2013 von Skipperhaftpflicht \u00fcber Reiser\u00fccktrittskostenversicherung bis zur Charterfolgeschadenversicherung senden wir Ihnen gern zu. Erkl\u00e4rung Kautionsversicherung: Grunds\u00e4tzlich schliessen<\/p>\n","protected":false},"author":11,"featured_media":0,"parent":0,"menu_order":0,"comment_status":"open","ping_status":"open","template":"","meta":[],"aioseo_notices":[],"_links":{"self":[{"href":"https:\/\/yachtcharter-connection.com\/de\/wp-json\/wp\/v2\/pages\/97"}],"collection":[{"href":"https:\/\/yachtcharter-connection.com\/de\/wp-json\/wp\/v2\/pages"}],"about":[{"href":"https:\/\/yachtcharter-connection.com\/de\/wp-json\/wp\/v2\/types\/page"}],"author":[{"embeddable":true,"href":"https:\/\/yachtcharter-connection.com\/de\/wp-json\/wp\/v2\/users\/11"}],"replies":[{"embeddable":true,"href":"https:\/\/yachtcharter-connection.com\/de\/wp-json\/wp\/v2\/comments?post=97"}],"version-history":[{"count":23,"href":"https:\/\/yachtcharter-connection.com\/de\/wp-json\/wp\/v2\/pages\/97\/revisions"}],"predecessor-version":[{"id":31466,"href":"https:\/\/yachtcharter-connection.com\/de\/wp-json\/wp\/v2\/pages\/97\/revisions\/31466"}],"wp:attachment":[{"href":"https:\/\/yachtcharter-connection.com\/de\/wp-json\/wp\/v2\/media?parent=97"}],"curies":[{"name":"wp","href":"https:\/\/api.w.org\/{rel}","templated":true}]}}