{"id":98,"date":"2014-04-25T12:32:01","date_gmt":"2014-04-25T12:32:01","guid":{"rendered":"http:\/\/yachtcharter-connection.com.w01e47c6.kasserver.com\/checklisten-downloads\/"},"modified":"2023-09-06T13:20:24","modified_gmt":"2023-09-06T11:20:24","slug":"checklisten-downloads","status":"publish","type":"page","link":"https:\/\/yachtcharter-connection.com\/de\/checklisten-downloads\/","title":{"rendered":"Checklisten &#038; Downloads"},"content":{"rendered":"<p><b><span style=\"font-size: large;\">Yachtcharter Checklisten &amp; Downloads<\/span><\/b><\/p>\n<p class=\"MsoNormal\"><span style=\"font-family: Arial;\">Hier finden Sie eine Anzahl n\u00fctzlicher Checklisten und sonstiger Formulare, die Ihnen die Planung und Durchf\u00fchrung Ihres Charter-Urlaubs erleichtern. Wir w\u00fcnschen jetzt schon viel Spa\u00df auf Ihrem T\u00f6rn!<\/span><\/p>\n<p><b><span style=\"font-size: large;\">Yachtcharter Checklisten &amp; Downloads<\/span><\/b><\/p>\n<p class=\"MsoNormal\"><span style=\"font-family: Arial;\">Hier finden Sie eine Anzahl n\u00fctzlicher Checklisten und sonstiger Formulare, die Ihnen die Planung und Durchf\u00fchrung Ihres Charter-Urlaubs erleichtern. <\/span><\/p>\n<p><a href=\"https:\/\/yachtcharter-connection.com\/wp-content\/uploads\/2014\/04\/Crew-Liste-Vorlage.doc\" target=\"_blank\" rel=\"noopener\"><u><b>&#8211; Crewliste<\/b><\/u><\/a><\/p>\n<p>Denken Sie daran, immer eine ausreichende Anzahl von Kopien der Crewliste mitzunehmen &#8211; vor allem, wenn Sie in Segelrevieren unterwegs sind, wo Sie h\u00e4ufig einklarieren m\u00fcssen, wie etwa in der Karibik.<\/p>\n<p><a href=\"https:\/\/yachtcharter-connection.com\/wp-content\/uploads\/2014\/04\/Terms_of_contract-DE.pdf\" target=\"_blank\" rel=\"noopener\"><u><b>&#8211; Charterbedingungen<\/b><\/u><\/a><\/p>\n<p>Die offiziellen Terms &amp; Conditions f\u00fcr Ihren Chartervertrag &#8211; zus\u00e4tzlich greifen noch die teilweise unterschiedlichen Konditionen der jeweiligen Charterbasis.<\/p>\n<p><a href=\"https:\/\/yachtcharter-connection.com\/wp-content\/uploads\/2014\/04\/Packliste-D.pdf\" target=\"_blank\" rel=\"noopener\"><u><strong>&#8211; Packliste<\/strong><\/u><\/a><\/p>\n<p>Anhand der Checkliste lassen sich Sees\u00e4cke oder Segeltaschen schneller packen&#8230; und wichtige Utensilien wie Sonnenschutz oder Ersatzbatterien f\u00fcr die Kamera sind danach auch wirklich an Bord dabei!<\/p>\n<p><a href=\"https:\/\/yachtcharter-connection.com\/wp-content\/uploads\/2014\/04\/Einkaufsliste.doc\" target=\"_blank\" rel=\"noopener\"><u><b>&#8211; Einkaufsliste<\/b><\/u><\/a><\/p>\n<p>Viele Vercharterer bieten einen Einkaufs-Service an &#8211; die entsprechenden Shoppinglisten schicken wir Ihnen in diesem Fall nat\u00fcrlich rechtzeitig vor Abreise zu, Wenn Sie die Eink\u00e4ufe selbst \u00fcbernehmen wollen, hilft Ihnen diese Einkaufsliste dabei, nichts wesentliches zu vergessen.<\/p>\n<p><a href=\"https:\/\/yachtcharter-connection.com\/wp-content\/uploads\/2014\/04\/Checklist-Skipper-Sicherheit.pdf\" target=\"_blank\" rel=\"noopener\"><u><b>&#8211; Checklist f\u00fcr den Skipper \/ Sicherheit<\/b><\/u><\/a><\/p>\n<p>Diese Checkliste hilft dem Skipper, beim Check-In f\u00fcr die Charteryacht keine sicherheitsrelevanten Punkte zu vergessen &#8211; und dabei, seine Crew einzuweisen. Wichtig ist, dass zumindest ein weiteres Crewmitglied mit dem Skipper einmal die ganze Checklist durchgeht.<\/p>\n<p><a href=\"https:\/\/yachtcharter-connection.com\/wp-content\/uploads\/2014\/04\/Crew-Aufgabenverteilung.pdf\" target=\"_blank\" rel=\"noopener\"><u><b>&#8211; Crew &#8211; Aufgabenverteilung <\/b><\/u><\/a><\/p>\n<p>Wer ist wof\u00fcr zust\u00e4ndig? Wer k\u00fcmmert sich um Bordkasse, Dinghy oder im Ernstfall um die Notsignale? Die Checkliste hilft bei Verteilung wesentlicher Aufgaben innerhalb der Crew.<\/p>\n<p><b><br \/>\n<\/b><b><span style=\"font-family: Arial;\">Wir w\u00fcnschen jetzt schon viel Spa\u00df auf Ihrem T\u00f6rn!<\/span><\/b><\/p>\n<p>&nbsp;<\/p>\n","protected":false},"excerpt":{"rendered":"<p>Yachtcharter Checklisten &amp; Downloads Hier finden Sie eine Anzahl n\u00fctzlicher Checklisten und sonstiger Formulare, die Ihnen die Planung und Durchf\u00fchrung Ihres Charter-Urlaubs erleichtern. Wir w\u00fcnschen jetzt schon viel Spa\u00df auf Ihrem T\u00f6rn! Yachtcharter Checklisten &amp; Downloads Hier finden Sie eine Anzahl n\u00fctzlicher Checklisten und sonstiger Formulare, die Ihnen die Planung<\/p>\n","protected":false},"author":11,"featured_media":0,"parent":0,"menu_order":0,"comment_status":"open","ping_status":"open","template":"","meta":[],"aioseo_notices":[],"_links":{"self":[{"href":"https:\/\/yachtcharter-connection.com\/de\/wp-json\/wp\/v2\/pages\/98"}],"collection":[{"href":"https:\/\/yachtcharter-connection.com\/de\/wp-json\/wp\/v2\/pages"}],"about":[{"href":"https:\/\/yachtcharter-connection.com\/de\/wp-json\/wp\/v2\/types\/page"}],"author":[{"embeddable":true,"href":"https:\/\/yachtcharter-connection.com\/de\/wp-json\/wp\/v2\/users\/11"}],"replies":[{"embeddable":true,"href":"https:\/\/yachtcharter-connection.com\/de\/wp-json\/wp\/v2\/comments?post=98"}],"version-history":[{"count":4,"href":"https:\/\/yachtcharter-connection.com\/de\/wp-json\/wp\/v2\/pages\/98\/revisions"}],"predecessor-version":[{"id":30435,"href":"https:\/\/yachtcharter-connection.com\/de\/wp-json\/wp\/v2\/pages\/98\/revisions\/30435"}],"wp:attachment":[{"href":"https:\/\/yachtcharter-connection.com\/de\/wp-json\/wp\/v2\/media?parent=98"}],"curies":[{"name":"wp","href":"https:\/\/api.w.org\/{rel}","templated":true}]}}