{"id":12460,"date":"2016-05-01T21:57:21","date_gmt":"2016-05-01T21:57:21","guid":{"rendered":"http:\/\/yachtcharter-connection.com.w01e47c6.kasserver.com\/es\/destinationen\/"},"modified":"2025-03-02T16:23:37","modified_gmt":"2025-03-02T14:23:37","slug":"destinos","status":"publish","type":"page","link":"https:\/\/yachtcharter-connection.com\/es\/destinos\/","title":{"rendered":"Destinos"},"content":{"rendered":"<p><iframe loading=\"lazy\" src=\"https:\/\/www.booking-manager.com\/wbm2\/page.html?companyid=662&amp;setlang=es&amp;bm_view=SearchResult&amp;filter_flexibility=in_year&amp;sortBy=11&amp;sortDirection=-1\" width=\"100%\" height=\"750\" frameborder=\"0\" scrolling=\"auto\"><\/iframe><\/p>\n<p>&nbsp;<\/p>\n<p style=\"text-align: center;\"><strong><a href=\"https:\/\/yachtcharter-connection.com\/es\/regiones\/\">A-Z LIST OF ALL REGIONS<\/a> \u00a0 \u00a0 \u00a0\u00a0 <a href=\"https:\/\/yachtcharter-connection.com\/es\/paises\/\">A-Z LIST OF ALL COUNTRIES<\/a><\/strong><\/p>\n<div class=\"col-md-4 box_reg_country\">\n<div class=\"DPHeader\"><span style=\"color: #999999;\"><a style=\"color: #999999;\" href=\"\/es\/regiones\/caribe\/\">Caribe<\/a><\/span><\/div>\n<div class=\"DPContent\">\n<ul>\n<li><a href=\"\/es\/paises\/alquiler-barcos-islas-britanicas-de-la-virgen\/\">Islas Brit\u00e1nicas De la Virgen<\/a><\/li>\n<li><a href=\"\/es\/paises\/alquiler-barcos-antigua\/\">Antigua<\/a><\/li>\n<li><a href=\"\/es\/paises\/alquiler-barcos-martinica\/\">Martinica<\/a><\/li>\n<li><a href=\"\/es\/paises\/alquiler-barcos-guadalupe\/\">Guadelupe<\/a><\/li>\n<li><a href=\"\/es\/paises\/alquiler-barcos-netherlands-antilles\/\">Netherlands Antilles \/ Saint Maarten<\/a><\/li>\n<li><a href=\"\/es\/paises\/alquiler-barcos-saint-martin\/\">St. Martin<\/a><\/li>\n<li><a href=\"\/es\/paises\/alquiler-barcos-saint-lucia\/\">St. Lucia<\/a><\/li>\n<li><a href=\"\/es\/paises\/alquiler-barcos-saint-vincent-and-the-grenadines\/\">St. Vincent &amp; The Grenadines<\/a><\/li>\n<li><a href=\"\/es\/paises\/alquiler-barcos-grenada\/\">Grenada<\/a><\/li>\n<li><a href=\"https:\/\/yachtcharter-connection.com\/es\/paises\/alquiler-barcos-cuba\/\" target=\"_blank\" rel=\"noopener\">Cuba<\/a><\/li>\n<li><a href=\"\/es\/paises\/alquiler-barcos-belize\/\">Belize<\/a><\/li>\n<li><a href=\"\/es\/paises\/alquiler-barcos-venezuela\/\">Venezuela<\/a><\/li>\n<li><a href=\"\/es\/paises\/alquiler-barcos-panama\/\">Panama<\/a><\/li>\n<\/ul>\n<\/div>\n<div class=\"DPHeader\"><span style=\"color: #999999;\"><a style=\"color: #999999;\" href=\"\/es\/regiones\/pacifico\/\">Pac\u00edfico<\/a><\/span><\/div>\n<div class=\"DPContent\">\n<ul>\n<li><a href=\"\/es\/paises\/alquiler-barcos-polinesia\/\">Polinesia<\/a><\/li>\n<li><a href=\"\/es\/paises\/alquiler-barcos-fiji\/\">Fiji<\/a><\/li>\n<\/ul>\n<\/div>\n<div class=\"DPHeader\"><span style=\"color: #999999;\"><a style=\"color: #999999;\" href=\"\/es\/regiones\/atlantico-africa-occidental\/\">Atl\u00e1ntico \u00c1frica Occidental<\/a><\/span><\/div>\n<div class=\"DPContent\">\n<ul>\n<li><a href=\"\/es\/paises\/alquiler-barcos-espana\/\">Espa\u00f1a<\/a><\/li>\n<li><a href=\"\/es\/paises\/alquiler-barcos-cabo-verde\/\">Cabo Verde<\/a><\/li>\n<\/ul>\n<\/div>\n<div class=\"DPHeader\"><span style=\"color: #999999;\"><a style=\"color: #999999;\" href=\"\/es\/regiones\/eeuu-noroeste-canada\/\">Estados Unidos Pac\u00edfico<\/a><\/span><\/div>\n<div class=\"DPContent\">\n<ul>\n<li><a href=\"\/es\/paises\/alquiler-barcos-canada\/\">Canada<\/a><\/li>\n<li><a href=\"\/es\/paises\/alquiler-barcos-estados-unidos\/\">Estados Unidos<\/a><\/li>\n<\/ul>\n<\/div>\n<div class=\"DPHeader\"><span style=\"color: #999999;\"><a style=\"color: #999999;\" href=\"\/es\/regiones\/mar-rojo\/\">Mar Rojo<\/a><\/span><\/div>\n<div class=\"DPContent\">\n<ul>\n<li><a href=\"\/es\/paises\/alquiler-barcos-egypt\/\">Eg\u00edpto<\/a><\/li>\n<\/ul>\n<\/div>\n<\/div>\n<div class=\"col-md-4 box_reg_country\">\n<div class=\"DPHeader\"><span style=\"color: #999999;\"><a style=\"color: #999999;\" href=\"\/es\/regiones\/mediterraneo\/\">Mediterr\u00e1neo<\/a><\/span><\/div>\n<div class=\"DPContent\">\n<ul>\n<li><a href=\"\/es\/paises\/alquiler-barcos-espana\/\">Espa\u00f1a<\/a><\/li>\n<li><a href=\"\/es\/paises\/alquiler-barcos-francia\/\">Francia<\/a><\/li>\n<li><a href=\"\/es\/paises\/alquiler-barcos-italia\/\">Italia<\/a><\/li>\n<li><a href=\"\/es\/paises\/alquiler-barcos-malta\/\">Malta<\/a><\/li>\n<li><a href=\"\/es\/paises\/alquiler-barcos-eslovenia\/\">Eslovenia<\/a><\/li>\n<li><a href=\"\/es\/paises\/alquiler-barcos-croacia\/\">Croacia<\/a><\/li>\n<li><a href=\"\/es\/paises\/alquiler-barcos-montenegro\/\">Montenegro<\/a><\/li>\n<li><a href=\"\/es\/paises\/alquiler-barcos-grecia\/\">Grecia<\/a><\/li>\n<li><a href=\"\/es\/paises\/alquiler-barcos-turquia\/\">Turquia<\/a><\/li>\n<\/ul>\n<\/div>\n<div class=\"DPHeader\"><span style=\"color: #999999;\"><a style=\"color: #999999;\" href=\"\/es\/regiones\/oceania-154\/\">Ocean\u00eda<\/a><\/span><\/div>\n<div class=\"DPContent\">\n<ul>\n<li><a href=\"\/es\/paises\/alquiler-barcos-australia\/\">Australia<\/a><\/li>\n<li><a href=\"\/es\/paises\/alquiler-barcos-nueva-caledonia\/\">Nueva Caledonia<\/a><\/li>\n<\/ul>\n<\/div>\n<div class=\"DPHeader\"><span style=\"color: #999999;\"><a style=\"color: #999999;\" href=\"\/es\/regiones\/eeuu-nordeste\/\">Estados Unidos Altl\u00e1ntico<\/a><\/span><\/div>\n<div class=\"DPContent\">\n<ul>\n<li><a href=\"\/es\/paises\/alquiler-barcos-bahamas\/\">Bahamas<\/a><\/li>\n<li><a href=\"\/es\/paises\/alquiler-barcos-estados-unidos\/\">EEUU<\/a><\/li>\n<\/ul>\n<\/div>\n<div class=\"DPHeader\"><span style=\"color: #999999;\"><a style=\"color: #999999;\" href=\"\/es\/regiones\/aguas-interiores\/\">Aguas Interiores<\/a><\/span><\/div>\n<div class=\"DPContent\">\n<ul>\n<li><a href=\"\/es\/paises\/alquiler-barcos-alemania\/\">Alemania<\/a><\/li>\n<li><a href=\"\/es\/paises\/alquiler-barcos-holanda\/\">Paises Bajos<\/a><\/li>\n<li><a href=\"\/es\/paises\/alquiler-barcos-belgica\/\">Belgica<\/a><\/li>\n<li><a href=\"\/es\/paises\/alquiler-barcos-francia\/\">Francia<\/a><\/li>\n<li><a href=\"\/es\/paises\/alquiler-barcos-portugal\/\">Portugal<\/a><\/li>\n<li><a href=\"\/es\/paises\/alquiler-barcos-poland\/\">Polonia<\/a><\/li>\n<li><a href=\"\/es\/paises\/alquiler-barcos-czech-republic\/\">Rep\u00fablica Checa<\/a><\/li>\n<li><a href=\"\/es\/paises\/alquiler-barcos-hungria\/\">Hungr\u00eda<\/a><\/li>\n<\/ul>\n<\/div>\n<\/div>\n<div class=\"col-md-4 box_reg_country\">\n<div class=\"DPHeader\"><span style=\"color: #999999;\"><a style=\"color: #999999;\" href=\"\/es\/regiones\/oceano-indio\/\">Oceano Indio<\/a><\/span><\/div>\n<div class=\"DPContent\">\n<ul>\n<li><a href=\"\/es\/paises\/alquiler-barcos-seychelles\/\">Seychelles<\/a><\/li>\n<li><a href=\"\/es\/paises\/alquiler-barcos-tailandia\/\">Tailandia<\/a><\/li>\n<li><a href=\"\/es\/paises\/alquiler-barcos-malaysia\/\">Malasia<\/a><\/li>\n<li><a href=\"\/es\/paises\/alquiler-barcos-maldivas\/\">Maldivas<\/a><\/li>\n<li><a href=\"\/es\/paises\/alquiler-barcos-madagascar\/\">Madagascar<\/a><\/li>\n<\/ul>\n<\/div>\n<div class=\"DPHeader\"><span style=\"color: #999999;\"><a style=\"color: #999999;\" href=\"\/es\/regiones\/atlantico-europa-occidental\/\">Atlantico Europa Occidental<\/a><\/span><\/div>\n<div class=\"DPContent\">\n<ul>\n<li><a href=\"\/es\/paises\/alquiler-barcos-irlanda\/\">Irlanda<\/a><\/li>\n<li><a href=\"\/es\/paises\/alquiler-barcos-united-kingdom\/\">Reino Unido<\/a><\/li>\n<li><a href=\"\/es\/paises\/alquiler-barcos-holanda\/\">Holanda<\/a><\/li>\n<li><a href=\"\/es\/paises\/alquiler-barcos-belgica\/\">Belgica<\/a><\/li>\n<li><a href=\"\/es\/paises\/alquiler-barcos-francia\/\">Francia<\/a><\/li>\n<li><a href=\"\/es\/paises\/alquiler-barcos-portugal\/\">Portugal<\/a><\/li>\n<\/ul>\n<\/div>\n<\/div>\n<div class=\"col-md-4 box_reg_country\">\n<div class=\"DPHeader\"><span style=\"color: #999999;\"><a style=\"color: #999999;\" href=\"\/es\/regiones\/atlantico-sudamerica\/\">Atl\u00e1ntico Am\u00e9rica del Sur<\/a><\/span><\/div>\n<div class=\"DPContent\">\n<ul>\n<li><a href=\"\/es\/paises\/alquiler-barcos-brasil\/\">Brasil<\/a><\/li>\n<\/ul>\n<\/div>\n<\/div>\n<div class=\"col-md-4 box_reg_country\">\n<div class=\"DPHeader\"><span style=\"color: #999999;\"><a style=\"color: #999999;\" href=\"\/es\/regiones\/mar-baltico\/\">Mar B\u00e1ltico<\/a><\/span><\/div>\n<div class=\"DPContent\">\n<ul>\n<li><a href=\"\/es\/paises\/alquiler-barcos-alemania\/\">Alemania<\/a><\/li>\n<li><a href=\"\/es\/paises\/alquiler-barcos-suecia\/\">Suecia<\/a><\/li>\n<li><a href=\"\/es\/paises\/alquiler-barcos-dinamarca\/\">Dinamarca<\/a><\/li>\n<li><a href=\"\/es\/paises\/alquiler-barcos-finlandia\/\">Finlandia<\/a><\/li>\n<li><a href=\"\/es\/paises\/alquiler-barcos-lithuania\/\">Lituania<\/a><\/li>\n<\/ul>\n<\/div>\n<\/div>\n<div class=\"col-md-4 box_reg_country\">\n<div class=\"DPHeader\"><span style=\"color: #999999;\"><a style=\"color: #999999;\" href=\"\/es\/regiones\/mar-de-noruega\/\">Mar de Noruega<\/a><\/span><\/div>\n<div class=\"DPContent\">\n<ul>\n<li><a href=\"\/es\/paises\/alquiler-barcos-noruega\/\">Noruega<\/a><\/li>\n<\/ul>\n<\/div>\n<\/div>\n","protected":false},"excerpt":{"rendered":"<p>&nbsp; A-Z LIST OF ALL REGIONS \u00a0 \u00a0 \u00a0\u00a0 A-Z LIST OF ALL COUNTRIES Caribe Islas Brit\u00e1nicas De la Virgen Antigua Martinica Guadelupe Netherlands Antilles \/ Saint Maarten St. Martin St. Lucia St. Vincent &amp; The Grenadines Grenada Cuba Belize Venezuela Panama Pac\u00edfico Polinesia Fiji Atl\u00e1ntico \u00c1frica Occidental Espa\u00f1a Cabo<\/p>\n","protected":false},"author":11,"featured_media":0,"parent":0,"menu_order":0,"comment_status":"closed","ping_status":"closed","template":"","meta":[],"aioseo_notices":[],"_links":{"self":[{"href":"https:\/\/yachtcharter-connection.com\/es\/wp-json\/wp\/v2\/pages\/12460"}],"collection":[{"href":"https:\/\/yachtcharter-connection.com\/es\/wp-json\/wp\/v2\/pages"}],"about":[{"href":"https:\/\/yachtcharter-connection.com\/es\/wp-json\/wp\/v2\/types\/page"}],"author":[{"embeddable":true,"href":"https:\/\/yachtcharter-connection.com\/es\/wp-json\/wp\/v2\/users\/11"}],"replies":[{"embeddable":true,"href":"https:\/\/yachtcharter-connection.com\/es\/wp-json\/wp\/v2\/comments?post=12460"}],"version-history":[{"count":16,"href":"https:\/\/yachtcharter-connection.com\/es\/wp-json\/wp\/v2\/pages\/12460\/revisions"}],"predecessor-version":[{"id":31290,"href":"https:\/\/yachtcharter-connection.com\/es\/wp-json\/wp\/v2\/pages\/12460\/revisions\/31290"}],"wp:attachment":[{"href":"https:\/\/yachtcharter-connection.com\/es\/wp-json\/wp\/v2\/media?parent=12460"}],"curies":[{"name":"wp","href":"https:\/\/api.w.org\/{rel}","templated":true}]}}