{"id":14497,"date":"2008-09-23T16:36:52","date_gmt":"2008-09-23T16:36:52","guid":{"rendered":"http:\/\/yachtcharter-connection.com.w01e47c6.kasserver.com\/es\/bareboat-yachts\/"},"modified":"2016-11-19T23:48:55","modified_gmt":"2016-11-19T21:48:55","slug":"yates-sin-patron","status":"publish","type":"page","link":"https:\/\/yachtcharter-connection.com\/es\/yates-sin-patron\/","title":{"rendered":"Yates sin Patr\u00f3n"},"content":{"rendered":"<div class=\"col-md-6 h300\">\n<h2><a href=\"..\/sailing-yachts\">Veleros<\/a><\/h2>\n<p><img class=\"img-responsive\" src=\"\/wp-content\/uploads\/2008\/09\/sailboat_yachtcharter.jpg\" alt=\"sailboat_yachtcharter\" \/><br \/>\nAqu\u00ed usted encuentra los veleros de casi todos los fabricantes, los monocascos de casi cada tama\u00f1o, yates muy c\u00f3modos o veleros m\u00e1s r\u00e1pidos, los \u201ccruiser-racer\u201d &#8211; el velero perfecto para su crucero.\n<\/div>\n<div class=\"col-md-6 h300\">\n<h2><a href=\"..\/powerboats\">Yates de Motor<\/a><\/h2>\n<p><img class=\"img-responsive\" src=\"\/wp-content\/uploads\/2008\/09\/powerboat_yachtcharter.jpg\" alt=\"powerboat_yachtcharter\" \/><br \/>\nViajando r\u00e1pidamente con un yate de motor de una bah\u00eda al puerto o a la isla siguiente, descubriendo  tantos aspectos del \u00e1rea que posible en un ratito &#8211; aqu\u00ed se encuentra el barco de motor ideal para sus pr\u00f3ximas vacaciones.\n<\/div>\n<div class=\"col-md-6 h300\">\n<h2><a href=\"..\/catamarans\">Catamaranes<\/a><\/h2>\n<p><img class=\"img-responsive\" src=\"\/wp-content\/uploads\/2008\/09\/catamaran_charters.jpg\" alt=\"catamaran_charters\" \/><br \/>\nMucho espacio vital, poco calado: los catamaranes se hacen mucho m\u00e1s populares en particular con familias, en el sur asoleado y en la navegaci\u00f3n de aguas con muchas lagunas.\n<\/div>\n<div class=\"col-md-6 h300\">\n<h2><a href=\"..\/houseboats\">Houseboats<\/a><\/h2>\n<p><img class=\"img-responsive\" src=\"\/wp-content\/uploads\/2008\/09\/houseboat_rental.jpg\" alt=\"houseboat_rental\" \/><br \/>\nRelajar viajando sobre r\u00edos y lagos, descubriendo nuevos pa\u00edses &#8211; en muchos pa\u00edses usted pueden alquiler barcos vivienda para sus vacaciones sin el carn\u00e9 de conducir.\n<\/div>\n","protected":false},"excerpt":{"rendered":"<p>Veleros Aqu\u00ed usted encuentra los veleros de casi todos los fabricantes, los monocascos de casi cada tama\u00f1o, yates muy c\u00f3modos o veleros m\u00e1s r\u00e1pidos, los \u201ccruiser-racer\u201d &#8211; el velero perfecto para su crucero. Yates de Motor Viajando r\u00e1pidamente con un yate de motor de una bah\u00eda al puerto o a<\/p>\n","protected":false},"author":11,"featured_media":0,"parent":0,"menu_order":0,"comment_status":"open","ping_status":"open","template":"","meta":[],"aioseo_notices":[],"_links":{"self":[{"href":"https:\/\/yachtcharter-connection.com\/es\/wp-json\/wp\/v2\/pages\/14497"}],"collection":[{"href":"https:\/\/yachtcharter-connection.com\/es\/wp-json\/wp\/v2\/pages"}],"about":[{"href":"https:\/\/yachtcharter-connection.com\/es\/wp-json\/wp\/v2\/types\/page"}],"author":[{"embeddable":true,"href":"https:\/\/yachtcharter-connection.com\/es\/wp-json\/wp\/v2\/users\/11"}],"replies":[{"embeddable":true,"href":"https:\/\/yachtcharter-connection.com\/es\/wp-json\/wp\/v2\/comments?post=14497"}],"version-history":[{"count":3,"href":"https:\/\/yachtcharter-connection.com\/es\/wp-json\/wp\/v2\/pages\/14497\/revisions"}],"predecessor-version":[{"id":14680,"href":"https:\/\/yachtcharter-connection.com\/es\/wp-json\/wp\/v2\/pages\/14497\/revisions\/14680"}],"wp:attachment":[{"href":"https:\/\/yachtcharter-connection.com\/es\/wp-json\/wp\/v2\/media?parent=14497"}],"curies":[{"name":"wp","href":"https:\/\/api.w.org\/{rel}","templated":true}]}}