{"id":1548,"date":"2015-08-10T05:53:48","date_gmt":"2015-08-10T05:53:48","guid":{"rendered":"http:\/\/yachtcharter-connection.com.w01e47c6.kasserver.com\/kos-989\/"},"modified":"2017-10-16T18:12:32","modified_gmt":"2017-10-16T16:12:32","slug":"kos-989","status":"publish","type":"page","link":"https:\/\/yachtcharter-connection.com\/es\/regiones\/mediterraneo\/alquiler-barcos-egeo-dodecaneso\/kos-989\/","title":{"rendered":"Kos"},"content":{"rendered":"<h3>Alquiler de barcos Kos<\/h3>\n<p>\n<img loading=\"lazy\" class=\"content-image\"  width=\"300\" height=\"200\" alt=\"Navegar_Grecia_Dodecaneso_Kos\" src=\"https:\/\/yachtcharter-connection.com\/wp-content\/uploads\/converted_files\/20056\/20056-5624e07285711.jpg\" \/>Kos, la tercera isla m\u00e1s grande en la zona de Alquiler de barcos del Dodecaneso (las m\u00e1s grandes son Rodas y Karpathos), est\u00e1 localizado en el este del mar Egeo cerca de la costa de Turqu\u00eda &#8211; en la entrada del Golfo Gokova , a Bodrum es s\u00f3lo un tiro de piedra &#8211; para las tripulaciones de Alquiler de barcos, la isla es la sede de algunas bases de Alquiler de barcos y un popular punto de partida para  viajes en ch\u00e1rter a las otras islas del Dodecaneso y a la zona preferida para el turismo de Alquiler de barcos en Turqu\u00eda. <\/p>\n<p>\nPara los navegantes que quieren permanecer en el Dodecaneso, se ofrecen como destinos en el norte las islas Kalymnos, Lipsi, Leros, Patmos y  Marathos,  al sur los turistas de Alquiler de barcos navegan hasta Rodas, Halki, Simi, Tilos y Nisiros. Incluso Alquiler de barcos de un solo sentido hacia C\u00edcladas o Atenas son posibles.<\/p>\n<p>\nEl moderno puerto deportivo con varias compa\u00f1\u00edas de Alquiler de barcos se encuentra al este del puerto de la ciudad capital de Kos. Cuenta con una cafeter\u00eda-bar y varias tiendas. El centro de Kos es una caminata a lo largo de la costa de s\u00f3lo un cuarto de hora. Tambi\u00e9n en el puerto de la cidudad, con muchos barcos para excursiones y el p bullicio t\u00edpico del centro hay amarres para los turistas de Alquiler de barcos. M\u00e1s amarres: el puerto de Mastichari en el noreste, que es utilizado principalmente por los pescadores y el ferry a Kalymnos, y Kaimari Ormos en el sur.<\/p>\n<p>\nPara el bienestar de las tripulaciones de Alquiler de barcos numerosos restaurantes atienden a la l\u00ednea de costa. Centro de la vida urbana de la ciudad de Kos son el puerto viejo y el nuevo mercado \u00c1gora y la calle de bares, la atracciones locales incluyen un castillo, la antigua instalaci\u00f3n deportiva Gymnastirion, el Museo Arqueol\u00f3gico, Villa Romana y el pl\u00e1tano de Hip\u00f3crates, se dice que ense\u00f1\u00f3 all\u00ed. Destinos para excursiones interesantes para los turistas de Alquiler de barcos: el complejo del templo Asklepeion y Platani, un vilaje turco.<\/p>\n<p><\/p>\n","protected":false},"excerpt":{"rendered":"<p>Alquiler de barcos Kos Kos, la tercera isla m\u00e1s grande en la zona de Alquiler de barcos del Dodecaneso (las m\u00e1s grandes son Rodas y Karpathos), est\u00e1 localizado en el este del mar Egeo cerca de la costa de Turqu\u00eda &#8211; en la entrada del Golfo Gokova , a Bodrum<\/p>\n","protected":false},"author":11,"featured_media":0,"parent":668,"menu_order":0,"comment_status":"open","ping_status":"open","template":"","meta":[],"aioseo_notices":[],"_links":{"self":[{"href":"https:\/\/yachtcharter-connection.com\/es\/wp-json\/wp\/v2\/pages\/1548"}],"collection":[{"href":"https:\/\/yachtcharter-connection.com\/es\/wp-json\/wp\/v2\/pages"}],"about":[{"href":"https:\/\/yachtcharter-connection.com\/es\/wp-json\/wp\/v2\/types\/page"}],"author":[{"embeddable":true,"href":"https:\/\/yachtcharter-connection.com\/es\/wp-json\/wp\/v2\/users\/11"}],"replies":[{"embeddable":true,"href":"https:\/\/yachtcharter-connection.com\/es\/wp-json\/wp\/v2\/comments?post=1548"}],"version-history":[{"count":1,"href":"https:\/\/yachtcharter-connection.com\/es\/wp-json\/wp\/v2\/pages\/1548\/revisions"}],"predecessor-version":[{"id":14303,"href":"https:\/\/yachtcharter-connection.com\/es\/wp-json\/wp\/v2\/pages\/1548\/revisions\/14303"}],"up":[{"embeddable":true,"href":"https:\/\/yachtcharter-connection.com\/es\/wp-json\/wp\/v2\/pages\/668"}],"wp:attachment":[{"href":"https:\/\/yachtcharter-connection.com\/es\/wp-json\/wp\/v2\/media?parent=1548"}],"curies":[{"name":"wp","href":"https:\/\/api.w.org\/{rel}","templated":true}]}}