{"id":1549,"date":"2015-08-10T05:53:48","date_gmt":"2015-08-10T05:53:48","guid":{"rendered":"http:\/\/yachtcharter-connection.com.w01e47c6.kasserver.com\/mykonos-511\/"},"modified":"2017-07-15T15:06:52","modified_gmt":"2017-07-15T13:06:52","slug":"mykonos-511","status":"publish","type":"page","link":"https:\/\/yachtcharter-connection.com\/es\/regiones\/mediterraneo\/alquiler-barcos-egeo-cicladas\/mykonos-511\/","title":{"rendered":"Mykonos"},"content":{"rendered":"<h3>Alquiler de barcos Mykonos<\/h3>\n<p>\n<img class=\"content-image\"  style=\"width: 300px; height: 400px;\" alt=\"alquiler de barcos mykonos\" src=\"https:\/\/yachtcharter-connection.com\/wp-content\/uploads\/converted_files\/20057\/20057-5624e0745be38.jpg\" \/>Mykonos es una de las grandes islas en la zona de Alquiler de barcos C\u00edcladas. La isla muy conocida est\u00e1 dominada por el turismo.<\/p>\n<p>\nAl oeste de destino de Alquiler de barcos  Mykonos est\u00e1 la isla casi deshabitada de Delos, famoso por su santuario de Apolo y por otros edificios, las ruinas valen de verdad una visita &#8211; desde 1990, Delos es patrimonio de la humanidad de la Unesco. La isla de Tinos est\u00e1 en el norte de Mykonos, la isla de Naxos en el sur.<\/p>\n<p>\nEn Mykonos, la legendaria pel\u00edcula Alexis Zorbas fue filmado &#8211; un lugar importante de la pel\u00edcula, la cafeter\u00eda al lado del mar, el un sitio favorito de los turistas de Alquiler de barcos. La Chora, el coraz\u00f3n de la capital de Mykonos, con calles estrechas y casas blancas, muestra la arquitectura t\u00edpica de las C\u00edcladas. Pubs, bares, caf\u00e9s: el Mykonos Chora est\u00e1 lleno de ellos y especialmente popular como un sitio de fiestas. A las postales, hay los cuatro molinos de viento muy t\u00edpicos. El puerto es &quot;vigilada&quot; desde decadas por el pel\u00edcano Petros (o sus nietos), por la noche,  tambi\u00e9n le gusta visitar las tabernas donde le dan a comer.<\/p>\n<p>\nEn el puerto de la ciudad, utilizado principalmente por los barcos de pesca y de excursi\u00f3n, las tripulaciones de Alquiler de barcos normalmente no tienen espacio. Adem\u00e1s cuando sopla el viento fuerte Meltemi, el puerto no est\u00e1 bien protegido y muy inc\u00f3modo. M\u00e1s al norte est\u00e1 el puerto de Tourlos &#8211; aqu\u00ed es el lugar para el turismo de Alquiler de barcos, especialmente en la parte oriental los equipos de Alquiler de barcos encuentran amarres bien protegidos. Toda la infraestructura para el turismo de Alquiler de barcos  est\u00e1 disponible. No hay bases de Alquiler de barcos en Mykonos. Muchos navegantes van a navegar a Mykonos para disfrutar de la isla y las fiestas durante su viaje de Alquiler de barcos. <\/p>\n<p>Algunas bases de ch\u00e1rter ofrecen veleros de alquiler directamente desde Mykonos &#8211; ahora hay una grande base de ch\u00e1rter aqu\u00ed con veleros tipo Bavaria y Dufour. Preguntenos por ofertas.<\/p>\n<p><\/p>\n","protected":false},"excerpt":{"rendered":"<p>Alquiler de barcos Mykonos Mykonos es una de las grandes islas en la zona de Alquiler de barcos C\u00edcladas. La isla muy conocida est\u00e1 dominada por el turismo. Al oeste de destino de Alquiler de barcos Mykonos est\u00e1 la isla casi deshabitada de Delos, famoso por su santuario de Apolo<\/p>\n","protected":false},"author":11,"featured_media":0,"parent":646,"menu_order":0,"comment_status":"open","ping_status":"open","template":"","meta":[],"aioseo_notices":[],"_links":{"self":[{"href":"https:\/\/yachtcharter-connection.com\/es\/wp-json\/wp\/v2\/pages\/1549"}],"collection":[{"href":"https:\/\/yachtcharter-connection.com\/es\/wp-json\/wp\/v2\/pages"}],"about":[{"href":"https:\/\/yachtcharter-connection.com\/es\/wp-json\/wp\/v2\/types\/page"}],"author":[{"embeddable":true,"href":"https:\/\/yachtcharter-connection.com\/es\/wp-json\/wp\/v2\/users\/11"}],"replies":[{"embeddable":true,"href":"https:\/\/yachtcharter-connection.com\/es\/wp-json\/wp\/v2\/comments?post=1549"}],"version-history":[{"count":1,"href":"https:\/\/yachtcharter-connection.com\/es\/wp-json\/wp\/v2\/pages\/1549\/revisions"}],"predecessor-version":[{"id":14290,"href":"https:\/\/yachtcharter-connection.com\/es\/wp-json\/wp\/v2\/pages\/1549\/revisions\/14290"}],"up":[{"embeddable":true,"href":"https:\/\/yachtcharter-connection.com\/es\/wp-json\/wp\/v2\/pages\/646"}],"wp:attachment":[{"href":"https:\/\/yachtcharter-connection.com\/es\/wp-json\/wp\/v2\/media?parent=1549"}],"curies":[{"name":"wp","href":"https:\/\/api.w.org\/{rel}","templated":true}]}}