{"id":1550,"date":"2015-08-10T05:53:48","date_gmt":"2015-08-10T05:53:48","guid":{"rendered":"http:\/\/yachtcharter-connection.com.w01e47c6.kasserver.com\/paros-957\/"},"modified":"2016-10-29T22:01:42","modified_gmt":"2016-10-29T20:01:42","slug":"paros-957","status":"publish","type":"page","link":"https:\/\/yachtcharter-connection.com\/es\/regiones\/mediterraneo\/alquiler-barcos-egeo-cicladas\/paros-957\/","title":{"rendered":"Paros"},"content":{"rendered":"<h3>Alquiler de barcos Paros<\/h3>\n<p>\n<img loading=\"lazy\" class=\"content-image\"  width=\"300\" height=\"225\" src=\"https:\/\/yachtcharter-connection.com\/wp-content\/uploads\/converted_files\/20060\/20060-5624e07639ef1.jpg\" alt=\"Grecia-Ch\u00e1rter-yates-Paros-Puerto-Naoussa\" \/>La isla de Paros, donde hay una base de Alquiler de barcos peque\u00f1a se encuentra en el centro de la zona de Alquiler de barcos Cicladas y es la tercera isla m\u00e1s grande del archipi\u00e9lago. Diretamente en el este est\u00e1 la isla m\u00e1s grande de Naxos, en el suroeste, la hermana menor, la isla Antiparos. La principal ciudad Parikia \/ Paroikia y la base de Alquiler de barcos se encuentran en el noroeste de Paros. La isla es monta\u00f1osa, tres grandes bah\u00edas profundas cortan en el pa\u00eds: la bah\u00eda de Parikia, la bah\u00eda de Naoussa, a unos 10 kil\u00f3metros de la ciudad principal, donde tambi\u00e9n hay un puerto, y en el este la bah\u00eda de M\u00e1rmara. El nombre es una reminiscencia de m\u00e1rmol: Paroikia una vez fue un importante centro de comercio de la piedra preciosa. Los equipos de Alquiler de barcos llegan a Paros en ferry &#8211; ya sea en ferry r\u00e1pido desde Atenas, o de una de las islas vecinas, como Naxos o Mykonos. Desde Atenas, tambi\u00e9n hay vuelos al aeropuerto peque\u00f1o de Paros.<\/p>\n<p>\nEn Paroikia los turistas de  Alquiler de barcos pueden visitar la iglesia m\u00e1s bonita de las C\u00edcladas: La &quot;Iglesia de cien puertas&quot; con el nombre Katapoliani en realidad consta de tres iglesias y fue creado por uno de los constructores de Hagia Sophia. Los navegantes pueden tambi\u00e9n hacer una excursi\u00f3n a ver uno de los muchos monasterios de Paros &#8211; o hasta el asentamiento m\u00e1s antiguo de las C\u00edcladas, situada en Saliagos, una peque\u00f1a isla entre Paros y Antiparos. Se dice que Naoussa, el puerto y un pueblo de pescadores, con sus calles estrechas, un pueblo de casas blancas restaurado en el estilo t\u00edpico de las C\u00edcladas,  es uno de los lugares m\u00e1s bellos del archipi\u00e9lago. En la bah\u00eda de Naoussa los tripulaciones de Alquiler de barcos pueden fondear o tomar un amarre en el puerto deportivo bastante nuevo &#8211; el peque\u00f1o puerto pesquero no est\u00e1 bien protegidos si hay Meltemi.<\/p>\n","protected":false},"excerpt":{"rendered":"<p>Alquiler de barcos Paros La isla de Paros, donde hay una base de Alquiler de barcos peque\u00f1a se encuentra en el centro de la zona de Alquiler de barcos Cicladas y es la tercera isla m\u00e1s grande del archipi\u00e9lago. Diretamente en el este est\u00e1 la isla m\u00e1s grande de Naxos,<\/p>\n","protected":false},"author":11,"featured_media":0,"parent":646,"menu_order":0,"comment_status":"open","ping_status":"open","template":"","meta":[],"aioseo_notices":[],"_links":{"self":[{"href":"https:\/\/yachtcharter-connection.com\/es\/wp-json\/wp\/v2\/pages\/1550"}],"collection":[{"href":"https:\/\/yachtcharter-connection.com\/es\/wp-json\/wp\/v2\/pages"}],"about":[{"href":"https:\/\/yachtcharter-connection.com\/es\/wp-json\/wp\/v2\/types\/page"}],"author":[{"embeddable":true,"href":"https:\/\/yachtcharter-connection.com\/es\/wp-json\/wp\/v2\/users\/11"}],"replies":[{"embeddable":true,"href":"https:\/\/yachtcharter-connection.com\/es\/wp-json\/wp\/v2\/comments?post=1550"}],"version-history":[{"count":1,"href":"https:\/\/yachtcharter-connection.com\/es\/wp-json\/wp\/v2\/pages\/1550\/revisions"}],"predecessor-version":[{"id":14292,"href":"https:\/\/yachtcharter-connection.com\/es\/wp-json\/wp\/v2\/pages\/1550\/revisions\/14292"}],"up":[{"embeddable":true,"href":"https:\/\/yachtcharter-connection.com\/es\/wp-json\/wp\/v2\/pages\/646"}],"wp:attachment":[{"href":"https:\/\/yachtcharter-connection.com\/es\/wp-json\/wp\/v2\/media?parent=1550"}],"curies":[{"name":"wp","href":"https:\/\/api.w.org\/{rel}","templated":true}]}}