{"id":1551,"date":"2014-09-19T05:44:21","date_gmt":"2014-09-19T05:44:21","guid":{"rendered":"http:\/\/yachtcharter-connection.com.w01e47c6.kasserver.com\/syros-612\/"},"modified":"2017-07-15T15:27:30","modified_gmt":"2017-07-15T13:27:30","slug":"syros-612","status":"publish","type":"page","link":"https:\/\/yachtcharter-connection.com\/es\/regiones\/mediterraneo\/alquiler-barcos-egeo-cicladas\/syros-612\/","title":{"rendered":"Syros"},"content":{"rendered":"<h3>Alquiler de barcos Syros<\/h3>\n<p>\n<img loading=\"lazy\" class=\"content-image\"  width=\"300\" height=\"400\" src=\"https:\/\/yachtcharter-connection.com\/wp-content\/uploads\/converted_files\/20061\/20061-5624e077e10ad.jpg\" alt=\"Grecia_Cicladas_Syros\" \/>La peque\u00f1a isla y destino de Alquiler de barcos Syros (tambi\u00e9n llamado Syra o Siros = la roca) se encuentra en la zona de Alquiler de barcos de las C\u00edcladas &#8211; Delos est\u00e1 a s\u00f3lo 15 millas al este, a Paros se navega 23 millas n\u00e1uticas hacia el sur-sureste &#8211; y hasta la costa de Grecia al puerto de Lavrion, hay que navegar s\u00f3lo 50 millas. La ciudad principal es Herm\u00f3polis (desde el mensajero de los dioses Hermes) en la costa este que una vez fue el puerto comercial m\u00e1s grande de Grecia. Hoy en d\u00eda, los habitantes viven principalmente de los astilleros, el turismo juega un papel menor. Sin embargo, Syros es muy popular como destino tur\u00edstico entre los griegos.<\/p>\n<p>\nHay una base de Alquiler de barcos en Syros, algunos empresas de Alquiler de barcos ofrecen tambi\u00e9n el Alquiler de barcos con punto de partida Syros como opci\u00f3n a costes adicionales. Las tripulaciones de Alquiler de barcos llegan a Syros por ferry o por avi\u00f3n desde Atenas. Puertos para el turismo de Alquiler de barcos en Syros: el puerto en la ciudad de Herm\u00f3polis, con tabernas, caf\u00e9s y las olas que hacen los ferrys, y un peque\u00f1o puerto deportivo  cerca del aeropuerto &#8211; las opciones de comprar todo que se necesita a bordo en la capital son muy buenas. En el suroeste de Syros est\u00e1 el puerto de Phoinikos que se recomienda para hacer una parada en el crucero de Alquiler de barcos especialmente cuando sopla el Meltemi.<\/p>\n<p>\nMonumentos en Herm\u00f3polis, que en t\u00e9rminos de poblaci\u00f3n es la ciudad m\u00e1s grande de la zona de Alquiler de barcos C\u00edcladas: el Teatro Apolo y uno de los m\u00e1s antiguos museos arqueol\u00f3gicos de Grecia.<\/p>\n","protected":false},"excerpt":{"rendered":"<p>Alquiler de barcos Syros La peque\u00f1a isla y destino de Alquiler de barcos Syros (tambi\u00e9n llamado Syra o Siros = la roca) se encuentra en la zona de Alquiler de barcos de las C\u00edcladas &#8211; Delos est\u00e1 a s\u00f3lo 15 millas al este, a Paros se navega 23 millas n\u00e1uticas<\/p>\n","protected":false},"author":11,"featured_media":0,"parent":646,"menu_order":0,"comment_status":"open","ping_status":"open","template":"","meta":[],"aioseo_notices":[],"_links":{"self":[{"href":"https:\/\/yachtcharter-connection.com\/es\/wp-json\/wp\/v2\/pages\/1551"}],"collection":[{"href":"https:\/\/yachtcharter-connection.com\/es\/wp-json\/wp\/v2\/pages"}],"about":[{"href":"https:\/\/yachtcharter-connection.com\/es\/wp-json\/wp\/v2\/types\/page"}],"author":[{"embeddable":true,"href":"https:\/\/yachtcharter-connection.com\/es\/wp-json\/wp\/v2\/users\/11"}],"replies":[{"embeddable":true,"href":"https:\/\/yachtcharter-connection.com\/es\/wp-json\/wp\/v2\/comments?post=1551"}],"version-history":[{"count":1,"href":"https:\/\/yachtcharter-connection.com\/es\/wp-json\/wp\/v2\/pages\/1551\/revisions"}],"predecessor-version":[{"id":14299,"href":"https:\/\/yachtcharter-connection.com\/es\/wp-json\/wp\/v2\/pages\/1551\/revisions\/14299"}],"up":[{"embeddable":true,"href":"https:\/\/yachtcharter-connection.com\/es\/wp-json\/wp\/v2\/pages\/646"}],"wp:attachment":[{"href":"https:\/\/yachtcharter-connection.com\/es\/wp-json\/wp\/v2\/media?parent=1551"}],"curies":[{"name":"wp","href":"https:\/\/api.w.org\/{rel}","templated":true}]}}