{"id":1553,"date":"2015-08-10T05:53:48","date_gmt":"2015-08-10T05:53:48","guid":{"rendered":"http:\/\/yachtcharter-connection.com.w01e47c6.kasserver.com\/rhodos\/"},"modified":"2017-10-16T18:18:54","modified_gmt":"2017-10-16T16:18:54","slug":"rhodos","status":"publish","type":"page","link":"https:\/\/yachtcharter-connection.com\/es\/regiones\/mediterraneo\/alquiler-barcos-egeo-dodecaneso\/rhodos\/","title":{"rendered":"Rhodos"},"content":{"rendered":"<h3>Alquiler de barcos Rhodos<\/h3>\n<p>\n<img loading=\"lazy\" class=\"content-image\"  width=\"300\" height=\"225\" src=\"https:\/\/yachtcharter-connection.com\/wp-content\/uploads\/converted_files\/20065\/20065-5624e07a0fad4.jpg\" alt=\"Grecia_Bahia_de_Rhodos\" \/>Rodas, la isla principal de la zona de Alquiler de barcos de las islas del Dodecaneso cuenta con m\u00e1s de 3.000 horas de sol al a\u00f1o, convirti\u00e9ndola en una de las regiones m\u00e1s soleadas de Europa. La isla, hogar de varias bases de Alquiler de barcos, est\u00e1 ubicado en el suroeste del archipi\u00e9lago en la l\u00ednea entre el Egeo y el Mar de Levante, para llegar a la costa continental de Turqu\u00eda  s\u00f3lo hay de navegar cerca de 10 millas n\u00e1uticas. En los viajes en ch\u00e1rter a las otras islas del Dodecaneso en direcci\u00f3n noroeste a menudo hay que navegar en contra de la direcci\u00f3n predominante del viento, as\u00ed que al la vuelta a la base de Alquiler de barcos, a menudo hay cursos deliciosos a favor del viento. Muchos equipos de Alquiler de barcos navegan de Rodas a Turqu\u00eda. En la costa oeste de Rodas est\u00e1n las &quot;Islas del Pastor&quot; &#8211; Chalki y Alimia en s\u00f3lo unos pocos kil\u00f3metros de distancia. La popular isla de Simi est\u00e1 muy cerca.<\/p>\n<p>\nEn la ciudad de Rodas en el norte de la isla, el terminal de ferrys y cruceros y el puerto deportivo con las bases de Alquiler de barcos Marina Mandraki est\u00e1n uno junto al otro. Lleganod a Rodas, los equipos de Alquiler de barcos s\u00f3lo necesitan unos 20 minutos por taxi desde el a\u00e9ropuerto hasta la base de Alquiler de barcos en Rodas. El puerto es vivaz, las tripulaciones de Alquiler de barcos pueden caminar a pie hasta el centro de Rodas sin problemas. La entrada del puerto es f\u00e1cil de ver: en dos pilares son los animales her\u00e1ldicos de Rodas, ciervo y cabra. En el muelle, ideal para un paseo, son la fortaleza de Agios Nikolaos, constuido en el 15 Siglo, y algunos molinos de viento, tal vez tan antigua. Frente a la marina de Alquiler de barcos est\u00e1 la \u00e1gora (mercado) con caf\u00e9s y tabernas, al centro hay muchas tiendas y restaurantes. Lugares de inter\u00e9s: El Palacio del Gran Maestre y la Mezquita de Murad Reis.<\/p>\n<p>\nEl destino de Alquiler de barcos Rodas vive del turismo &#8211; pero tambi\u00e9n cultivan vino y olivas y  y la cr\u00eda de animales. La costa oeste es zona tur\u00edstica y cuenta con hoteles, clubes nocturnos y bares, pero el centro tur\u00edstico, debido al clima m\u00e1s suave, es la costa oriental con la zona tur\u00edstica de Faliraki. Destinos para excursiones para las tripulaciones Alquiler de barcos: el valle de las mariposas en el noroeste, los ba\u00f1os de Kallithea, las ruinas de la antigua ciudad Kameiros en Occidente o la ruina de Monolithos, en la costa sur.<\/p>\n<p><\/p>\n","protected":false},"excerpt":{"rendered":"<p>Alquiler de barcos Rhodos Rodas, la isla principal de la zona de Alquiler de barcos de las islas del Dodecaneso cuenta con m\u00e1s de 3.000 horas de sol al a\u00f1o, convirti\u00e9ndola en una de las regiones m\u00e1s soleadas de Europa. La isla, hogar de varias bases de Alquiler de barcos,<\/p>\n","protected":false},"author":11,"featured_media":0,"parent":668,"menu_order":0,"comment_status":"open","ping_status":"open","template":"","meta":[],"aioseo_notices":[],"_links":{"self":[{"href":"https:\/\/yachtcharter-connection.com\/es\/wp-json\/wp\/v2\/pages\/1553"}],"collection":[{"href":"https:\/\/yachtcharter-connection.com\/es\/wp-json\/wp\/v2\/pages"}],"about":[{"href":"https:\/\/yachtcharter-connection.com\/es\/wp-json\/wp\/v2\/types\/page"}],"author":[{"embeddable":true,"href":"https:\/\/yachtcharter-connection.com\/es\/wp-json\/wp\/v2\/users\/11"}],"replies":[{"embeddable":true,"href":"https:\/\/yachtcharter-connection.com\/es\/wp-json\/wp\/v2\/comments?post=1553"}],"version-history":[{"count":1,"href":"https:\/\/yachtcharter-connection.com\/es\/wp-json\/wp\/v2\/pages\/1553\/revisions"}],"predecessor-version":[{"id":14305,"href":"https:\/\/yachtcharter-connection.com\/es\/wp-json\/wp\/v2\/pages\/1553\/revisions\/14305"}],"up":[{"embeddable":true,"href":"https:\/\/yachtcharter-connection.com\/es\/wp-json\/wp\/v2\/pages\/668"}],"wp:attachment":[{"href":"https:\/\/yachtcharter-connection.com\/es\/wp-json\/wp\/v2\/media?parent=1553"}],"curies":[{"name":"wp","href":"https:\/\/api.w.org\/{rel}","templated":true}]}}