{"id":1554,"date":"2014-06-28T18:34:25","date_gmt":"2014-06-28T18:34:25","guid":{"rendered":"http:\/\/yachtcharter-connection.com.w01e47c6.kasserver.com\/poros-218\/"},"modified":"2016-10-29T22:01:43","modified_gmt":"2016-10-29T20:01:43","slug":"poros-218","status":"publish","type":"page","link":"https:\/\/yachtcharter-connection.com\/es\/regiones\/mediterraneo\/alquiler-barcos-egeo-cicladas\/poros-218\/","title":{"rendered":"Poros"},"content":{"rendered":"<h3>Alquiler de barcos Poros<\/h3>\n<p><img loading=\"lazy\" class=\"content-image\"  width=\"300\" height=\"225\" src=\"https:\/\/yachtcharter-connection.com\/wp-content\/uploads\/converted_files\/20066\/20066-5624e07ba1a6f.jpg\" alt=\"\" \/>La isla de Poros, probablemente una de las m\u00e1s bellas islas del Golfo Sar\u00f3nico, se encuentra a unos 30 kil\u00f3metros de Atenas, y es el hogar de una base de Alquiler de barcos con una flota de yates bastantes grande. Entre Poros y el Peloponeso con la ciudad Galatas s\u00f3lo hay un canal de 300 metros de ancho. Los turistas de Alquiler de barcos llegan a la base de Alquiler de barcos con los ferrys r\u00e1pidos o hidroala (hidrofoil) desde Atenas \/ El Pireo &ndash; como Poros es tambi\u00e9n un destino favorito de la gente de Atenas, las conexiones son excelentes.<\/p>\n<p>La infraestructura tur\u00edstica &#8211; incluido para el turismo de Alquiler de barcos &ndash; en Poros est\u00e1 muy bien desarrollado. La principal ciudad del mismo nombre, se encuentra en el lado oeste y se extiende a trav\u00e9s de un estrecho istmo que conecta la parte del sur, densamente cubierto de pinos, con la parte norte: Aqu\u00ed se cultivan las aceitunas y los c\u00edtricos y se cr\u00edan tambi\u00e9n los peces. En la meseta de la isla se cultiva el vino. Las atracciones principales para los turistas de Alquiler de barcos son el Museo Arqueol\u00f3gico, el monasterio en la parte del norte Kalavria Zoodochis Pigis, las ruinas de un templo de Poseid\u00f3n y la torre del reloj visible desde lejos de la ciudad principal. Lo m\u00e1s fascinante de la ciudad, sin embargo, es el paseo mar\u00edtimo con restaurantes y cafeter\u00edas &#8211; la avenida perfecta que es tambi\u00e9n muy animada por la noche, con amarres para los turistas de Alquiler de barcos directamente en el centro de la acci\u00f3n!<\/p>\n<p>Poros es un punto de partida ideal para cruceros de Alquiler de barcos a las islas en el Golfo Sar\u00f3nico (Golfo Arg\u00f3lico) Aegina, Hydra y Spetses &#8211; y tambi\u00e9n para viajes en ch\u00e1rter a las islas C\u00edcladas.<\/p>\n<p><\/p>\n","protected":false},"excerpt":{"rendered":"<p>Alquiler de barcos Poros La isla de Poros, probablemente una de las m\u00e1s bellas islas del Golfo Sar\u00f3nico, se encuentra a unos 30 kil\u00f3metros de Atenas, y es el hogar de una base de Alquiler de barcos con una flota de yates bastantes grande. Entre Poros y el Peloponeso con<\/p>\n","protected":false},"author":11,"featured_media":0,"parent":646,"menu_order":0,"comment_status":"open","ping_status":"open","template":"","meta":[],"aioseo_notices":[],"_links":{"self":[{"href":"https:\/\/yachtcharter-connection.com\/es\/wp-json\/wp\/v2\/pages\/1554"}],"collection":[{"href":"https:\/\/yachtcharter-connection.com\/es\/wp-json\/wp\/v2\/pages"}],"about":[{"href":"https:\/\/yachtcharter-connection.com\/es\/wp-json\/wp\/v2\/types\/page"}],"author":[{"embeddable":true,"href":"https:\/\/yachtcharter-connection.com\/es\/wp-json\/wp\/v2\/users\/11"}],"replies":[{"embeddable":true,"href":"https:\/\/yachtcharter-connection.com\/es\/wp-json\/wp\/v2\/comments?post=1554"}],"version-history":[{"count":1,"href":"https:\/\/yachtcharter-connection.com\/es\/wp-json\/wp\/v2\/pages\/1554\/revisions"}],"predecessor-version":[{"id":14294,"href":"https:\/\/yachtcharter-connection.com\/es\/wp-json\/wp\/v2\/pages\/1554\/revisions\/14294"}],"up":[{"embeddable":true,"href":"https:\/\/yachtcharter-connection.com\/es\/wp-json\/wp\/v2\/pages\/646"}],"wp:attachment":[{"href":"https:\/\/yachtcharter-connection.com\/es\/wp-json\/wp\/v2\/media?parent=1554"}],"curies":[{"name":"wp","href":"https:\/\/api.w.org\/{rel}","templated":true}]}}