{"id":1565,"date":"2015-02-19T06:10:43","date_gmt":"2015-02-19T06:10:43","guid":{"rendered":"http:\/\/yachtcharter-connection.com.w01e47c6.kasserver.com\/naples-933\/"},"modified":"2017-07-16T15:32:48","modified_gmt":"2017-07-16T13:32:48","slug":"naples-933","status":"publish","type":"page","link":"https:\/\/yachtcharter-connection.com\/es\/regiones\/mediterraneo\/alquiler-barcos-tirreno-centro-y-sur\/naples-933\/","title":{"rendered":"Naples"},"content":{"rendered":"<h3>Alquiler de barcos N\u00e1poles<\/h3>\n<p>\n<img class=\"content-image\"  style=\"width: 300px; height: 225px;\" alt=\"Alquiler de barcos N\u00e1poles - golfo de n\u00e1poles\" src=\"https:\/\/yachtcharter-connection.com\/wp-content\/uploads\/converted_files\/20079\/20079-5624e07ee4218.jpg\" \/>El destino de alquiler de barcos N\u00e1poles, la tercera ciudad de Italia, despu\u00e9s de Roma y Mil\u00e1n, es la capital de la regi\u00f3n de Campania y el centro pol\u00edtico y econ\u00f3mico del sur de Italia. Los griegos fundaron N\u00e1poles como &quot;Nea Polis&quot; (Nueva Ciudad) 500 antes de Cristo. Griegos, romanos, normandos, Borbones y los otros que gobernaron temporalmente en Campania, han dejado su huella en la ciudad. Via el aeropuerto de N\u00e1poles, que es servido por muchas l\u00edneas a\u00e9reas, las tripulaciones de los yates de ch\u00e1rter en N\u00e1poles llegan facilmente a la base de alquiler de barcos en N\u00e1poles.<\/p>\n<p>N\u00e1poles est\u00e1 situada en la pintoresca Bah\u00eda de N\u00e1poles &#8211; la vista de la ciudad est\u00e1 dominada por el vulcano Vesus. Los turistas de alquiler de yates en N\u00e1poles tienen una vista perfecta de la bah\u00eda de N\u00e1poles desde Cabo Posillipo, a poca distancia del puerto, ya sea en taxi o en el autob\u00fas tur\u00edstico.<\/p>\n<p>En la ciudad de N\u00e1poles, los navegantes disfrutan del puro estilo italiano. Los restaurantes ofrecen cocina italiana aut\u00e9ntica (por fin la pizza fue inventada supuestamente en N\u00e1poles) a precios muy razonables. A orillas del agua, la visita del Castall dell&#8217;Ovo vale la pena una visita &#8211; se encuentra situado en un pintoresco peque\u00f1o puerto. La catedral, el Duomo de San Gennaro, es digno de una visita, as\u00ed como el palacio real de los reyes Borbones del siglo 18 y la iglesia de San Francesco di Paola. Los que toman un poco de tiempo para una excursi\u00f3n en tierra tambi\u00e9n pueden visitar Pompeya, ciudad destruida del vulcano.<\/p>\n<p><img class=\"content-image\"  style=\"width: 298px; height: 151px;\" alt=\"alquiler-barcos-n\u00e1poles.jpg\" src=\"https:\/\/yachtcharter-connection.com\/wp-content\/uploads\/converted_files\/20079\/20079-5624e080c7dc1.jpg\" \/>Comenzando su viaje aqu\u00ed, los equipos de alquiler de barcos en N\u00e1poles equipos tienen la posibilidad de elegir entre varios destinos fascinantes para su crucero. En el continente, la costa de Amalfi es muy atractivo, que se extiende desde N\u00e1poles a Salerno &#8211; con impresionantes paisajes y lugares pintorescos como Amalfi, el pueblo pesquero de Positano, Vietri sul Mare o Atrani. Directamente en el Golfo de N\u00e1poles, los navegantes dif\u00edcilmente pueden escapar a visitar las islas de Procida, Ischia y Capri. M\u00e1s hacia el oeste, las islas Pontine atraen con encanto original: en particular, Ponza y Ventotene, pero tambi\u00e9n Santo Stefaneo, Palmarola, Zannone y Gavi valen m\u00e1s que la pena del viaje hacia el oeste.<\/p>\n<h3>\nYates de ch\u00e1rter N\u00e1poles:<\/h3>\n<p>\nPara alquiler de barcos en N\u00e1poles, hay una grande flota de veleros y catamaranes de vela de todos los astilleros m\u00e1s importantes. Estaremos encantados de ofrecer yates de motor tambi\u00e9n. Adem\u00e1s, numerosos yates de lujo con tripulaci\u00f3n est\u00e1n basados \u200b\u200ben N\u00e1poles &#8211; para las vacaciones de ensue\u00f1o.<\/p>\n<p><\/p>\n","protected":false},"excerpt":{"rendered":"<p>Alquiler de barcos N\u00e1poles El destino de alquiler de barcos N\u00e1poles, la tercera ciudad de Italia, despu\u00e9s de Roma y Mil\u00e1n, es la capital de la regi\u00f3n de Campania y el centro pol\u00edtico y econ\u00f3mico del sur de Italia. Los griegos fundaron N\u00e1poles como &quot;Nea Polis&quot; (Nueva Ciudad) 500 antes<\/p>\n","protected":false},"author":11,"featured_media":0,"parent":643,"menu_order":0,"comment_status":"open","ping_status":"open","template":"","meta":[],"aioseo_notices":[],"_links":{"self":[{"href":"https:\/\/yachtcharter-connection.com\/es\/wp-json\/wp\/v2\/pages\/1565"}],"collection":[{"href":"https:\/\/yachtcharter-connection.com\/es\/wp-json\/wp\/v2\/pages"}],"about":[{"href":"https:\/\/yachtcharter-connection.com\/es\/wp-json\/wp\/v2\/types\/page"}],"author":[{"embeddable":true,"href":"https:\/\/yachtcharter-connection.com\/es\/wp-json\/wp\/v2\/users\/11"}],"replies":[{"embeddable":true,"href":"https:\/\/yachtcharter-connection.com\/es\/wp-json\/wp\/v2\/comments?post=1565"}],"version-history":[{"count":1,"href":"https:\/\/yachtcharter-connection.com\/es\/wp-json\/wp\/v2\/pages\/1565\/revisions"}],"predecessor-version":[{"id":14409,"href":"https:\/\/yachtcharter-connection.com\/es\/wp-json\/wp\/v2\/pages\/1565\/revisions\/14409"}],"up":[{"embeddable":true,"href":"https:\/\/yachtcharter-connection.com\/es\/wp-json\/wp\/v2\/pages\/643"}],"wp:attachment":[{"href":"https:\/\/yachtcharter-connection.com\/es\/wp-json\/wp\/v2\/media?parent=1565"}],"curies":[{"name":"wp","href":"https:\/\/api.w.org\/{rel}","templated":true}]}}