{"id":1568,"date":"2015-08-10T05:53:48","date_gmt":"2015-08-10T05:53:48","guid":{"rendered":"http:\/\/yachtcharter-connection.com.w01e47c6.kasserver.com\/elba-portoferraio-423\/"},"modified":"2017-07-16T14:40:45","modified_gmt":"2017-07-16T12:40:45","slug":"elba-portoferraio-423","status":"publish","type":"page","link":"https:\/\/yachtcharter-connection.com\/es\/regiones\/mediterraneo\/alquiler-barcos-liguria-corcega-elba\/elba-portoferraio-423\/","title":{"rendered":"Elba \/ Portoferraio"},"content":{"rendered":"<h3>Alquiler de barcos Elba &#8211; Portoferraio<\/h3>\n<p>\n<img loading=\"lazy\" class=\"content-image\"  width=\"300\" height=\"200\" alt=\"Navegar_Italia_Elba_Porto_Azzurro\" src=\"https:\/\/yachtcharter-connection.com\/wp-content\/uploads\/converted_files\/20082\/20082-5624e08466910.jpg\" \/>El destino de alquiler de barcos Portoferraio se encuentra en el lado norte de la isla de Elba y es su capital. Portoferraio &#8211; traducido el nombre significa &quot;puerto de hierro&quot;, debido a la miner\u00eda de hierro en Elba &#8211; es un atractivo puerto de yates de partida para los turistas de ch\u00e1rter de yates en Elba que est\u00e1n planeando un viaje en ch\u00e1rter desde Portoferraio en el Archipi\u00e9lago de la Toscana o las zonas populares de crucero de<a href=\"~\/mediterraneo\/Alquiler_barcos_liguria_corcega_elba.html\"> C\u00f3rcega<\/a> y <a href=\"~\/mediterraneo\/Alquiler_barcos_cerdena.html\">Cerde\u00f1a<\/a>.<\/p>\n<p>Alrededor del puerto de Portoferraio se encuentra el casco antiguo animado y pintoresco. Con unas vistas impresionantes y un ambiente divertido tiene el atractivo t\u00edpico de una peque\u00f1a ciudad italiana. Elba vive de los turistas, as\u00ed que no hay falta de boutiques, bares, restaurantes y caf\u00e9s con encanto. Portoferraio est\u00e1 llena de monumentos y su rica historia. La actual ciudad fue fundada por Cosimo I de Medici como &quot;Cosm\u00f3polis&quot;. Los imponentes fortificaciones se construyeron a partir de 1548, incluyendo el muro perimetral los tres bastiones Falcone, Stella y la torre Linguella. Desde aqu\u00ed los equipos de alquiler de barcos en Portoferraio tienen una gran vista de la bah\u00eda, el puerto y todo el paisaje de la zona. Adem\u00e1s, el Museo de Napole\u00f3n vale la pena visitar &#8211; la Villa dei Mulini, donde el emperador franc\u00e9s vivi\u00f3 en el exilio en 1814 y los primeros meses de 1815.<\/p>\n<h4>\nAlquiler de veleros en Portoferraio &#8211; el puerto deportivo<\/h4>\n<p>\nAlrededor de 15 minutos a pie de los muelles del ferry se encuentra el puerto deportivo con las bases de alquiler de barcos en Portoferraio. Con los antiguos muelles en forma de U, la  Darsena Mediceo se encuentra en una bah\u00eda natural y est\u00e1 bien protegido contra todos los vientos. Para las turistas de alquiler de barcos en Portoferraio que lleguen en coche hay un aparcamiento seguro cerca del puerto deportivo. Todos los pantalanes est\u00e1n iluminados por la noche y cada amarre tiene conexiones de agua y electricidad. M\u00e1s servicios para las tripulaciones de alquiler de yates Portoferraio incluyen instalaciones sanitarias, una estaci\u00f3n de gas (gasolina y diesel), servicio de lavander\u00eda, restaurante, WiFi, alquiler de coches y motos y taxis. Suministros para el crucero en yate de ch\u00e1rter en el archipi\u00e9lago de Toscana se pueden comprar o pedir en el supermercado cercano.<\/p>\n<p>\nYates de ch\u00e1rter Elba &#8211; Portoferraio: En Portoferraio, hay una flota de charter de veleros desde 32 hasta 49 pies de los principales fabricantes disponibles para ch\u00e1rter en Elba: incluyendo Bavaria, Jeanneau Sun Odyssey y catamaranes a vela de Lagoon. Alquile el mejor yate en Portoferraio para sus vacaciones en l\u00ednea o simplemente preg\u00fantenos por un presupuesto.<\/p>\n<h4>\nImportante para los equipos de alquiler de veleros Elba:<\/h4>\n<p>Fondeando al ancla en la bah\u00eda de Portoferraio, un miembro de la tripulaci\u00f3n siempre tiene que quedarse a bordo. El reglamento se introdujo por razones de seguridad. Las autoridades llevan a cabo controles: los capitanes de barcos de ch\u00e1rter en Elba que dejan sus barcos \u00f3s\u00f3lo tienen que enfrentar altas multas.<\/p>\n","protected":false},"excerpt":{"rendered":"<p>Alquiler de barcos Elba &#8211; Portoferraio El destino de alquiler de barcos Portoferraio se encuentra en el lado norte de la isla de Elba y es su capital. Portoferraio &#8211; traducido el nombre significa &quot;puerto de hierro&quot;, debido a la miner\u00eda de hierro en Elba &#8211; es un atractivo puerto<\/p>\n","protected":false},"author":11,"featured_media":0,"parent":664,"menu_order":0,"comment_status":"open","ping_status":"open","template":"","meta":[],"aioseo_notices":[],"_links":{"self":[{"href":"https:\/\/yachtcharter-connection.com\/es\/wp-json\/wp\/v2\/pages\/1568"}],"collection":[{"href":"https:\/\/yachtcharter-connection.com\/es\/wp-json\/wp\/v2\/pages"}],"about":[{"href":"https:\/\/yachtcharter-connection.com\/es\/wp-json\/wp\/v2\/types\/page"}],"author":[{"embeddable":true,"href":"https:\/\/yachtcharter-connection.com\/es\/wp-json\/wp\/v2\/users\/11"}],"replies":[{"embeddable":true,"href":"https:\/\/yachtcharter-connection.com\/es\/wp-json\/wp\/v2\/comments?post=1568"}],"version-history":[{"count":1,"href":"https:\/\/yachtcharter-connection.com\/es\/wp-json\/wp\/v2\/pages\/1568\/revisions"}],"predecessor-version":[{"id":14350,"href":"https:\/\/yachtcharter-connection.com\/es\/wp-json\/wp\/v2\/pages\/1568\/revisions\/14350"}],"up":[{"embeddable":true,"href":"https:\/\/yachtcharter-connection.com\/es\/wp-json\/wp\/v2\/pages\/664"}],"wp:attachment":[{"href":"https:\/\/yachtcharter-connection.com\/es\/wp-json\/wp\/v2\/media?parent=1568"}],"curies":[{"name":"wp","href":"https:\/\/api.w.org\/{rel}","templated":true}]}}