{"id":1574,"date":"2014-06-28T19:18:50","date_gmt":"2014-06-28T19:18:50","guid":{"rendered":"http:\/\/yachtcharter-connection.com.w01e47c6.kasserver.com\/cerdena-porto-cervo\/"},"modified":"2018-04-14T17:36:59","modified_gmt":"2018-04-14T15:36:59","slug":"cerdena-porto-cervo","status":"publish","type":"page","link":"https:\/\/yachtcharter-connection.com\/es\/regiones\/mediterraneo\/alquiler-barcos-cerdena\/cerdena-porto-cervo\/","title":{"rendered":"Cerde\u00f1a \/ Porto Cervo"},"content":{"rendered":"<h1><strong>Charter de Yates Cerde\u00f1a &#8211; Porto Cervo<\/strong><\/h1>\n<p><a href=\"https:\/\/yachtcharter-connection.com\/wp-content\/uploads\/2015\/08\/Porto-CervoSardinia-Porto-Cervo-6.jpg\"><img loading=\"lazy\" class=\"alignleft size-full wp-image-26173\" src=\"https:\/\/yachtcharter-connection.com\/wp-content\/uploads\/2015\/08\/Porto-CervoSardinia-Porto-Cervo-6.jpg\" alt=\"Luxury yacht Charters Sardinia\" width=\"600\" height=\"400\" srcset=\"https:\/\/yachtcharter-connection.com\/wp-content\/uploads\/2015\/08\/Porto-CervoSardinia-Porto-Cervo-6.jpg 600w, https:\/\/yachtcharter-connection.com\/wp-content\/uploads\/2015\/08\/Porto-CervoSardinia-Porto-Cervo-6-300x200.jpg 300w\" sizes=\"(max-width: 600px) 100vw, 600px\" \/><\/a><strong>Porto Cervo en la Costa Smeralda, una vez construido por Aga Khan como un complejo de lujo absoluto, todav\u00eda representa el turismo de lujo. En verano, el puerto es un lugar de encuentro para los hu\u00e9spedes de yates de lujo, mega yates y superyates. Aqu\u00ed encontrar\u00e1 algunos de los yates de lujo m\u00e1s bellos del mundo.<\/strong><\/p>\n<p><strong>Solic\u00edtenos ofertas de alquiler de yates de lujo en la Costa Smeralda.<\/strong><\/p>\n","protected":false},"excerpt":{"rendered":"<p>Charter de Yates Cerde\u00f1a &#8211; Porto Cervo Porto Cervo en la Costa Smeralda, una vez construido por Aga Khan como un complejo de lujo absoluto, todav\u00eda representa el turismo de lujo. En verano, el puerto es un lugar de encuentro para los hu\u00e9spedes de yates de lujo, mega yates y<\/p>\n","protected":false},"author":11,"featured_media":0,"parent":665,"menu_order":0,"comment_status":"open","ping_status":"open","template":"","meta":[],"aioseo_notices":[],"_links":{"self":[{"href":"https:\/\/yachtcharter-connection.com\/es\/wp-json\/wp\/v2\/pages\/1574"}],"collection":[{"href":"https:\/\/yachtcharter-connection.com\/es\/wp-json\/wp\/v2\/pages"}],"about":[{"href":"https:\/\/yachtcharter-connection.com\/es\/wp-json\/wp\/v2\/types\/page"}],"author":[{"embeddable":true,"href":"https:\/\/yachtcharter-connection.com\/es\/wp-json\/wp\/v2\/users\/11"}],"replies":[{"embeddable":true,"href":"https:\/\/yachtcharter-connection.com\/es\/wp-json\/wp\/v2\/comments?post=1574"}],"version-history":[{"count":3,"href":"https:\/\/yachtcharter-connection.com\/es\/wp-json\/wp\/v2\/pages\/1574\/revisions"}],"predecessor-version":[{"id":26189,"href":"https:\/\/yachtcharter-connection.com\/es\/wp-json\/wp\/v2\/pages\/1574\/revisions\/26189"}],"up":[{"embeddable":true,"href":"https:\/\/yachtcharter-connection.com\/es\/wp-json\/wp\/v2\/pages\/665"}],"wp:attachment":[{"href":"https:\/\/yachtcharter-connection.com\/es\/wp-json\/wp\/v2\/media?parent=1574"}],"curies":[{"name":"wp","href":"https:\/\/api.w.org\/{rel}","templated":true}]}}