{"id":1577,"date":"2015-08-10T05:53:48","date_gmt":"2015-08-10T05:53:48","guid":{"rendered":"http:\/\/yachtcharter-connection.com.w01e47c6.kasserver.com\/cerdena-portisco\/"},"modified":"2018-03-05T18:05:46","modified_gmt":"2018-03-05T16:05:46","slug":"cerdena-portisco","status":"publish","type":"page","link":"https:\/\/yachtcharter-connection.com\/es\/regiones\/mediterraneo\/alquiler-barcos-cerdena\/cerdena-portisco\/","title":{"rendered":"Cerde\u00f1a \/ Portisco"},"content":{"rendered":"<h1><strong>Alquiler de barcos Cerde\u00f1a &#8211; Portisco<\/strong><\/h1>\n<p><a href=\"https:\/\/yachtcharter-connection.com\/wp-content\/uploads\/2015\/08\/Portisco-Marina.jpg\"><img loading=\"lazy\" class=\"alignleft size-full wp-image-26110\" src=\"https:\/\/yachtcharter-connection.com\/wp-content\/uploads\/2015\/08\/Portisco-Marina.jpg\" alt=\"Alquiler barcos Marina di Portisco\" width=\"423\" height=\"276\" srcset=\"https:\/\/yachtcharter-connection.com\/wp-content\/uploads\/2015\/08\/Portisco-Marina.jpg 423w, https:\/\/yachtcharter-connection.com\/wp-content\/uploads\/2015\/08\/Portisco-Marina-300x196.jpg 300w\" sizes=\"(max-width: 423px) 100vw, 423px\" \/><\/a>El destino de alquiler de barcos Portisco en la costa noreste de <strong><span style=\"color: #003366;\"><a style=\"color: #003366;\" href=\"https:\/\/yachtcharter-connection.com\/es\/regiones\/mediterraneo\/alquiler-barcos-cerdena\/\" target=\"_blank\">Cerde\u00f1a<\/a><\/span><\/strong> es un punto de partida ideal para las tripulaciones de alquiler de barcos Cerde\u00f1a para los cruceros a lo largo de la Costa Esmeralda y al archipi\u00e9lago de La Maddalena. Portisco, un lugar id\u00edlico en el Golfo de Cugnana, se encuentra entre los puertos deportivos de moda de <span style=\"color: #003366;\"><strong><a style=\"color: #003366;\" href=\"https:\/\/yachtcharter-connection.com\/es\/regiones\/mediterraneo\/alquiler-barcos-cerdena\/cerdena-porto-cervo\/\" target=\"_blank\">Porto Cervo<\/a><\/strong><\/span> y <span style=\"color: #003366;\"><strong><a style=\"color: #003366;\" href=\"https:\/\/yachtcharter-connection.com\/es\/regiones\/mediterraneo\/alquiler-barcos-cerdena\/cerdena-porto-rotondo\/\" target=\"_blank\">Porto Rotondo<\/a><\/strong><\/span>. En contraste con estos lugares de reuni\u00f3n muy populares para la alta sociedad, Portisco es un poco m\u00e1s tranquilo. Turistas de alquiler de barcos Cerde\u00f1a &#8211; Portisco llegan desde el aeropuerto de Olbia &#8211; esto es a unos 30 kil\u00f3metros de distancia, la ciudad de<span style=\"color: #003366;\"><strong> <a style=\"color: #003366;\" href=\"https:\/\/yachtcharter-connection.com\/es\/regiones\/mediterraneo\/alquiler-barcos-cerdena\/cerdena-olbia\/\" target=\"_blank\">Olbia<\/a><\/strong><\/span> a unos 20 kil\u00f3metros.<\/p>\n<p>A los equipos de ch\u00e1rter de yates Portisco, les esperan un clima t\u00edpicamente mediterr\u00e1neo, numerosas bah\u00edas e islas muy hermosas &#8211; y excursiones en tierra en un ambiente excitante: entre el estilo elegante y exclusivo con tiendas de dise\u00f1o y restaurantes de la Costa Esmeralda, los alrededores esc\u00e9nicas del campo o cultura, historia y mucha vida en la animada ciudad de Olbia. Un sue\u00f1o absoluto para todas las tripulaciones de yates de ch\u00e1rter Portisco son los viajes al &#8220;Archipi\u00e9lago de La Magdalena&#8221;, el parque nacional con el medio ambiente protegido con aguas cristalinas de color verde esmeralda e incluso a veces brillantes playas de arena rosada.<\/p>\n<h2><\/h2>\n<h2><strong>Yates de ch\u00e1rter Portisco &#8211; Yates de Lujo, veleros y catamaranes<\/strong><\/h2>\n<p>En Portisco, hay una gran flota de alquiler de veleros y catamaranes de todos los tama\u00f1os disponibles para navegar en Cerde\u00f1a. Y, por supuesto, hay muchos yates de lujo, yates a motor y catamaranes con tripulaci\u00f3n para charter. \u00a1Alquile el mejor yate para su viaje en Cerde\u00f1a desde Portisco en l\u00ednea o simplemente solicite ofertas!<\/p>\n<p>&nbsp;<\/p>\n<h3><strong>Alquiler de veleros Portisco &#8211; el puerto deportivo<\/strong><\/h3>\n<p><img loading=\"lazy\" class=\"content-image\" src=\"https:\/\/yachtcharter-connection.com\/wp-content\/uploads\/converted_files\/20097\/20097-5624e097cc900.jpg\" alt=\"Navegar_Cerde\u00f1a_Portisco_Puerto_deportivo\" width=\"300\" height=\"200\" \/>La Marina di Portisco con la m\u00e1s amplia gama de yates de alquiler en Cerde\u00f1a es un moderno puerto deportivo con casi 600 amarres (incluyendo para super yates de hasta 90 metros) y ofrece todas las comodidades a las tripulaciones de alquiler de barcos en Portisco. A pesar de los fuertes vientos de Mistral, que puede ocurrir en esta regi\u00f3n, el rompeolas de tres brazos una buena protecci\u00f3n. La Marina di Portisco tiene agradables caf\u00e9s, bares y restaurantes, supermercado, hotel y una gasolinera. Hay incluso un helipuerto muy cerca. Debido al agua claro y limpio este puerto de alquiler de barcos Cerde\u00f1a tiene la Bandera Azul europea.<\/p>\n<p>&nbsp;<\/p>\n<p>&nbsp;<\/p>\n<h3><strong>Alquiler de barcos Portisco\u00a0 &#8211; Cala dei Sardi<br \/>\n<\/strong><\/h3>\n<p><a href=\"https:\/\/yachtcharter-connection.com\/wp-content\/uploads\/2015\/08\/PortiscoCala-dei-Sari-1-6.jpg\"><img loading=\"lazy\" class=\"alignleft wp-image-26111\" src=\"https:\/\/yachtcharter-connection.com\/wp-content\/uploads\/2015\/08\/PortiscoCala-dei-Sari-1-6.jpg\" alt=\"Alquiler barcos Portisco Cala dei Sardi\" width=\"423\" height=\"317\" srcset=\"https:\/\/yachtcharter-connection.com\/wp-content\/uploads\/2015\/08\/PortiscoCala-dei-Sari-1-6.jpg 600w, https:\/\/yachtcharter-connection.com\/wp-content\/uploads\/2015\/08\/PortiscoCala-dei-Sari-1-6-300x225.jpg 300w\" sizes=\"(max-width: 423px) 100vw, 423px\" \/> <\/a>A solo unos cientos de metros al sur de la gran Marina de Portisco, hay una hermosa marina peque\u00f1a llamada Cala dei Sardi. Es el puerto base de una gran base de alquiler de yates de Cerde\u00f1a con una gran flota de yates de vela y catamaranes, y es un lugar perfector para comenzar unas relajantes vacaciones ch\u00e1rter. Mientras espera a que su barco est\u00e9 listo, puede relajarse en las terrazas, ir a nadar, disfrutar de una bebida en el peque\u00f1o caf\u00e9, el \u00e1rea se parece m\u00e1s a un club de playa.<\/p>\n","protected":false},"excerpt":{"rendered":"<p>Alquiler de barcos Cerde\u00f1a &#8211; Portisco El destino de alquiler de barcos Portisco en la costa noreste de Cerde\u00f1a es un punto de partida ideal para las tripulaciones de alquiler de barcos Cerde\u00f1a para los cruceros a lo largo de la Costa Esmeralda y al archipi\u00e9lago de La Maddalena. Portisco,<\/p>\n","protected":false},"author":11,"featured_media":0,"parent":665,"menu_order":0,"comment_status":"open","ping_status":"open","template":"","meta":[],"aioseo_notices":[],"_links":{"self":[{"href":"https:\/\/yachtcharter-connection.com\/es\/wp-json\/wp\/v2\/pages\/1577"}],"collection":[{"href":"https:\/\/yachtcharter-connection.com\/es\/wp-json\/wp\/v2\/pages"}],"about":[{"href":"https:\/\/yachtcharter-connection.com\/es\/wp-json\/wp\/v2\/types\/page"}],"author":[{"embeddable":true,"href":"https:\/\/yachtcharter-connection.com\/es\/wp-json\/wp\/v2\/users\/11"}],"replies":[{"embeddable":true,"href":"https:\/\/yachtcharter-connection.com\/es\/wp-json\/wp\/v2\/comments?post=1577"}],"version-history":[{"count":4,"href":"https:\/\/yachtcharter-connection.com\/es\/wp-json\/wp\/v2\/pages\/1577\/revisions"}],"predecessor-version":[{"id":26124,"href":"https:\/\/yachtcharter-connection.com\/es\/wp-json\/wp\/v2\/pages\/1577\/revisions\/26124"}],"up":[{"embeddable":true,"href":"https:\/\/yachtcharter-connection.com\/es\/wp-json\/wp\/v2\/pages\/665"}],"wp:attachment":[{"href":"https:\/\/yachtcharter-connection.com\/es\/wp-json\/wp\/v2\/media?parent=1577"}],"curies":[{"name":"wp","href":"https:\/\/api.w.org\/{rel}","templated":true}]}}