{"id":1579,"date":"2015-08-10T05:53:49","date_gmt":"2015-08-10T05:53:49","guid":{"rendered":"http:\/\/yachtcharter-connection.com.w01e47c6.kasserver.com\/cerdena-olbia\/"},"modified":"2018-03-15T18:44:36","modified_gmt":"2018-03-15T16:44:36","slug":"cerdena-olbia","status":"publish","type":"page","link":"https:\/\/yachtcharter-connection.com\/es\/regiones\/mediterraneo\/alquiler-barcos-cerdena\/cerdena-olbia\/","title":{"rendered":"Cerde\u00f1a \/ Olbia"},"content":{"rendered":"<h1><strong>Alquiler de barcos Olbia<\/strong><\/h1>\n<p><a href=\"https:\/\/yachtcharter-connection.com\/wp-content\/uploads\/2015\/08\/Sardinia-Olbia-bay-catamaran-new.jpg\"><img loading=\"lazy\" class=\"alignleft size-full wp-image-26147\" src=\"https:\/\/yachtcharter-connection.com\/wp-content\/uploads\/2015\/08\/Sardinia-Olbia-bay-catamaran-new.jpg\" alt=\"Olbia Charter Katamaran\" width=\"352\" height=\"248\" srcset=\"https:\/\/yachtcharter-connection.com\/wp-content\/uploads\/2015\/08\/Sardinia-Olbia-bay-catamaran-new.jpg 352w, https:\/\/yachtcharter-connection.com\/wp-content\/uploads\/2015\/08\/Sardinia-Olbia-bay-catamaran-new-300x211.jpg 300w\" sizes=\"(max-width: 352px) 100vw, 352px\" \/><\/a>El destino de alquiler de barcos Olbia se encuentra en el noreste de Cerde\u00f1a, en el extremo sur de la mundialmente famosa Costa Smeralda. Se puede llegar f\u00e1cilmente a trav\u00e9s del aeropuerto de Olbia, la puerta de entrada no solo a Olbia, sino a otros marinas como Portisco, Porto Cervo, Porto Rotondo y muchos m\u00e1s puertos deportivos. Olbia es tambi\u00e9n un puerto importante para los ferrys. La ciudad mira hacia atr\u00e1s a una larga historia. Los equipos de alquiler de barcos encuentran edificios hist\u00f3ricos, as\u00ed como peque\u00f1as calles para pasear y, por supuesto, elegantes tiendas de dise\u00f1adores.<\/p>\n<p>Olbia es un puerto perfecto para comenzar el viaje en yate alquilado por la Costa Smeralda, el archipi\u00e9lago de la Magdalena o C\u00f3rcega.<\/p>\n<p>&nbsp;<\/p>\n<h2><strong>Yates de Ch\u00e1rter Olbia &#8211; yates de lujo y veleros y catamaranes sin patr\u00f3n<\/strong><\/h2>\n<p>En Olbia, hay una gran flota de alquiler de yates de vela y catamaranes de todos los tama\u00f1os, disponibles para navegar en Cerde\u00f1a. Megayates, superyates, yates de lujo, yates de vela, catamaranes con tripulaci\u00f3n: Ofrecemos todo tipo de yates de lujo con tripulaci\u00f3n en Olbia para sus vacaciones a bordo perfectos. Por favor, pregunte por las ofertas!<\/p>\n","protected":false},"excerpt":{"rendered":"<p>Alquiler de barcos Olbia El destino de alquiler de barcos Olbia se encuentra en el noreste de Cerde\u00f1a, en el extremo sur de la mundialmente famosa Costa Smeralda. Se puede llegar f\u00e1cilmente a trav\u00e9s del aeropuerto de Olbia, la puerta de entrada no solo a Olbia, sino a otros marinas<\/p>\n","protected":false},"author":11,"featured_media":0,"parent":665,"menu_order":0,"comment_status":"open","ping_status":"open","template":"","meta":[],"aioseo_notices":[],"_links":{"self":[{"href":"https:\/\/yachtcharter-connection.com\/es\/wp-json\/wp\/v2\/pages\/1579"}],"collection":[{"href":"https:\/\/yachtcharter-connection.com\/es\/wp-json\/wp\/v2\/pages"}],"about":[{"href":"https:\/\/yachtcharter-connection.com\/es\/wp-json\/wp\/v2\/types\/page"}],"author":[{"embeddable":true,"href":"https:\/\/yachtcharter-connection.com\/es\/wp-json\/wp\/v2\/users\/11"}],"replies":[{"embeddable":true,"href":"https:\/\/yachtcharter-connection.com\/es\/wp-json\/wp\/v2\/comments?post=1579"}],"version-history":[{"count":3,"href":"https:\/\/yachtcharter-connection.com\/es\/wp-json\/wp\/v2\/pages\/1579\/revisions"}],"predecessor-version":[{"id":26153,"href":"https:\/\/yachtcharter-connection.com\/es\/wp-json\/wp\/v2\/pages\/1579\/revisions\/26153"}],"up":[{"embeddable":true,"href":"https:\/\/yachtcharter-connection.com\/es\/wp-json\/wp\/v2\/pages\/665"}],"wp:attachment":[{"href":"https:\/\/yachtcharter-connection.com\/es\/wp-json\/wp\/v2\/media?parent=1579"}],"curies":[{"name":"wp","href":"https:\/\/api.w.org\/{rel}","templated":true}]}}