{"id":1581,"date":"2015-08-10T05:53:49","date_gmt":"2015-08-10T05:53:49","guid":{"rendered":"http:\/\/yachtcharter-connection.com.w01e47c6.kasserver.com\/sicilia-palermo\/"},"modified":"2018-04-19T21:23:41","modified_gmt":"2018-04-19T19:23:41","slug":"sicilia-palermo","status":"publish","type":"page","link":"https:\/\/yachtcharter-connection.com\/es\/regiones\/mediterraneo\/alquiler-barcos-sicilia-eolicas-calabria\/sicilia-palermo\/","title":{"rendered":"Sicilia \/ Palermo"},"content":{"rendered":"<h1><strong>Alquiler de barcos Sicila \/ Palermo<\/strong><\/h1>\n<p><img loading=\"lazy\" class=\"content-image\" src=\"https:\/\/yachtcharter-connection.com\/wp-content\/uploads\/converted_files\/20101\/20101-5624e09955b02.jpg\" alt=\"Italy-Sicily-Palermo-yacht-charters-Palermo.jpg\" width=\"299\" height=\"200\" \/>El destino de ch\u00e1rter de yates Palermo, quinta ciudad m\u00e1s grande de Italia, est\u00e1 situado en una bah\u00eda en la costa norte occidental de Sicilia. La ciudad est\u00e1 rodeada por el Monte Pellegrino en el norte y el Monte Catafalno en el este. Las tripulaciones de alquiler de barcos en Palermo llegan principalmente volando al aeropuerto de Palermo, pero algunas bases de charter tambi\u00e9n ofrecen traslados desde el aeropuerto de Catania a los yates de ch\u00e1rter en Palermo.<\/p>\n<p>Palermo, fundado en el siglo 8 aC, se hab\u00eda desarrollado r\u00e1pidamente en el centro cultural y econ\u00f3mico de Sicilia mientras era gobernado por varios ocupantes. La ciudad debe su nombre a los griegos, que la llamaban &#8220;gran puerto&#8221;. Tras el fin de la ocupaci\u00f3n \u00e1rabe, Federico II, hizo Palermo su &#8220;ciudad de residencia.&#8221;<\/p>\n<p>Hoy en d\u00eda, el puerto de Palermo es el m\u00e1s grande de Sicilia, y es la sede de importantes industrias y ahora es una atracci\u00f3n tur\u00edstica importante tambi\u00e9n. Los turistas de alquiler de barcos Palermo pueden explorar numerosos lugares de inter\u00e9s de la ciudad, como parques, iglesias, palacios, como el Palacio de los Normandos, y otros edificios. Especialmente destacables son el Teatro Massimo del siglo 19. Tambi\u00e9n interesante para los equipos del alquiler de barcos Sicilia: los mercados m\u00e1s importantes, como el Mercato della Vucciria o el Mercato del Capo.<\/p>\n<p>La mayor\u00eda de los viajes en ch\u00e1rter desde Palermo conducen a las Islas Lipari (Islas Eolias) con Stromboli, Vulcano, Ustica y otras pintorescas islas &#8211; o hacia el oeste a las Islas Egadi<\/p>\n<h3><strong>Ch\u00e1rter de yates Palermo &#8211; los puertos deportivos<\/strong><\/h3>\n<p>Palermo tiene varios puertos y puertos deportivos: el puerto de la ciudad es muy interesante para los navegantes en yates de ch\u00e1rter en Sicilia, la mayor\u00eda de las flotas de alquiler de yates Palermo se basan en la Marina Villa Igiea (Aqua Ante) y el puerto deportivo Marina Arenella Marina.<\/p>\n<h2><strong><br \/>\nYates de ch\u00e1rter Palermo<br \/>\n<\/strong><\/h2>\n<p>Para los equipos de alquiler de barcos Palermo, hay una flota de yates de vela y catamaranes en Palermo de casi todos los astilleros principales, y tambi\u00e9n yates a motor. Alquile su mejor yate para sus vacaciones navegando en Sicilia desde Palermo en l\u00ednea o simplemente preguntenos por ofertas para los barcos que no son listado en nuestro Yachtfinder. Y ser\u00e1 un placer de ofrecer yates de lujo para sus vacaciones a bordo desde Palermo tambi\u00e9n.<\/p>\n","protected":false},"excerpt":{"rendered":"<p>Alquiler de barcos Sicila \/ Palermo El destino de ch\u00e1rter de yates Palermo, quinta ciudad m\u00e1s grande de Italia, est\u00e1 situado en una bah\u00eda en la costa norte occidental de Sicilia. La ciudad est\u00e1 rodeada por el Monte Pellegrino en el norte y el Monte Catafalno en el este. Las<\/p>\n","protected":false},"author":11,"featured_media":0,"parent":666,"menu_order":0,"comment_status":"open","ping_status":"open","template":"","meta":[],"aioseo_notices":[],"_links":{"self":[{"href":"https:\/\/yachtcharter-connection.com\/es\/wp-json\/wp\/v2\/pages\/1581"}],"collection":[{"href":"https:\/\/yachtcharter-connection.com\/es\/wp-json\/wp\/v2\/pages"}],"about":[{"href":"https:\/\/yachtcharter-connection.com\/es\/wp-json\/wp\/v2\/types\/page"}],"author":[{"embeddable":true,"href":"https:\/\/yachtcharter-connection.com\/es\/wp-json\/wp\/v2\/users\/11"}],"replies":[{"embeddable":true,"href":"https:\/\/yachtcharter-connection.com\/es\/wp-json\/wp\/v2\/comments?post=1581"}],"version-history":[{"count":3,"href":"https:\/\/yachtcharter-connection.com\/es\/wp-json\/wp\/v2\/pages\/1581\/revisions"}],"predecessor-version":[{"id":26234,"href":"https:\/\/yachtcharter-connection.com\/es\/wp-json\/wp\/v2\/pages\/1581\/revisions\/26234"}],"up":[{"embeddable":true,"href":"https:\/\/yachtcharter-connection.com\/es\/wp-json\/wp\/v2\/pages\/666"}],"wp:attachment":[{"href":"https:\/\/yachtcharter-connection.com\/es\/wp-json\/wp\/v2\/media?parent=1581"}],"curies":[{"name":"wp","href":"https:\/\/api.w.org\/{rel}","templated":true}]}}