{"id":1584,"date":"2015-08-10T05:53:49","date_gmt":"2015-08-10T05:53:49","guid":{"rendered":"http:\/\/yachtcharter-connection.com.w01e47c6.kasserver.com\/sicilia-portorosa\/"},"modified":"2017-07-16T02:30:50","modified_gmt":"2017-07-16T00:30:50","slug":"sicilia-portorosa","status":"publish","type":"page","link":"https:\/\/yachtcharter-connection.com\/es\/regiones\/mediterraneo\/alquiler-barcos-sicilia-eolicas-calabria\/sicilia-portorosa\/","title":{"rendered":"Sicilia \/ Portorosa"},"content":{"rendered":"<h3>Alquiler de barcos Sicilia &#8211; Portorosa<\/h3>\n<p>\n<img class=\"content-image\"  src=\"https:\/\/yachtcharter-connection.com\/wp-content\/uploads\/converted_files\/20104\/20104-5624e09ab12e9.jpg\" alt=\"Italy-Sicily-yacht-charters-portorosa-1.jpg\" style=\"width: 300px; height: 188px;\" \/>El destino de alquiler de barcos Portorosa se encuentra en la parte noreste de <a href=\"~\/mediterraneo\/Alquiler_barcos_sicilia_eolicas_calabria.html\">Sicilia<\/a> en la provincia de Messina. Las tripulaciones de alquiler de barcos Portorosa pueden llegar a trav\u00e9s de los aeropuertos de <a href=\"~\/Alquiler_barcos_italia\/sicilia_catania.html\">Catania<\/a> y <a href=\"~\/Alquiler_barcos_italia\/reggio_calabria.html\">Reggio Calabria<\/a>. En Portorosa, un moderno centro tur\u00edstico, los equipos de alquiler de barcos Portorosa encontrar\u00e1n un ambiente elegante y acogedor con todas las comodidades, como buenos restaurantes que sirven cocina tanto siciliana e italiana, piano bares y discotecas, un centro comercial y tiendas de dise\u00f1o.<\/p>\n<p>Al oeste de Portorosa, los equips de alquiler de barcos Sicilia pueden visitar uno de los lugares de peregrinaci\u00f3n m\u00e1s famosos: Tindari (Tyndari), fundada en el siglo 4 aC, hab\u00eda desaparecido parcialmente en un terremoto en el siglo XXI. La iglesia de peregrinaci\u00f3n medieval de la Virgen Negro &#8211; la leyenda dice que ella logr\u00f3 retirar el mar para rescatar a un ni\u00f1o &#8211; un teatro griego-e\u00f3lica y las ruinas romanas definitivamente valen la pena visitar. De la iglesia, los equipos de alquiler barcos Portorosa tienen una magn\u00edfica vista de Tindari, Portorosa y al mar hasta las Islas Eolias. Otro destino de excursi\u00f3n que vale la pena: <a href=\"~\/Alquiler_barcos_italia\/sicilia_taormina.html\">Taormina<\/a>, una de las peque\u00f1as ciudades m\u00e1s hermosas del mundo.<\/p>\n<p>Muchos turistas de alquiler yates in Sicilia &#8211; Portorosa exploran las siete <a href=\"~\/mediterraneo\/Alquiler_barcos_sicilia_eolicas_calabria.html\">islas Eolias<\/a>, tambi\u00e9n conocidas como las Islas Lipari: Vulcano, Lipari, <a href=\"~\/Alquiler_barcos_italia\/salina.html\">Salina<\/a>, Filicudi, Alicudi, Panarea y Stromboli. Ellos son s\u00f3lo una pocas millas n\u00e1uticas de distancia y ofrece una amplia gama de paisajes volc\u00e1nicos. Para navegar las Islas Eolias, Portorosa es el puerto de partida ideal.<\/p>\n<h4>Alquiler de veleros Portorosa &#8211; el puerto deportivo<\/h4>\n<p>\nLa Marina di Portorosa, que pertenece a la ciudad de Furnari, est\u00e1 situado en la bah\u00eda entre Tindari y <a href=\"~\/Alquiler_barcos_italia\/sicilia_milazzo.html\">Milazzo<\/a>, que es tambi\u00e9n sede de varios bases de ch\u00e1rter de yates Sicilia. En los a\u00f1os 90, se construy\u00f3 el puerto deportivo de Portorosa a lo largo de varios canales, entre los que hay villas de lujo. La Marina di Portorosa es uno de los mayores puertos deportivos en Sicilia, con capacidad para 700 yates. Muchas compa\u00f1\u00edas de alquiler de yates Sicilia tienen veleros en Portorosa. El moderno puerto deportivo es muy popular entre las tripulaciones de  alquiler de yates Portorosa. Desde 1993, el premio ambiental &quot;Bandera Azul&quot; est\u00e1 soplando. El puerto ofrece a los tripulaciones de ch\u00e1rter de yates Portorosa todos los servicios con las normas internacionales habituales.<\/p>\n<p><strong>Ch\u00e1rter de yates Portorosa:<\/strong> En la Marina di Portorosa, los equipos de alquiler de barcos in Sicilia encontran una flota de ch\u00e1rter de yates a vela de casi todos los principales fabricantes: Beneteau Oceanis y  C\u00edcladas, Bavaria, Jeanneau Sun Odyssey, Hanse, Dufour y Oceanis Star, catamaranes a vela de Lagoon y yates de motor. Ch\u00e1rter el mejor yate para sus cruceros de vela en Sicilia &#8211; Portorosa en l\u00ednea o preg\u00fantenos por ofertas.<\/p>\n","protected":false},"excerpt":{"rendered":"<p>Alquiler de barcos Sicilia &#8211; Portorosa El destino de alquiler de barcos Portorosa se encuentra en la parte noreste de Sicilia en la provincia de Messina. Las tripulaciones de alquiler de barcos Portorosa pueden llegar a trav\u00e9s de los aeropuertos de Catania y Reggio Calabria. En Portorosa, un moderno centro<\/p>\n","protected":false},"author":11,"featured_media":0,"parent":666,"menu_order":0,"comment_status":"open","ping_status":"open","template":"","meta":[],"aioseo_notices":[],"_links":{"self":[{"href":"https:\/\/yachtcharter-connection.com\/es\/wp-json\/wp\/v2\/pages\/1584"}],"collection":[{"href":"https:\/\/yachtcharter-connection.com\/es\/wp-json\/wp\/v2\/pages"}],"about":[{"href":"https:\/\/yachtcharter-connection.com\/es\/wp-json\/wp\/v2\/types\/page"}],"author":[{"embeddable":true,"href":"https:\/\/yachtcharter-connection.com\/es\/wp-json\/wp\/v2\/users\/11"}],"replies":[{"embeddable":true,"href":"https:\/\/yachtcharter-connection.com\/es\/wp-json\/wp\/v2\/comments?post=1584"}],"version-history":[{"count":1,"href":"https:\/\/yachtcharter-connection.com\/es\/wp-json\/wp\/v2\/pages\/1584\/revisions"}],"predecessor-version":[{"id":14388,"href":"https:\/\/yachtcharter-connection.com\/es\/wp-json\/wp\/v2\/pages\/1584\/revisions\/14388"}],"up":[{"embeddable":true,"href":"https:\/\/yachtcharter-connection.com\/es\/wp-json\/wp\/v2\/pages\/666"}],"wp:attachment":[{"href":"https:\/\/yachtcharter-connection.com\/es\/wp-json\/wp\/v2\/media?parent=1584"}],"curies":[{"name":"wp","href":"https:\/\/api.w.org\/{rel}","templated":true}]}}