{"id":1595,"date":"2015-08-10T05:53:49","date_gmt":"2015-08-10T05:53:49","guid":{"rendered":"http:\/\/yachtcharter-connection.com.w01e47c6.kasserver.com\/split-964\/"},"modified":"2018-01-15T21:47:52","modified_gmt":"2018-01-15T19:47:52","slug":"split-964","status":"publish","type":"page","link":"https:\/\/yachtcharter-connection.com\/es\/regiones\/mediterraneo\/alquiler-barcos-adriatico-del-sud\/split-964\/","title":{"rendered":"Split"},"content":{"rendered":"<h1><strong>Alquiler de barcos Split &#8211; veleros, catamaranes, yates de lujo, goletas<\/strong><\/h1>\n<p><img loading=\"lazy\" class=\"content-image\" src=\"https:\/\/yachtcharter-connection.com\/wp-content\/uploads\/converted_files\/20117\/20117-5624e0ab533f5.jpg\" alt=\"Croacia_Split\" width=\"300\" height=\"225\" \/>Split, puerto de inicio para muchos cruceros en yate de ch\u00e1rter con un mont\u00f3n de bases de alquiler barcos en Split, es la segunda ciudad m\u00e1s grande de la zona de alquiler de barcos<a href=\"https:\/\/yachtcharter-connection.com\/es\/paises\/alquiler-barcos-croacia\/\" target=\"_blank\"> Croacia<\/a> y el centro m\u00e1s importante de la regi\u00f3n croata de Dalmacia. El destino de alquiler barcos de Split m\u00e1s atrae de sus ingresos del turismo de alquiler de barcos Split y la industria pesquera. El puerto es un nudo de comunicaciones que conecta el continente con las islas.<\/p>\n<p>El casco antiguo de Split, es digno de ver &#8211; los turistas de alquiler de yates Split deber\u00edan tener al menos un d\u00eda para explorar. El emperador Diokletian ten\u00eda el palacio construido en el siglo 3. Despu\u00e9s de este tiempo estaba desierta, los habitantes comenzaron a instalarse dentro de los muros del palacio e incluso construyeron una catedral. El palacio fue el n\u00facleo de la ciudad de Split y es parte del patrimonio mundial de la Unesco desde 1979. El casco antiguo con la catedral, mercados, plazas, calles, tiendas y restaurantes todav\u00eda se encuentra dentro de los l\u00edmites del lugar. En realidad, invita a las tripulaciones de ch\u00e1rter de yates de Split para pasear e ir de compras. Los equipos de Alquiler de barcos Split podr\u00e1n disfrutar de la ciudad &#8211; hay numerosos restaurantes con una excelente cocina croata, festivales de m\u00fasica y conciertos, teatro, exposiciones de arte en las galer\u00edas y danzas folkl\u00f3ricas en las calles. Desde la colina Marjan, en el parque Marjan, los equipos de alquiler de yates en Split tendr\u00e1n una excelente vista sobre la ciudad antigua.<\/p>\n<p>La mayor\u00eda de los yates charter en Split yacen en las bases de alquiler de yates Split en el puerto deportivo ACI-Marina. El casco antiguo est\u00e1 situado en la misma bah\u00eda del puerto deportivo y el puerto de los ferrys &#8211; es s\u00f3lo un paseo para los tripulantes de barcos charter Split para llegar all\u00ed. Hay tambi\u00e9n taxis acu\u00e1ticos de las bases de ch\u00e1rter de yates Split para el paseo. Los turistas de Alquiler de barcos Split no est\u00e1n autorizados a amarrar en el muelle de la ciudad vieja. La entrada de la bah\u00eda se caracteriza por la torre de la catedral Sv. Duje y el antiguo faro de Pomorac (que no est\u00e1 trabajando nada m\u00e1s). La ACI-Marina ofrece a las tripulaciones de ch\u00e1rter de yates Split un supermercado y la estaci\u00f3n de gas, as\u00ed como todas las dem\u00e1s instalaciones. M\u00e1s opciones para llenar el tanque del yate charter antes del check-out son en Milna en la isla de Brac y en Trogir.<\/p>\n<h2><strong>Alquiler de yates Split &#8211; la zona de navegaci\u00f3n<\/strong><\/h2>\n<p>La mayor\u00eda de los equipos de ch\u00e1rter de yates Split va a explorar las islas de Dalmacia &#8211; especialmente las islas de Hvar, Brac, Solta, Lastovo, Korcula y la isla de Vis son muy populares entre las tripulaciones de alquiler barcos Split. Popular tambien es ch\u00e1rter de yate &#8220;oneway&#8221; hasta <span style=\"color: #003366;\"><a style=\"color: #003366;\" href=\"https:\/\/yachtcharter-connection.com\/es\/regiones\/mediterraneo\/alquiler-barcos-adriatico-del-sud\/dubrovnik-172\/\" target=\"_blank\">Dubrovnik<\/a><\/span>. Split tiene incluso su propia Costa Azul en el \u00e1rea de Podstrana. La playa de gravilla es de aproximadamente 3.2 millas de largo con un mont\u00f3n de casas de vacaciones para turistas que viajan en coche y un mont\u00f3n de restaurantes y konobas para los equipos de alquiler yates Split. M\u00e1s al sur se encuentra la Riviera Makarska &#8211; hay buenas amarres en el puerto deportivo de Brela, para aquellos que quieran disfrutar de las playas de esta zona. Cerca de Split, los turistas de alquiler de yates Split no deben perderse una visita a Trogir, con una encantadora ciudad medieval de edad que forma parte del patrimonio mundial de la Unesco tambi\u00e9n. La bah\u00eda de Vinisce ofrece anclajes agradables, as\u00ed como un peque\u00f1o y pintoresco pueblo. Los equipos de Alquiler de barcos Split a que gusta un ambiente con clase disfrutar\u00e1n del elegante puerto deportivo de Rogoznica.<\/p>\n<p>Los equipos de Alquiler de barcos Split llegan al aeropuerto de Split. Muy cerca del aeropuerto hay tambi\u00e9n las bases de alquiler de yates en<span style=\"color: #003366;\"><a style=\"color: #003366;\" href=\"https:\/\/yachtcharter-connection.com\/es\/regiones\/mediterraneo\/alquiler-barcos-adriatico-del-sud\/trogir-185\/\" target=\"_blank\"> Trogir<\/a><\/span> y <span style=\"color: #003366;\"><a style=\"color: #003366;\" href=\"https:\/\/yachtcharter-connection.com\/es\/regiones\/mediterraneo\/alquiler-barcos-adriatico-del-sud\/marina-kastela-762\/\">Marina Kastela<\/a><\/span> con numerosas flotas de alquiler de yates.<\/p>\n<h3>\n<strong>Yates de ch\u00e1rter en Split &#8211; barcos sin patr\u00f3n y yates de lujo<\/strong><\/h3>\n<p><strong>Para alquiler de barcos en Split, hay una gran cantidad de yates de vela y yates a motor disponible. Hay grandes flotas de veleros, catamaranes y motoras que se alquilan sin patr\u00f3n, catamaranes de lujo con tripulaci\u00f3n, elegantes yates de lujo, superyates y yates a vela de lujo &#8211; y por supuesto muchas bonitas goletas para las vacacioens con toda la familia.<\/strong><\/p>\n","protected":false},"excerpt":{"rendered":"<p>Alquiler de barcos Split &#8211; veleros, catamaranes, yates de lujo, goletas Split, puerto de inicio para muchos cruceros en yate de ch\u00e1rter con un mont\u00f3n de bases de alquiler barcos en Split, es la segunda ciudad m\u00e1s grande de la zona de alquiler de barcos Croacia y el centro m\u00e1s<\/p>\n","protected":false},"author":11,"featured_media":0,"parent":649,"menu_order":0,"comment_status":"open","ping_status":"open","template":"","meta":[],"aioseo_notices":[],"_links":{"self":[{"href":"https:\/\/yachtcharter-connection.com\/es\/wp-json\/wp\/v2\/pages\/1595"}],"collection":[{"href":"https:\/\/yachtcharter-connection.com\/es\/wp-json\/wp\/v2\/pages"}],"about":[{"href":"https:\/\/yachtcharter-connection.com\/es\/wp-json\/wp\/v2\/types\/page"}],"author":[{"embeddable":true,"href":"https:\/\/yachtcharter-connection.com\/es\/wp-json\/wp\/v2\/users\/11"}],"replies":[{"embeddable":true,"href":"https:\/\/yachtcharter-connection.com\/es\/wp-json\/wp\/v2\/comments?post=1595"}],"version-history":[{"count":3,"href":"https:\/\/yachtcharter-connection.com\/es\/wp-json\/wp\/v2\/pages\/1595\/revisions"}],"predecessor-version":[{"id":25820,"href":"https:\/\/yachtcharter-connection.com\/es\/wp-json\/wp\/v2\/pages\/1595\/revisions\/25820"}],"up":[{"embeddable":true,"href":"https:\/\/yachtcharter-connection.com\/es\/wp-json\/wp\/v2\/pages\/649"}],"wp:attachment":[{"href":"https:\/\/yachtcharter-connection.com\/es\/wp-json\/wp\/v2\/media?parent=1595"}],"curies":[{"name":"wp","href":"https:\/\/api.w.org\/{rel}","templated":true}]}}