{"id":1597,"date":"2015-08-10T05:53:49","date_gmt":"2015-08-10T05:53:49","guid":{"rendered":"http:\/\/yachtcharter-connection.com.w01e47c6.kasserver.com\/biograd-488\/"},"modified":"2017-07-14T17:14:39","modified_gmt":"2017-07-14T15:14:39","slug":"biograd-488","status":"publish","type":"page","link":"https:\/\/yachtcharter-connection.com\/es\/regiones\/mediterraneo\/alquiler-barcos-adriatico-norte\/biograd-488\/","title":{"rendered":"Biograd"},"content":{"rendered":"<h3>Alquiler de barcos Biograd<\/h3>\n<p>\n<img loading=\"lazy\" class=\"content-image\"  height=\"141\" width=\"300\" src=\"https:\/\/yachtcharter-connection.com\/wp-content\/uploads\/converted_files\/20121\/20121-5624e0b564c84.jpg\" alt=\"Navegar_Croacia_Kornati_Archipielago\" \/>En el siglo XI Biograd era la sede de los reyes croatas. El viejo centro de ciudad de Biograd &#8211; o Biograd na Moru \/B iograd al mar &#8211; se sit\u00faa en Dalmacia norte\u00f1a en una pen\u00ednsula, la ciudad moderna extiende hoy  a lo largo de la costa hasta la bah\u00eda de Soline que es alineada por la playa arenosa y la madera de pino. Las islas Planac y Sveta Katarina est\u00e1n situadas directamente delante de la pequena ciudad. Biograd tiene hoy cerca de 6.000 habitantes hoy y es realmente uno de los centros del turismo n\u00e1utico. Varias bases de Alquiler de barcos est\u00e1n situadas en el puerto deportivo Marina Kornati &#8211; viniendo del mar, usted tiene que dirigir por el canal de Pasmanski entre Pasman y la isla Babac a conseguir all\u00ed. <\/p>\n<p>Como Zadar y Sukosan Biograd es perfecto como comenzar a  cruzar el mundo de la islas del parque nacional de Kornati. A la costa los equipos que viajan en ch\u00e1rter pueden disfrutar de los balnearios numerosos de la costa como Sveti Petar, Pakostane o Turanj as\u00ed como de las muchas playas hermosas y bah\u00edas pintorescas.<\/p>\n","protected":false},"excerpt":{"rendered":"<p>Alquiler de barcos Biograd En el siglo XI Biograd era la sede de los reyes croatas. El viejo centro de ciudad de Biograd &#8211; o Biograd na Moru \/B iograd al mar &#8211; se sit\u00faa en Dalmacia norte\u00f1a en una pen\u00ednsula, la ciudad moderna extiende hoy a lo largo de<\/p>\n","protected":false},"author":11,"featured_media":0,"parent":662,"menu_order":0,"comment_status":"open","ping_status":"open","template":"","meta":[],"aioseo_notices":[],"_links":{"self":[{"href":"https:\/\/yachtcharter-connection.com\/es\/wp-json\/wp\/v2\/pages\/1597"}],"collection":[{"href":"https:\/\/yachtcharter-connection.com\/es\/wp-json\/wp\/v2\/pages"}],"about":[{"href":"https:\/\/yachtcharter-connection.com\/es\/wp-json\/wp\/v2\/types\/page"}],"author":[{"embeddable":true,"href":"https:\/\/yachtcharter-connection.com\/es\/wp-json\/wp\/v2\/users\/11"}],"replies":[{"embeddable":true,"href":"https:\/\/yachtcharter-connection.com\/es\/wp-json\/wp\/v2\/comments?post=1597"}],"version-history":[{"count":1,"href":"https:\/\/yachtcharter-connection.com\/es\/wp-json\/wp\/v2\/pages\/1597\/revisions"}],"predecessor-version":[{"id":14135,"href":"https:\/\/yachtcharter-connection.com\/es\/wp-json\/wp\/v2\/pages\/1597\/revisions\/14135"}],"up":[{"embeddable":true,"href":"https:\/\/yachtcharter-connection.com\/es\/wp-json\/wp\/v2\/pages\/662"}],"wp:attachment":[{"href":"https:\/\/yachtcharter-connection.com\/es\/wp-json\/wp\/v2\/media?parent=1597"}],"curies":[{"name":"wp","href":"https:\/\/api.w.org\/{rel}","templated":true}]}}