{"id":1598,"date":"2014-06-28T16:56:23","date_gmt":"2014-06-28T16:56:23","guid":{"rendered":"http:\/\/yachtcharter-connection.com.w01e47c6.kasserver.com\/cres-100\/"},"modified":"2016-10-29T19:08:38","modified_gmt":"2016-10-29T17:08:38","slug":"cres-100","status":"publish","type":"page","link":"https:\/\/yachtcharter-connection.com\/es\/regiones\/mediterraneo\/alquiler-barcos-adriatico-norte\/cres-100\/","title":{"rendered":"Cres"},"content":{"rendered":"<h3>Alquiler de barcos Cres<\/h3>\n<p>\nLa isla Cres en el norte de la bah\u00eda de Kvarner es la isla m\u00e1s grande del mar adri\u00e1tico y muy popular entre las tripulaciones de alquiler de barcos en Istria &#8211; tiene 66 kil\u00f3metros de largo y hasta 12 kil\u00f3metros de ancho. La longitud de la costa de la isla es casi 250 kil\u00f3metros. La isla monta\u00f1osa era parte de Italia hasta la Segunda Guerra Mundial con el nombre Cherso &#8211; el capital de la isla que se llama tambi\u00e9n Crew demuestra mucho la construcci\u00f3n en el estilo veneciano. Cres est\u00e1 conectado con la isla Losinj en el sur cerca del vilage de Osor. Vrana, un lago del agua dulce  cuya superficie est\u00e1 sobre el nivel del mar pero cuyo fondo est\u00e1 debajo del fondo del mar se mira como fen\u00f3meno de la naturaleza &#8211; el lago es la reserva de agua de consumici\u00f3n de la isla. Tambi\u00e9n hay los buitres vivos libres del ganso, una de las \u00faltimas colonias de Europa, en Cres. <\/p>\n<p>La base de ch\u00e1rter Crew est\u00e1 situada en la ACI-Marina Cres: El puerto deportivo grande y muy bien se encuentra en la zona oriental de la bah\u00eda de Creski. Cres es un punto de partida perfecto para cruzar la bah\u00eda de Kvarnero para navegar a las islas norte\u00f1as del archipi\u00e9lago de Kornati o a la costa de Istria.<\/p>\n","protected":false},"excerpt":{"rendered":"<p>Alquiler de barcos Cres La isla Cres en el norte de la bah\u00eda de Kvarner es la isla m\u00e1s grande del mar adri\u00e1tico y muy popular entre las tripulaciones de alquiler de barcos en Istria &#8211; tiene 66 kil\u00f3metros de largo y hasta 12 kil\u00f3metros de ancho. La longitud de<\/p>\n","protected":false},"author":11,"featured_media":0,"parent":662,"menu_order":0,"comment_status":"open","ping_status":"open","template":"","meta":[],"aioseo_notices":[],"_links":{"self":[{"href":"https:\/\/yachtcharter-connection.com\/es\/wp-json\/wp\/v2\/pages\/1598"}],"collection":[{"href":"https:\/\/yachtcharter-connection.com\/es\/wp-json\/wp\/v2\/pages"}],"about":[{"href":"https:\/\/yachtcharter-connection.com\/es\/wp-json\/wp\/v2\/types\/page"}],"author":[{"embeddable":true,"href":"https:\/\/yachtcharter-connection.com\/es\/wp-json\/wp\/v2\/users\/11"}],"replies":[{"embeddable":true,"href":"https:\/\/yachtcharter-connection.com\/es\/wp-json\/wp\/v2\/comments?post=1598"}],"version-history":[{"count":1,"href":"https:\/\/yachtcharter-connection.com\/es\/wp-json\/wp\/v2\/pages\/1598\/revisions"}],"predecessor-version":[{"id":14137,"href":"https:\/\/yachtcharter-connection.com\/es\/wp-json\/wp\/v2\/pages\/1598\/revisions\/14137"}],"up":[{"embeddable":true,"href":"https:\/\/yachtcharter-connection.com\/es\/wp-json\/wp\/v2\/pages\/662"}],"wp:attachment":[{"href":"https:\/\/yachtcharter-connection.com\/es\/wp-json\/wp\/v2\/media?parent=1598"}],"curies":[{"name":"wp","href":"https:\/\/api.w.org\/{rel}","templated":true}]}}