{"id":1599,"date":"2015-08-10T05:53:49","date_gmt":"2015-08-10T05:53:49","guid":{"rendered":"http:\/\/yachtcharter-connection.com.w01e47c6.kasserver.com\/dubrovnik-172\/"},"modified":"2017-07-22T15:49:45","modified_gmt":"2017-07-22T13:49:45","slug":"dubrovnik-172","status":"publish","type":"page","link":"https:\/\/yachtcharter-connection.com\/es\/regiones\/mediterraneo\/alquiler-barcos-adriatico-del-sud\/dubrovnik-172\/","title":{"rendered":"Dubrovnik"},"content":{"rendered":"<h3>Alquiler de barcos Dubrovnik<\/h3>\n<p>\n<img loading=\"lazy\" class=\"content-image\"  height=\"189\" width=\"300\" alt=\"Navegar_Croacia_Dalmacia_Dubrovnik\" src=\"https:\/\/yachtcharter-connection.com\/wp-content\/uploads\/converted_files\/20123\/20123-5624e0b6cfa65.jpg\" \/>&quot;Perla del Adri\u00e1tico&quot; o &quot;Atenas de Croacia&quot; se refiere a menudo al destino de alquiler de barcos Dubrovnik. La ciudad en el sur de Dalmacia, que durante siglos desempe\u00f1\u00f3 una funci\u00f3n importante en la cultura, la pol\u00edtica y el comercio, ya desde hace d\u00e9cadas ha sido un Patrimonio de la Humanidad por la UNESCO. Dubrovnik es una de las ciudades m\u00e1s bellas del Mediterr\u00e1neo y es hoy un importante centro para el turismo de alquiler de barcos en Dalmacia. El casco antiguo sin coches invita a los tripulaciones de ch\u00e1rter de yates Dubrovnik a un hermoso paseo. En la muralla de la ciudad bien conservada, lse puede caminar a lo largo de casi dos kil\u00f3metros. A ver: el Palacio del Pr\u00edncipe, la Catedral, el paseo principal, la iglesia de San Blas, tres monasterios y el ayuntamiento. <\/p>\n<p>Gruz, el principal puerto de Dubrovnik tambi\u00e9n es servida por muchos cruceros. La marina ACI en Dubrovnik, sede de las flotas de alquiler de barcos Dubrovnik, est\u00e1 situado a dos millas de Gruz. La distancia entre la marina y el casco antiguo est\u00e1 a unos seis kil\u00f3metros. Los buses conectan el puerto deportivo con las bases de ch\u00e1rter de veleros y catamaranes en Dubrovnik hasta el puerto principal y la ciudad. El puerto deportivo ofrece a los turistas de alquiler de barcos Dubrovnik una completa infraestructura con tiendas, restaurantes y bares, lavander\u00eda, ba\u00f1os, canchas de tenis y piscinas. <\/p>\n<p>Dubrovnik es el punto de partida para cruceros en ch\u00e1rter en el sur de Dalmacia, en el peque\u00f1o archipi\u00e9lago de Elaphit o para los cruceros de sentido \u00fanico a Split y Trogir.<\/p>\n<p><strong>Yates de ch\u00e1rter Dubrovnik:<\/strong> Para alquiler de barcos, hay varias flotas de veleros en Dubrovnik de 32 &#8211; 54 pies y tambi\u00e9n de catamaranes.<\/p>\n","protected":false},"excerpt":{"rendered":"<p>Alquiler de barcos Dubrovnik &quot;Perla del Adri\u00e1tico&quot; o &quot;Atenas de Croacia&quot; se refiere a menudo al destino de alquiler de barcos Dubrovnik. La ciudad en el sur de Dalmacia, que durante siglos desempe\u00f1\u00f3 una funci\u00f3n importante en la cultura, la pol\u00edtica y el comercio, ya desde hace d\u00e9cadas ha sido<\/p>\n","protected":false},"author":11,"featured_media":0,"parent":649,"menu_order":0,"comment_status":"open","ping_status":"open","template":"","meta":[],"aioseo_notices":[],"_links":{"self":[{"href":"https:\/\/yachtcharter-connection.com\/es\/wp-json\/wp\/v2\/pages\/1599"}],"collection":[{"href":"https:\/\/yachtcharter-connection.com\/es\/wp-json\/wp\/v2\/pages"}],"about":[{"href":"https:\/\/yachtcharter-connection.com\/es\/wp-json\/wp\/v2\/types\/page"}],"author":[{"embeddable":true,"href":"https:\/\/yachtcharter-connection.com\/es\/wp-json\/wp\/v2\/users\/11"}],"replies":[{"embeddable":true,"href":"https:\/\/yachtcharter-connection.com\/es\/wp-json\/wp\/v2\/comments?post=1599"}],"version-history":[{"count":1,"href":"https:\/\/yachtcharter-connection.com\/es\/wp-json\/wp\/v2\/pages\/1599\/revisions"}],"predecessor-version":[{"id":14114,"href":"https:\/\/yachtcharter-connection.com\/es\/wp-json\/wp\/v2\/pages\/1599\/revisions\/14114"}],"up":[{"embeddable":true,"href":"https:\/\/yachtcharter-connection.com\/es\/wp-json\/wp\/v2\/pages\/649"}],"wp:attachment":[{"href":"https:\/\/yachtcharter-connection.com\/es\/wp-json\/wp\/v2\/media?parent=1599"}],"curies":[{"name":"wp","href":"https:\/\/api.w.org\/{rel}","templated":true}]}}