{"id":1600,"date":"2015-08-10T05:53:49","date_gmt":"2015-08-10T05:53:49","guid":{"rendered":"http:\/\/yachtcharter-connection.com.w01e47c6.kasserver.com\/murter-127\/"},"modified":"2017-07-14T17:40:59","modified_gmt":"2017-07-14T15:40:59","slug":"murter-127","status":"publish","type":"page","link":"https:\/\/yachtcharter-connection.com\/es\/regiones\/mediterraneo\/alquiler-barcos-adriatico-norte\/murter-127\/","title":{"rendered":"Murter"},"content":{"rendered":"<h3>Alquiler de barcos Murter<\/h3>\n<p>\n<img class=\"content-image\"  src=\"https:\/\/yachtcharter-connection.com\/wp-content\/uploads\/converted_files\/20124\/20124-5624e0b82ead5.jpg\" alt=\"Alquiler de barcos Kornati-Murter.jpg\" style=\"width: 300px; height: 201px;\" \/>La isla de Murter (con el pueblo principal con el mismo nombre) se encuentra en el noroeste del archipi\u00e9lago de <a href=\"~\/Alquiler_barcos_croacia\/sibenik.html\">Sibenik<\/a> en el centro de Dalmacia y es un punto muy popular de partida para cruceros de <a href=\"~\/Alquiler_barcos_croacia.html\">alquiler de barcos en las Islas Kornati<\/a>. Las triplaciones de alquiler de barcos en Murter llegan a sus veleros en Murter a trav\u00e9s del aeropuerto de Zadar aeropuerto o en coche: La isla est\u00e1 conectada con el continente en la ciudad de Tisno en el sureste con un puente que conduce a trav\u00e9s del canal de mar que aqu\u00ed tiene s\u00f3lo 20 metros de ancho.<\/p>\n<p>Murter ya estaba habitada por los ilirios &#8211; las ciudades de Murter, Jezero y Veliko Selo ya se mencionaron en el siglo 13. El casco antiguo de Murter se encuentra cerca de la colina Raduc, con 125 metros el pico m\u00e1s alto de la isla. La ciudad se extiende a las bah\u00edas de Hramina, bien protegida hacia el viento en todas direcciones, y de Slanica con una de las playas m\u00e1s hermosas de la Riviera de Sibenik. En Murter, hay varias calas de arena junto con muchas playas de guijarros.<\/p>\n<p>Muchas de las islas del archipi\u00e9lago de Kornati son propiedad de los habitantes de Murter: los agricultores que cultivaban las aceitunas y el vino compraron en el siglo 19 muchas islas y propiedades frente al mar, muchos trabajaban entonces como pescadores y constructores de barcos. Hoy el turismo de ch\u00e1rter de yates en el Kornati archipi\u00e9lago es el sector econ\u00f3mico m\u00e1s importante. Los equipos de alquiler de barcos en Murter pueden descubrir varias viejas iglesias , pero tambi\u00e9n disfrutar mucho de la naturaleza original.<\/p>\n<p>La mayor\u00eda de los bases de ch\u00e1rter de yates Murter se encuentran en Marina Hramina, m\u00e1s puertos deportivos se encuentran en Betina y <a href=\"~\/Alquiler_barcos_croacia\/jezera.html\">Jezera (ACI Marina)<\/a>. En Tisno, los equipos de <a href=\"~\/Alquiler_barcos_croacia.html\">alquiler de barcos Dalmacia<\/a> pueden encontrar amarres bastante en el centro de la villa para pasear por la ciudad o visitar un caf\u00e9. El puerto deportivo de Murter Marina Hramina ofrece todas las facilidades de servicio. El centro y la plaza del pueblo de Murter con restaurantes, caf\u00e9s y tiendas, no est\u00e1n muy lejos de las bases de alquiler de barcos Murter.<\/p>\n<p><strong>Ch\u00e1rter de yates en Murter:<\/strong> Para las tripulaciones de alquiler de barcos en Kornati, hay una gran flota de yates de vela en Murter disponible, incluidos los veleros de Bavaria, yates de Elan, Beneteau First y catamaranes Lagoon.<\/p>\n","protected":false},"excerpt":{"rendered":"<p>Alquiler de barcos Murter La isla de Murter (con el pueblo principal con el mismo nombre) se encuentra en el noroeste del archipi\u00e9lago de Sibenik en el centro de Dalmacia y es un punto muy popular de partida para cruceros de alquiler de barcos en las Islas Kornati. Las triplaciones<\/p>\n","protected":false},"author":11,"featured_media":0,"parent":662,"menu_order":0,"comment_status":"open","ping_status":"open","template":"","meta":[],"aioseo_notices":[],"_links":{"self":[{"href":"https:\/\/yachtcharter-connection.com\/es\/wp-json\/wp\/v2\/pages\/1600"}],"collection":[{"href":"https:\/\/yachtcharter-connection.com\/es\/wp-json\/wp\/v2\/pages"}],"about":[{"href":"https:\/\/yachtcharter-connection.com\/es\/wp-json\/wp\/v2\/types\/page"}],"author":[{"embeddable":true,"href":"https:\/\/yachtcharter-connection.com\/es\/wp-json\/wp\/v2\/users\/11"}],"replies":[{"embeddable":true,"href":"https:\/\/yachtcharter-connection.com\/es\/wp-json\/wp\/v2\/comments?post=1600"}],"version-history":[{"count":1,"href":"https:\/\/yachtcharter-connection.com\/es\/wp-json\/wp\/v2\/pages\/1600\/revisions"}],"predecessor-version":[{"id":14147,"href":"https:\/\/yachtcharter-connection.com\/es\/wp-json\/wp\/v2\/pages\/1600\/revisions\/14147"}],"up":[{"embeddable":true,"href":"https:\/\/yachtcharter-connection.com\/es\/wp-json\/wp\/v2\/pages\/662"}],"wp:attachment":[{"href":"https:\/\/yachtcharter-connection.com\/es\/wp-json\/wp\/v2\/media?parent=1600"}],"curies":[{"name":"wp","href":"https:\/\/api.w.org\/{rel}","templated":true}]}}