{"id":1604,"date":"2015-08-10T05:53:49","date_gmt":"2015-08-10T05:53:49","guid":{"rendered":"http:\/\/yachtcharter-connection.com.w01e47c6.kasserver.com\/pula-288\/"},"modified":"2017-07-21T11:14:52","modified_gmt":"2017-07-21T09:14:52","slug":"pula-288","status":"publish","type":"page","link":"https:\/\/yachtcharter-connection.com\/es\/regiones\/mediterraneo\/alquiler-barcos-adriatico-norte\/pula-288\/","title":{"rendered":"Pula"},"content":{"rendered":"<h3>Alquiler de barcos Pula<\/h3>\n<p>\n<img loading=\"lazy\" class=\"content-image\"  width=\"300\" height=\"225\" src=\"https:\/\/yachtcharter-connection.com\/wp-content\/uploads\/converted_files\/20128\/20128-5624e0bfb990c.jpg\" alt=\"Croacia_Istria_Pula_Marina-Veruda\" \/>En Pula se encuentran las bases de ch\u00e1rter m\u00e1s grandes de Istria: en la marina Veruda, excelentemente equipada, pero tambi\u00e9n en el puerto. El Coliseo Romano de Pula es bien conocido. <\/p>\n<p>Si est\u00e1 en Pula, deber\u00eda tomar el camino hacia el norte, hacia Rovinj. Despu\u00e9s se recomienda visitar la isla Brioni. Todo el archipi\u00e9lago de Brioni, con sus catorce islas, es un parque nacional. <\/p>\n<p>La isla principal era el lugar de vacaciones de Tito, quien ten\u00eda aqu\u00ed su propio zoo, con jirafas, elefantes, y dem\u00e1s. Las construcciones nos siguen recordando el pasado socialista, las zonas de parques son maravillosas, hay un tren para turistas que recorre la zona, y todav\u00eda podemos ver a algunos descendientes de aquellos ex\u00f3ticos africanos. <\/p>\n","protected":false},"excerpt":{"rendered":"<p>Alquiler de barcos Pula En Pula se encuentran las bases de ch\u00e1rter m\u00e1s grandes de Istria: en la marina Veruda, excelentemente equipada, pero tambi\u00e9n en el puerto. El Coliseo Romano de Pula es bien conocido. Si est\u00e1 en Pula, deber\u00eda tomar el camino hacia el norte, hacia Rovinj. Despu\u00e9s se<\/p>\n","protected":false},"author":11,"featured_media":0,"parent":662,"menu_order":0,"comment_status":"open","ping_status":"open","template":"","meta":[],"aioseo_notices":[],"_links":{"self":[{"href":"https:\/\/yachtcharter-connection.com\/es\/wp-json\/wp\/v2\/pages\/1604"}],"collection":[{"href":"https:\/\/yachtcharter-connection.com\/es\/wp-json\/wp\/v2\/pages"}],"about":[{"href":"https:\/\/yachtcharter-connection.com\/es\/wp-json\/wp\/v2\/types\/page"}],"author":[{"embeddable":true,"href":"https:\/\/yachtcharter-connection.com\/es\/wp-json\/wp\/v2\/users\/11"}],"replies":[{"embeddable":true,"href":"https:\/\/yachtcharter-connection.com\/es\/wp-json\/wp\/v2\/comments?post=1604"}],"version-history":[{"count":1,"href":"https:\/\/yachtcharter-connection.com\/es\/wp-json\/wp\/v2\/pages\/1604\/revisions"}],"predecessor-version":[{"id":14155,"href":"https:\/\/yachtcharter-connection.com\/es\/wp-json\/wp\/v2\/pages\/1604\/revisions\/14155"}],"up":[{"embeddable":true,"href":"https:\/\/yachtcharter-connection.com\/es\/wp-json\/wp\/v2\/pages\/662"}],"wp:attachment":[{"href":"https:\/\/yachtcharter-connection.com\/es\/wp-json\/wp\/v2\/media?parent=1604"}],"curies":[{"name":"wp","href":"https:\/\/api.w.org\/{rel}","templated":true}]}}