{"id":1606,"date":"2015-08-10T05:53:49","date_gmt":"2015-08-10T05:53:49","guid":{"rendered":"http:\/\/yachtcharter-connection.com.w01e47c6.kasserver.com\/rogoznica-827\/"},"modified":"2017-07-21T11:50:51","modified_gmt":"2017-07-21T09:50:51","slug":"rogoznica-827","status":"publish","type":"page","link":"https:\/\/yachtcharter-connection.com\/es\/regiones\/mediterraneo\/alquiler-barcos-adriatico-del-sud\/rogoznica-827\/","title":{"rendered":"Rogoznica"},"content":{"rendered":"<h3>Alquiler de barcos Rogoznica &#8211; Marina Frapa<\/h3>\n<p>\n<img class=\"content-image\"  src=\"https:\/\/yachtcharter-connection.com\/wp-content\/uploads\/converted_files\/20130\/20130-5624e0c12e2a6.jpg\" alt=\"Alquiler-barcos-Croacia-Rogoznica-Marina-Frapa.JPG\" style=\"width: 300px; height: 188px;\" \/>Para los viajes en yates de ch\u00e1rter desde Rogoznica que se encuentra entre Split y Sibenik, el moderno puerto deportivo Marina Frapa ofrece el entorno perfecto como puerto de embarque. La privada Marina Frapa se presenta con un dise\u00f1o elegante &#8211; invitaci\u00f3n para pasar las noches all\u00ed en el club de capitanes, en los bares de sushi y champa\u00f1a o en los excelentes restaurantes.<\/p>\n<p>Los habitantes de la peque\u00f1a aldea de Rogoznica, situada en una isla que est\u00e1 conectada  con la costa, sol\u00edan vivir como pescadores. Hoy en d\u00eda el turismo es mucho m\u00e1s importante.<\/p>\n<p>Tripulaciones en barcos alquilados en Rogoznica pueden explorar el archipi\u00e9lago de Kornati hacia el norte &#8211; o navegar hacia el sur para visitar las hermosas ciudades de Trogir y Split y explorar las islas de Hvar, Brac o Hvis.<\/p>\n<p>Para alquiler de yates en Rogoznica, hay veleros y catamaranes disponibles, as\u00ed como yates de lujo.<\/p>\n<p><img class=\"content-image\"  src=\"https:\/\/yachtcharter-connection.com\/wp-content\/uploads\/converted_files\/20130\/20130-5624e0c259c18.jpg\" alt=\"Croacia-Rogoznica-puerto-deportivo-Marina-Frapa-Reception.JPG\" style=\"width: 300px; height: 225px;\" \/><\/p>\n","protected":false},"excerpt":{"rendered":"<p>Alquiler de barcos Rogoznica &#8211; Marina Frapa Para los viajes en yates de ch\u00e1rter desde Rogoznica que se encuentra entre Split y Sibenik, el moderno puerto deportivo Marina Frapa ofrece el entorno perfecto como puerto de embarque. La privada Marina Frapa se presenta con un dise\u00f1o elegante &#8211; invitaci\u00f3n para<\/p>\n","protected":false},"author":11,"featured_media":0,"parent":649,"menu_order":0,"comment_status":"open","ping_status":"open","template":"","meta":[],"aioseo_notices":[],"_links":{"self":[{"href":"https:\/\/yachtcharter-connection.com\/es\/wp-json\/wp\/v2\/pages\/1606"}],"collection":[{"href":"https:\/\/yachtcharter-connection.com\/es\/wp-json\/wp\/v2\/pages"}],"about":[{"href":"https:\/\/yachtcharter-connection.com\/es\/wp-json\/wp\/v2\/types\/page"}],"author":[{"embeddable":true,"href":"https:\/\/yachtcharter-connection.com\/es\/wp-json\/wp\/v2\/users\/11"}],"replies":[{"embeddable":true,"href":"https:\/\/yachtcharter-connection.com\/es\/wp-json\/wp\/v2\/comments?post=1606"}],"version-history":[{"count":1,"href":"https:\/\/yachtcharter-connection.com\/es\/wp-json\/wp\/v2\/pages\/1606\/revisions"}],"predecessor-version":[{"id":14126,"href":"https:\/\/yachtcharter-connection.com\/es\/wp-json\/wp\/v2\/pages\/1606\/revisions\/14126"}],"up":[{"embeddable":true,"href":"https:\/\/yachtcharter-connection.com\/es\/wp-json\/wp\/v2\/pages\/649"}],"wp:attachment":[{"href":"https:\/\/yachtcharter-connection.com\/es\/wp-json\/wp\/v2\/media?parent=1606"}],"curies":[{"name":"wp","href":"https:\/\/api.w.org\/{rel}","templated":true}]}}