{"id":1607,"date":"2014-06-27T17:27:17","date_gmt":"2014-06-27T17:27:17","guid":{"rendered":"http:\/\/yachtcharter-connection.com.w01e47c6.kasserver.com\/rovinj-783\/"},"modified":"2016-10-29T22:00:26","modified_gmt":"2016-10-29T20:00:26","slug":"rovinj-783","status":"publish","type":"page","link":"https:\/\/yachtcharter-connection.com\/es\/regiones\/mediterraneo\/alquiler-barcos-adriatico-norte\/rovinj-783\/","title":{"rendered":"Rovinj"},"content":{"rendered":"<h3>Alquiler de barcos Rovinj<\/h3>\n<p>\n<img class=\"content-image\"  src=\"https:\/\/yachtcharter-connection.com\/wp-content\/uploads\/converted_files\/20131\/20131-5624e0c3999a6.jpg\" alt=\"Alquiler de barcos_Croacia_Istria_Rovinj.jpg\" style=\"width: 300px; height: 452px;\" \/>Desde el destino de ch\u00e1rter de yates Rovinj existe, ya desde el siglo XIX un enlace ferroviario a Viena. La ciudad Rovinj que tiene varias bases de alquiler de barcos Istria era un centro balneario cl\u00e1sico en la \u00e9poca austro-h\u00fangara. Esta pintoresca  ciudad es famosa por sus estrechas callejuelas, por las numerosas galer\u00edas en las que podemos observar la obra de tantos artistas afincados aqu\u00ed, por sus caf\u00e9s y tabernas, y por el campanario de Santa Eufemia, situado en la pen\u00ednsula de Monterosso, que se levanta sobre la ciudad. <\/p>\n<p>A pesar de las trece islas que encontramos en el camino, navegar hasta el destino de alquiler de barcos Rovinj no es nada dif\u00edcil.<\/p>\n<p>Ch\u00e1rter de yates Rovinj: Para los viajes en ch\u00e1rter en Istria, hay una flota de veleros en Rovinj &#8211; preguntenos por ofertas.<\/p>\n","protected":false},"excerpt":{"rendered":"<p>Alquiler de barcos Rovinj Desde el destino de ch\u00e1rter de yates Rovinj existe, ya desde el siglo XIX un enlace ferroviario a Viena. La ciudad Rovinj que tiene varias bases de alquiler de barcos Istria era un centro balneario cl\u00e1sico en la \u00e9poca austro-h\u00fangara. Esta pintoresca ciudad es famosa por<\/p>\n","protected":false},"author":11,"featured_media":0,"parent":662,"menu_order":0,"comment_status":"open","ping_status":"open","template":"","meta":[],"aioseo_notices":[],"_links":{"self":[{"href":"https:\/\/yachtcharter-connection.com\/es\/wp-json\/wp\/v2\/pages\/1607"}],"collection":[{"href":"https:\/\/yachtcharter-connection.com\/es\/wp-json\/wp\/v2\/pages"}],"about":[{"href":"https:\/\/yachtcharter-connection.com\/es\/wp-json\/wp\/v2\/types\/page"}],"author":[{"embeddable":true,"href":"https:\/\/yachtcharter-connection.com\/es\/wp-json\/wp\/v2\/users\/11"}],"replies":[{"embeddable":true,"href":"https:\/\/yachtcharter-connection.com\/es\/wp-json\/wp\/v2\/comments?post=1607"}],"version-history":[{"count":1,"href":"https:\/\/yachtcharter-connection.com\/es\/wp-json\/wp\/v2\/pages\/1607\/revisions"}],"predecessor-version":[{"id":14160,"href":"https:\/\/yachtcharter-connection.com\/es\/wp-json\/wp\/v2\/pages\/1607\/revisions\/14160"}],"up":[{"embeddable":true,"href":"https:\/\/yachtcharter-connection.com\/es\/wp-json\/wp\/v2\/pages\/662"}],"wp:attachment":[{"href":"https:\/\/yachtcharter-connection.com\/es\/wp-json\/wp\/v2\/media?parent=1607"}],"curies":[{"name":"wp","href":"https:\/\/api.w.org\/{rel}","templated":true}]}}