{"id":1608,"date":"2015-08-10T05:53:49","date_gmt":"2015-08-10T05:53:49","guid":{"rendered":"http:\/\/yachtcharter-connection.com.w01e47c6.kasserver.com\/sibenik-598\/"},"modified":"2016-10-29T22:00:27","modified_gmt":"2016-10-29T20:00:27","slug":"sibenik-598","status":"publish","type":"page","link":"https:\/\/yachtcharter-connection.com\/es\/regiones\/mediterraneo\/alquiler-barcos-adriatico-norte\/sibenik-598\/","title":{"rendered":"Sibenik"},"content":{"rendered":"<h3>Alquiler de barcos Sibenik<\/h3>\n<p>\n<img loading=\"lazy\" class=\"content-image\"  height=\"163\" width=\"300\" src=\"https:\/\/yachtcharter-connection.com\/wp-content\/uploads\/converted_files\/20134\/20134-5624e0c5328d8.jpg\" alt=\"C\u00e1scadas Krka - Croacia\" \/>Sibenik, donde varias grandes bases de Alquiler de barcos ofrecen una amplia gama de veleros y de barcos de motor, es un punto de partida ideal para una traves\u00eda al archipi\u00e9lago de Kornati as\u00ed como a Dalmacia media y meridional. La ciudad fundida hace casi 1000 a\u00f1os se sit\u00faa cerca de donde el r\u00edo Krka fluye en el mar adri\u00e1tico &#8211; en un puerto natural grande con varios puertos deportivos. La catedral de Sibenik, Sveti Jakov, fue construida totalmente del m\u00e1rmol blanco de la isla Brac entre 1431 y 1555 con los elementos del estilo del renacimiento y del g\u00f3tico. Es parte del patrimonio cultural del mundo de la UNESCO hoy. Cuatro fortalezas viejas esperan a visitantes. La fortaleza de St.Nikolaus guarda el acceso del mar adri\u00e1tico, mirando de la fortaleza Santa Ana usted tiene una mirada maravillosa en la ciudad vieja: Aqu\u00ed los carriles estrechos enga\u00f1an con los palacios venecianos y las iglesias numerosas para darun paseo. <\/p>\n<p>La mayor\u00eda de los equipos de ch\u00e1rter va a hacer una excursi\u00f3n al parque nacional de Krka con sus cascadas famosas: los viajes del d\u00eda se pueden reservar directamente en Sibenk &#8211; o usted toma su yate de ch\u00e1rter y navega el r\u00edo hasta el puerto deportivo Skradin. <br type=\"_moz\" \/><\/p>\n","protected":false},"excerpt":{"rendered":"<p>Alquiler de barcos Sibenik Sibenik, donde varias grandes bases de Alquiler de barcos ofrecen una amplia gama de veleros y de barcos de motor, es un punto de partida ideal para una traves\u00eda al archipi\u00e9lago de Kornati as\u00ed como a Dalmacia media y meridional. La ciudad fundida hace casi 1000<\/p>\n","protected":false},"author":11,"featured_media":0,"parent":662,"menu_order":0,"comment_status":"open","ping_status":"open","template":"","meta":[],"aioseo_notices":[],"_links":{"self":[{"href":"https:\/\/yachtcharter-connection.com\/es\/wp-json\/wp\/v2\/pages\/1608"}],"collection":[{"href":"https:\/\/yachtcharter-connection.com\/es\/wp-json\/wp\/v2\/pages"}],"about":[{"href":"https:\/\/yachtcharter-connection.com\/es\/wp-json\/wp\/v2\/types\/page"}],"author":[{"embeddable":true,"href":"https:\/\/yachtcharter-connection.com\/es\/wp-json\/wp\/v2\/users\/11"}],"replies":[{"embeddable":true,"href":"https:\/\/yachtcharter-connection.com\/es\/wp-json\/wp\/v2\/comments?post=1608"}],"version-history":[{"count":1,"href":"https:\/\/yachtcharter-connection.com\/es\/wp-json\/wp\/v2\/pages\/1608\/revisions"}],"predecessor-version":[{"id":14162,"href":"https:\/\/yachtcharter-connection.com\/es\/wp-json\/wp\/v2\/pages\/1608\/revisions\/14162"}],"up":[{"embeddable":true,"href":"https:\/\/yachtcharter-connection.com\/es\/wp-json\/wp\/v2\/pages\/662"}],"wp:attachment":[{"href":"https:\/\/yachtcharter-connection.com\/es\/wp-json\/wp\/v2\/media?parent=1608"}],"curies":[{"name":"wp","href":"https:\/\/api.w.org\/{rel}","templated":true}]}}