{"id":1609,"date":"2015-08-10T05:53:49","date_gmt":"2015-08-10T05:53:49","guid":{"rendered":"http:\/\/yachtcharter-connection.com.w01e47c6.kasserver.com\/sukosan-957\/"},"modified":"2017-07-15T01:12:12","modified_gmt":"2017-07-14T23:12:12","slug":"sukosan-957","status":"publish","type":"page","link":"https:\/\/yachtcharter-connection.com\/es\/regiones\/mediterraneo\/alquiler-barcos-adriatico-norte\/sukosan-957\/","title":{"rendered":"Sukosan"},"content":{"rendered":"<h3>{#keyword} Sukosan &#8211; Marina Dalmacija<\/h3>\n<p>\n<img loading=\"lazy\" class=\"content-image\"  height=\"200\" width=\"300\" alt=\"Navegar_Croacia_Kornati_archipielago_Sukosan\" src=\"https:\/\/yachtcharter-connection.com\/wp-content\/uploads\/converted_files\/20137\/20137-5624e0c6a195a.jpg\" \/>La peque\u00f1a ciudad Sukosan est\u00e1 aproximadamente siete kil\u00f3metros de sur de Zadar en una bah\u00eda con las playas agradables, el mar con la tierra arenosa abaja suavemente. La gente vive de la agricultura, de las aceitunas, de la fruta y del vino &#8211; y hoy en d\u00eda por supuesto del turismo. El puerto deportivo gigantesco Marina Dalmacija es uno de los centros n\u00e1uticos esenciales del mar adri\u00e1tico y base para muchas companias deAlquiler de barcos. <\/p>\n<p>El puerto deportivo est\u00e1 situado cerca de la ciudad en una bah\u00eda protegida entre Bibinje y Sukosan que forme un puerto natural. Los pantalanes numerosos salen de la orilla, adem\u00e1s, una plataforma  semicircular en el agua ofrece muchos amarres en la entrada del puerto. De la bah\u00eda usted tiene una vista agradable a la ciudad. <\/p>\n<p>Sukosan es punto de partida para los que viajan en ch\u00e1rter para cruzar el archipi\u00e9lago de Kornati y navegar a los parques nacionales Krka o Paklenica &#8211;  como Zadar, Biograd o Sibenik. En Sukosan, los navegantes de veleros y los capitanes que prefieren los barcos de motor tienen una flota muy grande para elegir sus yates de ch\u00e1rter en Sukosan.<\/p>\n","protected":false},"excerpt":{"rendered":"<p>{#keyword} Sukosan &#8211; Marina Dalmacija La peque\u00f1a ciudad Sukosan est\u00e1 aproximadamente siete kil\u00f3metros de sur de Zadar en una bah\u00eda con las playas agradables, el mar con la tierra arenosa abaja suavemente. La gente vive de la agricultura, de las aceitunas, de la fruta y del vino &#8211; y hoy<\/p>\n","protected":false},"author":11,"featured_media":0,"parent":662,"menu_order":0,"comment_status":"open","ping_status":"open","template":"","meta":[],"aioseo_notices":[],"_links":{"self":[{"href":"https:\/\/yachtcharter-connection.com\/es\/wp-json\/wp\/v2\/pages\/1609"}],"collection":[{"href":"https:\/\/yachtcharter-connection.com\/es\/wp-json\/wp\/v2\/pages"}],"about":[{"href":"https:\/\/yachtcharter-connection.com\/es\/wp-json\/wp\/v2\/types\/page"}],"author":[{"embeddable":true,"href":"https:\/\/yachtcharter-connection.com\/es\/wp-json\/wp\/v2\/users\/11"}],"replies":[{"embeddable":true,"href":"https:\/\/yachtcharter-connection.com\/es\/wp-json\/wp\/v2\/comments?post=1609"}],"version-history":[{"count":1,"href":"https:\/\/yachtcharter-connection.com\/es\/wp-json\/wp\/v2\/pages\/1609\/revisions"}],"predecessor-version":[{"id":14163,"href":"https:\/\/yachtcharter-connection.com\/es\/wp-json\/wp\/v2\/pages\/1609\/revisions\/14163"}],"up":[{"embeddable":true,"href":"https:\/\/yachtcharter-connection.com\/es\/wp-json\/wp\/v2\/pages\/662"}],"wp:attachment":[{"href":"https:\/\/yachtcharter-connection.com\/es\/wp-json\/wp\/v2\/media?parent=1609"}],"curies":[{"name":"wp","href":"https:\/\/api.w.org\/{rel}","templated":true}]}}