{"id":1610,"date":"2015-08-10T05:53:49","date_gmt":"2015-08-10T05:53:49","guid":{"rendered":"http:\/\/yachtcharter-connection.com.w01e47c6.kasserver.com\/trogir-185\/"},"modified":"2019-04-07T18:58:33","modified_gmt":"2019-04-07T16:58:33","slug":"trogir-185","status":"publish","type":"page","link":"https:\/\/yachtcharter-connection.com\/es\/regiones\/mediterraneo\/alquiler-barcos-adriatico-del-sud\/trogir-185\/","title":{"rendered":"Trogir"},"content":{"rendered":"<h1><strong>Alquiler de barcos Trogir &#8211; yates de lujo, goletas \/ motoveleros, veleros, catamaranes<\/strong><\/h1>\n<p><a href=\"https:\/\/yachtcharter-connection.com\/wp-content\/uploads\/2019\/04\/Trogir-600px.jpg\"><img loading=\"lazy\" class=\"size-full wp-image-27482 aligncenter\" src=\"https:\/\/yachtcharter-connection.com\/wp-content\/uploads\/2019\/04\/Trogir-600px.jpg\" alt=\"Yacht charters Trogir - Croatia\" width=\"600\" height=\"341\" srcset=\"https:\/\/yachtcharter-connection.com\/wp-content\/uploads\/2019\/04\/Trogir-600px.jpg 600w, https:\/\/yachtcharter-connection.com\/wp-content\/uploads\/2019\/04\/Trogir-600px-300x171.jpg 300w\" sizes=\"(max-width: 600px) 100vw, 600px\" \/><\/a><\/p>\n<p>Si el viaje en charter comienza en Trogir, puede viajar c\u00f3moda y r\u00e1pidamente por el aeropuerto de Split. Nada m\u00e1s llegar al casco antiguo de la ciudad, declarada por la UNESCO Patrimonio de la Humanidad, se sentir\u00e1 transportado a la Edad Media.<\/p>\n<p>El antiguo n\u00facleo urbano de Trogir est\u00e1 situado sobre una isla y se comunica con el continente a trav\u00e9s de puente de piedra. Hay adem\u00e1s otro puente levadizo que lleva a la isla de Ciovo. La antigua ciudad de estilo rom\u00e1nico con influjo g\u00f3tico es una de las mejor conservadas de este estilo en todo el Este de Europa. Encontramos la antigua muralla y puerta de acceso a la ciudad, la fabulosa iglesia de San Lorenzo, el palacio ducal y la catedral del siglo XIII, y el palacio Cipico del siglo XV. Es casi obligatorio darse un paseo por el entramado de callejuelas del centro de la ciudad y disfrutar de la vista que se obtiene desde la fortaleza de Kamerlengo.<\/p>\n<p><strong>Hay muy grandes flotas de yates en Trogir: yates a motor, yates de lujo, goletas, veleros y catamaranes. Tienen su base en la ACI-marina que es muy bien equipada, en Seget Donji y otros puerto deportivos en Trogir<\/strong><\/p>\n<p>Hay muchas hermosas calas y marinas muy cerca.Trogir es el perfecto puerto de embarque para navegar a las islas de Dalmacia como Solta, Brac, Hvar, Vis, Korcula y m\u00e1s&#8230;<\/p>\n<p>&nbsp;<\/p>\n","protected":false},"excerpt":{"rendered":"<p>Alquiler de barcos Trogir &#8211; yates de lujo, goletas \/ motoveleros, veleros, catamaranes Si el viaje en charter comienza en Trogir, puede viajar c\u00f3moda y r\u00e1pidamente por el aeropuerto de Split. Nada m\u00e1s llegar al casco antiguo de la ciudad, declarada por la UNESCO Patrimonio de la Humanidad, se sentir\u00e1<\/p>\n","protected":false},"author":11,"featured_media":0,"parent":649,"menu_order":0,"comment_status":"open","ping_status":"open","template":"","meta":[],"aioseo_notices":[],"_links":{"self":[{"href":"https:\/\/yachtcharter-connection.com\/es\/wp-json\/wp\/v2\/pages\/1610"}],"collection":[{"href":"https:\/\/yachtcharter-connection.com\/es\/wp-json\/wp\/v2\/pages"}],"about":[{"href":"https:\/\/yachtcharter-connection.com\/es\/wp-json\/wp\/v2\/types\/page"}],"author":[{"embeddable":true,"href":"https:\/\/yachtcharter-connection.com\/es\/wp-json\/wp\/v2\/users\/11"}],"replies":[{"embeddable":true,"href":"https:\/\/yachtcharter-connection.com\/es\/wp-json\/wp\/v2\/comments?post=1610"}],"version-history":[{"count":3,"href":"https:\/\/yachtcharter-connection.com\/es\/wp-json\/wp\/v2\/pages\/1610\/revisions"}],"predecessor-version":[{"id":27488,"href":"https:\/\/yachtcharter-connection.com\/es\/wp-json\/wp\/v2\/pages\/1610\/revisions\/27488"}],"up":[{"embeddable":true,"href":"https:\/\/yachtcharter-connection.com\/es\/wp-json\/wp\/v2\/pages\/649"}],"wp:attachment":[{"href":"https:\/\/yachtcharter-connection.com\/es\/wp-json\/wp\/v2\/media?parent=1610"}],"curies":[{"name":"wp","href":"https:\/\/api.w.org\/{rel}","templated":true}]}}